{"id":493,"date":"2026-03-19T22:59:55","date_gmt":"2026-03-19T21:59:55","guid":{"rendered":"https:\/\/lamelin2.infit.com.pl\/?post_type=product&#038;p=493"},"modified":"2026-04-21T17:34:58","modified_gmt":"2026-04-21T15:34:58","slug":"lamelin-pure-krem-z-e-g-f","status":"publish","type":"product","link":"https:\/\/lamelin2.infit.com.pl\/?product=lamelin-pure-krem-z-e-g-f","title":{"rendered":"LAMELIN Pure Krem z E.G.F"},"content":{"rendered":"<p>Pure Cream Krem z EGF 50 ml<\/p>\n<h3>Polecany dla<\/h3>\n<ul>\n<li>Os\u00f3b potrzebuj\u0105cych g\u0142\u0119bokiego nawil\u017cenia<\/li>\n<li>Os\u00f3b szukaj\u0105cych lekkiego i delikatnego kremu<\/li>\n<\/ul>\n<h3>G\u0142\u00f3wne sk\u0142adniki<\/h3>\n<ul>\n<li>SH-Oligopeptyd-1<\/li>\n<li>Adenozyna<\/li>\n<li>Hialuronian sodu<\/li>\n<\/ul>\n","protected":false},"excerpt":{"rendered":"<p>Delikatny krem o czystej formule, kt\u00f3ry skutecznie redukuje zmarszczki i wyg\u0142adza struktur\u0119 sk\u00f3ry.<br \/>\nDwufunkcyjny kosmetyk przeciwzmarszczkowy i rozja\u015bniaj\u0105cy<\/p>\n","protected":false},"featured_media":0,"comment_status":"open","ping_status":"closed","template":"","meta":{"_kad_blocks_custom_css":"","_kad_blocks_head_custom_js":"","_kad_blocks_body_custom_js":"","_kad_blocks_footer_custom_js":"","_kad_post_transparent":"default","_kad_post_title":"","_kad_post_layout":"default","_kad_post_sidebar_id":"","_kad_post_content_style":"default","_kad_post_vertical_padding":"default","_kad_post_feature":"","_kad_post_feature_position":"","_kad_post_header":false,"_kad_post_footer":false,"_kad_post_classname":""},"product_brand":[],"product_cat":[16],"product_tag":[59],"class_list":{"0":"post-493","1":"product","2":"type-product","3":"status-publish","5":"product_cat-pielegnacja-skory","6":"product_tag-promowane","8":"first","9":"instock","10":"taxable","11":"shipping-taxable","12":"purchasable","13":"product-type-simple","14":"entry","15":"content-bg","16":"loop-entry"},"taxonomy_info":{"product_cat":[{"value":16,"label":"Piel\u0119gnacja sk\u00f3ry"}],"product_tag":[{"value":59,"label":"Promowane"}]},"featured_image_src_large":false,"author_info":[],"comment_info":0,"_links":{"self":[{"href":"https:\/\/lamelin2.infit.com.pl\/index.php?rest_route=\/wp\/v2\/product\/493","targetHints":{"allow":["GET"]}}],"collection":[{"href":"https:\/\/lamelin2.infit.com.pl\/index.php?rest_route=\/wp\/v2\/product"}],"about":[{"href":"https:\/\/lamelin2.infit.com.pl\/index.php?rest_route=\/wp\/v2\/types\/product"}],"replies":[{"embeddable":true,"href":"https:\/\/lamelin2.infit.com.pl\/index.php?rest_route=%2Fwp%2Fv2%2Fcomments&post=493"}],"wp:attachment":[{"href":"https:\/\/lamelin2.infit.com.pl\/index.php?rest_route=%2Fwp%2Fv2%2Fmedia&parent=493"}],"wp:term":[{"taxonomy":"product_brand","embeddable":true,"href":"https:\/\/lamelin2.infit.com.pl\/index.php?rest_route=%2Fwp%2Fv2%2Fproduct_brand&post=493"},{"taxonomy":"product_cat","embeddable":true,"href":"https:\/\/lamelin2.infit.com.pl\/index.php?rest_route=%2Fwp%2Fv2%2Fproduct_cat&post=493"},{"taxonomy":"product_tag","embeddable":true,"href":"https:\/\/lamelin2.infit.com.pl\/index.php?rest_route=%2Fwp%2Fv2%2Fproduct_tag&post=493"}],"curies":[{"name":"wp","href":"https:\/\/api.w.org\/{rel}","templated":true}]}}