{"id":481,"date":"2026-03-19T22:51:34","date_gmt":"2026-03-19T21:51:34","guid":{"rendered":"https:\/\/lamelin2.infit.com.pl\/?post_type=product&#038;p=481"},"modified":"2026-04-21T19:50:06","modified_gmt":"2026-04-21T17:50:06","slug":"lamelin-ampulka-ze-zlotem-i-sluzem-slimaka","status":"publish","type":"product","link":"https:\/\/lamelin2.infit.com.pl\/?product=lamelin-ampulka-ze-zlotem-i-sluzem-slimaka","title":{"rendered":"LAMELIN Ampu\u0142ka ze Z\u0142otem i \u015aluzem \u015alimaka"},"content":{"rendered":"<p>Ampu\u0142ka, kt\u00f3ra nawil\u017ca i redukuje zmarszczki, przywracaj\u0105c sk\u00f3rze zdrowy wygl\u0105d i elastyczno\u015b\u0107.<br \/>\nKosmetyk o dzia\u0142aniu przeciwzmarszczkowym<\/p>\n<h3>Polecany dla<\/h3>\n<ul>\n<li>Dla os\u00f3b, kt\u00f3re chc\u0105 nawil\u017caj\u0105cej ampu\u0142ki bez uczucia lepko\u015bci<\/li>\n<li>Dla tych, kt\u00f3rzy oczekuj\u0105 d\u0142ugotrwa\u0142ego nawil\u017cenia przez ca\u0142y dzie\u0144<\/li>\n<\/ul>\n<h3>G\u0142\u00f3wne sk\u0142adniki<\/h3>\n<ul>\n<li>Ekstrakt ze \u015bluzu \u015blimaka<\/li>\n<li>Z\u0142oto<\/li>\n<li>SH-Oligopeptide-1<\/li>\n<\/ul>\n","protected":false},"excerpt":{"rendered":"<p>Ampu\u0142ka ze Z\u0142otem i \u015aluzem \u015alimaka 55ml<\/p>\n","protected":false},"featured_media":1531,"comment_status":"open","ping_status":"closed","template":"","meta":{"_kad_blocks_custom_css":"","_kad_blocks_head_custom_js":"","_kad_blocks_body_custom_js":"","_kad_blocks_footer_custom_js":"","_kad_post_transparent":"default","_kad_post_title":"","_kad_post_layout":"default","_kad_post_sidebar_id":"","_kad_post_content_style":"default","_kad_post_vertical_padding":"default","_kad_post_feature":"","_kad_post_feature_position":"","_kad_post_header":false,"_kad_post_footer":false,"_kad_post_classname":""},"product_brand":[],"product_cat":[16],"product_tag":[],"class_list":{"0":"post-481","1":"product","2":"type-product","3":"status-publish","4":"has-post-thumbnail","6":"product_cat-pielegnacja-skory","8":"first","9":"instock","10":"taxable","11":"shipping-taxable","12":"purchasable","13":"product-type-simple","14":"entry","15":"content-bg","16":"loop-entry"},"taxonomy_info":{"product_cat":[{"value":16,"label":"Piel\u0119gnacja sk\u00f3ry"}]},"featured_image_src_large":["https:\/\/lamelin2.infit.com.pl\/wp-content\/uploads\/2026\/03\/lamelin-ampulka-zloto-sluz-slimaka.webp",1000,1000,false],"author_info":[],"comment_info":0,"_links":{"self":[{"href":"https:\/\/lamelin2.infit.com.pl\/index.php?rest_route=\/wp\/v2\/product\/481","targetHints":{"allow":["GET"]}}],"collection":[{"href":"https:\/\/lamelin2.infit.com.pl\/index.php?rest_route=\/wp\/v2\/product"}],"about":[{"href":"https:\/\/lamelin2.infit.com.pl\/index.php?rest_route=\/wp\/v2\/types\/product"}],"replies":[{"embeddable":true,"href":"https:\/\/lamelin2.infit.com.pl\/index.php?rest_route=%2Fwp%2Fv2%2Fcomments&post=481"}],"wp:featuredmedia":[{"embeddable":true,"href":"https:\/\/lamelin2.infit.com.pl\/index.php?rest_route=\/wp\/v2\/media\/1531"}],"wp:attachment":[{"href":"https:\/\/lamelin2.infit.com.pl\/index.php?rest_route=%2Fwp%2Fv2%2Fmedia&parent=481"}],"wp:term":[{"taxonomy":"product_brand","embeddable":true,"href":"https:\/\/lamelin2.infit.com.pl\/index.php?rest_route=%2Fwp%2Fv2%2Fproduct_brand&post=481"},{"taxonomy":"product_cat","embeddable":true,"href":"https:\/\/lamelin2.infit.com.pl\/index.php?rest_route=%2Fwp%2Fv2%2Fproduct_cat&post=481"},{"taxonomy":"product_tag","embeddable":true,"href":"https:\/\/lamelin2.infit.com.pl\/index.php?rest_route=%2Fwp%2Fv2%2Fproduct_tag&post=481"}],"curies":[{"name":"wp","href":"https:\/\/api.w.org\/{rel}","templated":true}]}}