{"id":477,"date":"2026-03-19T22:49:01","date_gmt":"2026-03-19T21:49:01","guid":{"rendered":"https:\/\/lamelin2.infit.com.pl\/?post_type=product&#038;p=477"},"modified":"2026-04-21T19:22:30","modified_gmt":"2026-04-21T17:22:30","slug":"lamelin-tonik-z-kwasem-hialuronowym","status":"publish","type":"product","link":"https:\/\/lamelin2.infit.com.pl\/?product=lamelin-tonik-z-kwasem-hialuronowym","title":{"rendered":"LAMELIN Tonik z Kwasem Hialuronowym"},"content":{"rendered":"<p>Tonik o lekkiej, wodnistej formule, intensywnie nawil\u017caj\u0105cy sk\u00f3r\u0119.<\/p>\n<h3>Polecany dla<\/h3>\n<ul>\n<li>Dla os\u00f3b poszukuj\u0105cych piel\u0119gnacji bez uczucia lepko\u015bci<\/li>\n<li>Dla os\u00f3b z odwodnion\u0105 sk\u00f3r\u0105<\/li>\n<\/ul>\n<h3>G\u0142\u00f3wne sk\u0142adniki<\/h3>\n<ul>\n<li>Hialuronian sodu<\/li>\n<li>Ekstrakt z w\u0105kroty azjatyckiej<\/li>\n<li>Woda r\u00f3\u017cana z Prowansji<\/li>\n<li>Ekstrakt z zielonej herbaty<\/li>\n<\/ul>\n","protected":false},"excerpt":{"rendered":"<p>Tonik \u0142agodz\u0105cy z kwasem hialuronowym 300 ml<\/p>\n","protected":false},"featured_media":1479,"comment_status":"open","ping_status":"closed","template":"","meta":{"_kad_blocks_custom_css":"","_kad_blocks_head_custom_js":"","_kad_blocks_body_custom_js":"","_kad_blocks_footer_custom_js":"","_kad_post_transparent":"default","_kad_post_title":"","_kad_post_layout":"default","_kad_post_sidebar_id":"","_kad_post_content_style":"default","_kad_post_vertical_padding":"default","_kad_post_feature":"","_kad_post_feature_position":"","_kad_post_header":false,"_kad_post_footer":false,"_kad_post_classname":""},"product_brand":[],"product_cat":[17],"product_tag":[],"class_list":{"0":"post-477","1":"product","2":"type-product","3":"status-publish","4":"has-post-thumbnail","6":"product_cat-oczyszczanie","8":"first","9":"instock","10":"taxable","11":"shipping-taxable","12":"purchasable","13":"product-type-simple","14":"entry","15":"content-bg","16":"loop-entry"},"taxonomy_info":{"product_cat":[{"value":17,"label":"Oczyszczanie"}]},"featured_image_src_large":["https:\/\/lamelin2.infit.com.pl\/wp-content\/uploads\/2026\/03\/lamelin-tonik-kwas-hialuronowy.webp",1000,1000,false],"author_info":[],"comment_info":0,"_links":{"self":[{"href":"https:\/\/lamelin2.infit.com.pl\/index.php?rest_route=\/wp\/v2\/product\/477","targetHints":{"allow":["GET"]}}],"collection":[{"href":"https:\/\/lamelin2.infit.com.pl\/index.php?rest_route=\/wp\/v2\/product"}],"about":[{"href":"https:\/\/lamelin2.infit.com.pl\/index.php?rest_route=\/wp\/v2\/types\/product"}],"replies":[{"embeddable":true,"href":"https:\/\/lamelin2.infit.com.pl\/index.php?rest_route=%2Fwp%2Fv2%2Fcomments&post=477"}],"wp:featuredmedia":[{"embeddable":true,"href":"https:\/\/lamelin2.infit.com.pl\/index.php?rest_route=\/wp\/v2\/media\/1479"}],"wp:attachment":[{"href":"https:\/\/lamelin2.infit.com.pl\/index.php?rest_route=%2Fwp%2Fv2%2Fmedia&parent=477"}],"wp:term":[{"taxonomy":"product_brand","embeddable":true,"href":"https:\/\/lamelin2.infit.com.pl\/index.php?rest_route=%2Fwp%2Fv2%2Fproduct_brand&post=477"},{"taxonomy":"product_cat","embeddable":true,"href":"https:\/\/lamelin2.infit.com.pl\/index.php?rest_route=%2Fwp%2Fv2%2Fproduct_cat&post=477"},{"taxonomy":"product_tag","embeddable":true,"href":"https:\/\/lamelin2.infit.com.pl\/index.php?rest_route=%2Fwp%2Fv2%2Fproduct_tag&post=477"}],"curies":[{"name":"wp","href":"https:\/\/api.w.org\/{rel}","templated":true}]}}