{"id":386,"date":"2026-03-18T20:34:52","date_gmt":"2026-03-18T19:34:52","guid":{"rendered":"https:\/\/lamelin2.infit.com.pl\/?post_type=product&#038;p=386"},"modified":"2026-04-21T19:33:34","modified_gmt":"2026-04-21T17:33:34","slug":"lamelin-matowy-puder-regulujacy-sebum","status":"publish","type":"product","link":"https:\/\/lamelin2.infit.com.pl\/?product=lamelin-matowy-puder-regulujacy-sebum","title":{"rendered":"LAMELIN Matowy Puder Reguluj\u0105cy Sebum"},"content":{"rendered":"<p>Air Fit Puder matuj\u0105cy 12g<\/p>\n<h3>Polecany dla<\/h3>\n<ul>\n<li>Os\u00f3b zmagaj\u0105cych si\u0119 z nadmiernym przet\u0142uszczaniem sk\u00f3ry<\/li>\n<li>Tych, kt\u00f3rzy chc\u0105 szybko i wygodnie zmatowi\u0107 sk\u00f3r\u0119 \u2013 nawet podczas aktywno\u015bci na \u015bwie\u017cym powietrzu<\/li>\n<\/ul>\n<h3>G\u0142\u00f3wne sk\u0142adniki<\/h3>\n<ul>\n<li>Tr\u00f3jgliceryd kaprylowo-kaprynowy<\/li>\n<li>Kaprylan glicerolu<\/li>\n<\/ul>\n","protected":false},"excerpt":{"rendered":"<p>Delikatny puder matuj\u0105cy, kt\u00f3ry wyg\u0142adza b\u0142yszcz\u0105c\u0105 sk\u00f3r\u0119 i nadaje jej \u015bwie\u017c\u0105, g\u0142adk\u0105 faktur\u0119.<\/p>\n","protected":false},"featured_media":1493,"comment_status":"open","ping_status":"closed","template":"","meta":{"_kad_blocks_custom_css":"","_kad_blocks_head_custom_js":"","_kad_blocks_body_custom_js":"","_kad_blocks_footer_custom_js":"","_kad_post_transparent":"default","_kad_post_title":"","_kad_post_layout":"default","_kad_post_sidebar_id":"","_kad_post_content_style":"default","_kad_post_vertical_padding":"default","_kad_post_feature":"","_kad_post_feature_position":"","_kad_post_header":false,"_kad_post_footer":false,"_kad_post_classname":""},"product_brand":[],"product_cat":[18],"product_tag":[],"class_list":{"0":"post-386","1":"product","2":"type-product","3":"status-publish","4":"has-post-thumbnail","6":"product_cat-makijaz","8":"first","9":"instock","10":"taxable","11":"shipping-taxable","12":"purchasable","13":"product-type-simple","14":"entry","15":"content-bg","16":"loop-entry"},"taxonomy_info":{"product_cat":[{"value":18,"label":"Makija\u017c"}]},"featured_image_src_large":["https:\/\/lamelin2.infit.com.pl\/wp-content\/uploads\/2026\/03\/lamelin-matowy-puder-regulujacy-sebum.webp",1000,1000,false],"author_info":[],"comment_info":0,"_links":{"self":[{"href":"https:\/\/lamelin2.infit.com.pl\/index.php?rest_route=\/wp\/v2\/product\/386","targetHints":{"allow":["GET"]}}],"collection":[{"href":"https:\/\/lamelin2.infit.com.pl\/index.php?rest_route=\/wp\/v2\/product"}],"about":[{"href":"https:\/\/lamelin2.infit.com.pl\/index.php?rest_route=\/wp\/v2\/types\/product"}],"replies":[{"embeddable":true,"href":"https:\/\/lamelin2.infit.com.pl\/index.php?rest_route=%2Fwp%2Fv2%2Fcomments&post=386"}],"wp:featuredmedia":[{"embeddable":true,"href":"https:\/\/lamelin2.infit.com.pl\/index.php?rest_route=\/wp\/v2\/media\/1493"}],"wp:attachment":[{"href":"https:\/\/lamelin2.infit.com.pl\/index.php?rest_route=%2Fwp%2Fv2%2Fmedia&parent=386"}],"wp:term":[{"taxonomy":"product_brand","embeddable":true,"href":"https:\/\/lamelin2.infit.com.pl\/index.php?rest_route=%2Fwp%2Fv2%2Fproduct_brand&post=386"},{"taxonomy":"product_cat","embeddable":true,"href":"https:\/\/lamelin2.infit.com.pl\/index.php?rest_route=%2Fwp%2Fv2%2Fproduct_cat&post=386"},{"taxonomy":"product_tag","embeddable":true,"href":"https:\/\/lamelin2.infit.com.pl\/index.php?rest_route=%2Fwp%2Fv2%2Fproduct_tag&post=386"}],"curies":[{"name":"wp","href":"https:\/\/api.w.org\/{rel}","templated":true}]}}