{"id":385,"date":"2026-03-18T20:34:23","date_gmt":"2026-03-18T19:34:23","guid":{"rendered":"https:\/\/lamelin2.infit.com.pl\/?post_type=product&#038;p=385"},"modified":"2026-04-21T19:36:19","modified_gmt":"2026-04-21T17:36:19","slug":"lamelin-lekki-krem-przeciwsloneczny-w-sztyfcie","status":"publish","type":"product","link":"https:\/\/lamelin2.infit.com.pl\/?product=lamelin-lekki-krem-przeciwsloneczny-w-sztyfcie","title":{"rendered":"LAMELIN Lekki Krem Przeciws\u0142oneczny w Sztyfcie"},"content":{"rendered":"<p>Intensywnie nawil\u017caj sk\u00f3r\u0119 dzi\u0119ki bogatej formule! Sztyft przeciws\u0142oneczny niezostawiaj\u0105cy bia\u0142ych \u015blad\u00f3w, o delikatnym kwiatowym zapachu.<br \/>\nPotr\u00f3jne dzia\u0142anie: redukcja zmarszczek, rozja\u015bnianie i ochrona przeciws\u0142oneczna<\/p>\n<h3>Polecane dla<\/h3>\n<ul>\n<li>Os\u00f3b szukaj\u0105cych sztyftu przeciws\u0142onecznego o mi\u0119kkim wyko\u0144czeniu, bez lepko\u015bci<\/li>\n<li>Tych, kt\u00f3rzy preferuj\u0105 nawil\u017caj\u0105cy sztyft przeciws\u0142oneczny w formie balsamu<\/li>\n<\/ul>\n<h3>Sk\u0142adniki<\/h3>\n<ul>\n<li>Olej z nasion kamelii<\/li>\n<li>Ekstrakt z kwiatu lotosu<\/li>\n<li>Ekstrakt z kwiatu lilii wodnej<\/li>\n<li>Ekstrakt z kwiatu wi\u015bni Cerulata<\/li>\n<li>Ekstrakt z kwiatu r\u00f3\u017cy<\/li>\n<\/ul>\n","protected":false},"excerpt":{"rendered":"<p>Lamelin Air Fir Sztyft Przeciws\u0142oneczny 18g<\/p>\n","protected":false},"featured_media":1500,"comment_status":"open","ping_status":"closed","template":"","meta":{"_kad_blocks_custom_css":"","_kad_blocks_head_custom_js":"","_kad_blocks_body_custom_js":"","_kad_blocks_footer_custom_js":"","_kad_post_transparent":"default","_kad_post_title":"","_kad_post_layout":"default","_kad_post_sidebar_id":"","_kad_post_content_style":"default","_kad_post_vertical_padding":"default","_kad_post_feature":"","_kad_post_feature_position":"","_kad_post_header":false,"_kad_post_footer":false,"_kad_post_classname":""},"product_brand":[],"product_cat":[19],"product_tag":[],"class_list":{"0":"post-385","1":"product","2":"type-product","3":"status-publish","4":"has-post-thumbnail","6":"product_cat-ochrona-przeciwsloneczna","8":"first","9":"instock","10":"taxable","11":"shipping-taxable","12":"purchasable","13":"product-type-simple","14":"entry","15":"content-bg","16":"loop-entry"},"taxonomy_info":{"product_cat":[{"value":19,"label":"Ochrona przeciws\u0142oneczna"}]},"featured_image_src_large":["https:\/\/lamelin2.infit.com.pl\/wp-content\/uploads\/2026\/03\/lamelin-lekki-krem-przeciwsloneczny-sztyft.webp",1000,1000,false],"author_info":[],"comment_info":0,"_links":{"self":[{"href":"https:\/\/lamelin2.infit.com.pl\/index.php?rest_route=\/wp\/v2\/product\/385","targetHints":{"allow":["GET"]}}],"collection":[{"href":"https:\/\/lamelin2.infit.com.pl\/index.php?rest_route=\/wp\/v2\/product"}],"about":[{"href":"https:\/\/lamelin2.infit.com.pl\/index.php?rest_route=\/wp\/v2\/types\/product"}],"replies":[{"embeddable":true,"href":"https:\/\/lamelin2.infit.com.pl\/index.php?rest_route=%2Fwp%2Fv2%2Fcomments&post=385"}],"wp:featuredmedia":[{"embeddable":true,"href":"https:\/\/lamelin2.infit.com.pl\/index.php?rest_route=\/wp\/v2\/media\/1500"}],"wp:attachment":[{"href":"https:\/\/lamelin2.infit.com.pl\/index.php?rest_route=%2Fwp%2Fv2%2Fmedia&parent=385"}],"wp:term":[{"taxonomy":"product_brand","embeddable":true,"href":"https:\/\/lamelin2.infit.com.pl\/index.php?rest_route=%2Fwp%2Fv2%2Fproduct_brand&post=385"},{"taxonomy":"product_cat","embeddable":true,"href":"https:\/\/lamelin2.infit.com.pl\/index.php?rest_route=%2Fwp%2Fv2%2Fproduct_cat&post=385"},{"taxonomy":"product_tag","embeddable":true,"href":"https:\/\/lamelin2.infit.com.pl\/index.php?rest_route=%2Fwp%2Fv2%2Fproduct_tag&post=385"}],"curies":[{"name":"wp","href":"https:\/\/api.w.org\/{rel}","templated":true}]}}