{"id":384,"date":"2026-03-18T20:33:55","date_gmt":"2026-03-18T19:33:55","guid":{"rendered":"https:\/\/lamelin2.infit.com.pl\/?post_type=product&#038;p=384"},"modified":"2026-04-21T19:36:11","modified_gmt":"2026-04-21T17:36:11","slug":"lamelin-lekki-krem-przeciwsloneczny","status":"publish","type":"product","link":"https:\/\/lamelin2.infit.com.pl\/?product=lamelin-lekki-krem-przeciwsloneczny","title":{"rendered":"LAMELIN Lekki Krem Przeciws\u0142oneczny"},"content":{"rendered":"<p><strong>Intensywnie nawil\u017ca sk\u00f3r\u0119, zapewniaj\u0105c bogat\u0105 i d\u0142ugotrwa\u0142\u0105 ochron\u0119. Krem przeciws\u0142oneczny bez bia\u0142ego filmu, z delikatnym kwiatowym zapachem.<\/strong><\/p>\n<p>Kosmetyk potr\u00f3jnego dzia\u0142ania: poprawa zmarszczek, rozja\u015bnianie i ochrona UV<\/p>\n<h3>Polecane dla<\/h3>\n<ul>\n<li>Os\u00f3b szukaj\u0105cych lekkiego kremu przeciws\u0142onecznego, kt\u00f3ry nie klei si\u0119<\/li>\n<li>Os\u00f3b potrzebuj\u0105cych nawil\u017caj\u0105cego kremu z filtrem&#8221;<\/li>\n<\/ul>\n<h3>G\u0142\u00f3wne sk\u0142adniki<\/h3>\n<ul>\n<li>Ekstrakt z kwiatu wi\u015bni Cerulata<\/li>\n<li>Olej z nasion kamelii<\/li>\n<li>Ekstrakt z Ecklonia cava<\/li>\n<li>Ekstrakt z Mojabanu&#8221;<\/li>\n<\/ul>\n","protected":false},"excerpt":{"rendered":"<p><strong>Intensywnie nawil\u017ca sk\u00f3r\u0119, zapewniaj\u0105c bogat\u0105 i d\u0142ugotrwa\u0142\u0105 ochron\u0119. Krem przeciws\u0142oneczny bez bia\u0142ego filmu, z delikatnym kwiatowym zapachem.<\/strong><\/p>\n<p>Kosmetyk potr\u00f3jnego dzia\u0142ania: poprawa zmarszczek, rozja\u015bnianie i ochrona UV<\/p>\n","protected":false},"featured_media":1499,"comment_status":"open","ping_status":"closed","template":"","meta":{"_kad_blocks_custom_css":"","_kad_blocks_head_custom_js":"","_kad_blocks_body_custom_js":"","_kad_blocks_footer_custom_js":"","_kad_post_transparent":"default","_kad_post_title":"","_kad_post_layout":"default","_kad_post_sidebar_id":"","_kad_post_content_style":"default","_kad_post_vertical_padding":"default","_kad_post_feature":"","_kad_post_feature_position":"","_kad_post_header":false,"_kad_post_footer":false,"_kad_post_classname":""},"product_brand":[],"product_cat":[19],"product_tag":[],"class_list":{"0":"post-384","1":"product","2":"type-product","3":"status-publish","4":"has-post-thumbnail","6":"product_cat-ochrona-przeciwsloneczna","8":"first","9":"instock","10":"taxable","11":"shipping-taxable","12":"purchasable","13":"product-type-simple","14":"entry","15":"content-bg","16":"loop-entry"},"taxonomy_info":{"product_cat":[{"value":19,"label":"Ochrona przeciws\u0142oneczna"}]},"featured_image_src_large":["https:\/\/lamelin2.infit.com.pl\/wp-content\/uploads\/2026\/03\/lamelin-lekki-krem-przeciwsloneczny.webp",1000,1000,false],"author_info":[],"comment_info":0,"_links":{"self":[{"href":"https:\/\/lamelin2.infit.com.pl\/index.php?rest_route=\/wp\/v2\/product\/384","targetHints":{"allow":["GET"]}}],"collection":[{"href":"https:\/\/lamelin2.infit.com.pl\/index.php?rest_route=\/wp\/v2\/product"}],"about":[{"href":"https:\/\/lamelin2.infit.com.pl\/index.php?rest_route=\/wp\/v2\/types\/product"}],"replies":[{"embeddable":true,"href":"https:\/\/lamelin2.infit.com.pl\/index.php?rest_route=%2Fwp%2Fv2%2Fcomments&post=384"}],"wp:featuredmedia":[{"embeddable":true,"href":"https:\/\/lamelin2.infit.com.pl\/index.php?rest_route=\/wp\/v2\/media\/1499"}],"wp:attachment":[{"href":"https:\/\/lamelin2.infit.com.pl\/index.php?rest_route=%2Fwp%2Fv2%2Fmedia&parent=384"}],"wp:term":[{"taxonomy":"product_brand","embeddable":true,"href":"https:\/\/lamelin2.infit.com.pl\/index.php?rest_route=%2Fwp%2Fv2%2Fproduct_brand&post=384"},{"taxonomy":"product_cat","embeddable":true,"href":"https:\/\/lamelin2.infit.com.pl\/index.php?rest_route=%2Fwp%2Fv2%2Fproduct_cat&post=384"},{"taxonomy":"product_tag","embeddable":true,"href":"https:\/\/lamelin2.infit.com.pl\/index.php?rest_route=%2Fwp%2Fv2%2Fproduct_tag&post=384"}],"curies":[{"name":"wp","href":"https:\/\/api.w.org\/{rel}","templated":true}]}}