{"id":382,"date":"2026-03-18T20:32:55","date_gmt":"2026-03-18T19:32:55","guid":{"rendered":"https:\/\/lamelin2.infit.com.pl\/?post_type=product&#038;p=382"},"modified":"2026-04-21T17:37:15","modified_gmt":"2026-04-21T15:37:15","slug":"lamelin-sztyft-przeciwsloneczny-z-kamelia","status":"publish","type":"product","link":"https:\/\/lamelin2.infit.com.pl\/?product=lamelin-sztyft-przeciwsloneczny-z-kamelia","title":{"rendered":"LAMELIN Sztyft Przeciws\u0142oneczny z Kameli\u0105"},"content":{"rendered":"<p>Kosmetyk potr\u00f3jnego dzia\u0142ania: przeciwzmarszczkowy, wybielaj\u0105cy i z ochron\u0105 UV.<\/p>\n<h3>Polecane dla<\/h3>\n<ul>\n<li>Os\u00f3b poszukuj\u0105cych lekkiego, niet\u0142ustego filtra przeciws\u0142onecznego<\/li>\n<li>Tych, kt\u00f3rzy chc\u0105 produktu, kt\u00f3ry mo\u017cna nak\u0142ada\u0107 na makija\u017c<\/li>\n<\/ul>\n<h3>G\u0142\u00f3wne sk\u0142adniki<\/h3>\n<ul>\n<li>Olej z nasion kamelii<\/li>\n<li>Ekstrakt z kwiatu kamelii<\/li>\n<li>Kompleks Cica<\/li>\n<li>Ekstrakt z li\u015bci brzozy bia\u0142ej (Betula alba)<\/li>\n<li>Hydrolizowany kolagen<\/li>\n<\/ul>\n","protected":false},"excerpt":{"rendered":"<p>Sztyft przeciws\u0142oneczny z kameli\u0105 14g<br \/>\nLekki, matowy sztyft przeciws\u0142oneczny z ekstraktem z kwiatu kamelii.<\/p>\n","protected":false},"featured_media":0,"comment_status":"open","ping_status":"closed","template":"","meta":{"_kad_blocks_custom_css":"","_kad_blocks_head_custom_js":"","_kad_blocks_body_custom_js":"","_kad_blocks_footer_custom_js":"","_kad_post_transparent":"default","_kad_post_title":"","_kad_post_layout":"default","_kad_post_sidebar_id":"","_kad_post_content_style":"default","_kad_post_vertical_padding":"default","_kad_post_feature":"","_kad_post_feature_position":"","_kad_post_header":false,"_kad_post_footer":false,"_kad_post_classname":""},"product_brand":[],"product_cat":[19],"product_tag":[],"class_list":{"0":"post-382","1":"product","2":"type-product","3":"status-publish","5":"product_cat-ochrona-przeciwsloneczna","7":"first","8":"instock","9":"taxable","10":"shipping-taxable","11":"purchasable","12":"product-type-simple","13":"entry","14":"content-bg","15":"loop-entry"},"taxonomy_info":{"product_cat":[{"value":19,"label":"Ochrona przeciws\u0142oneczna"}]},"featured_image_src_large":false,"author_info":[],"comment_info":0,"_links":{"self":[{"href":"https:\/\/lamelin2.infit.com.pl\/index.php?rest_route=\/wp\/v2\/product\/382","targetHints":{"allow":["GET"]}}],"collection":[{"href":"https:\/\/lamelin2.infit.com.pl\/index.php?rest_route=\/wp\/v2\/product"}],"about":[{"href":"https:\/\/lamelin2.infit.com.pl\/index.php?rest_route=\/wp\/v2\/types\/product"}],"replies":[{"embeddable":true,"href":"https:\/\/lamelin2.infit.com.pl\/index.php?rest_route=%2Fwp%2Fv2%2Fcomments&post=382"}],"wp:attachment":[{"href":"https:\/\/lamelin2.infit.com.pl\/index.php?rest_route=%2Fwp%2Fv2%2Fmedia&parent=382"}],"wp:term":[{"taxonomy":"product_brand","embeddable":true,"href":"https:\/\/lamelin2.infit.com.pl\/index.php?rest_route=%2Fwp%2Fv2%2Fproduct_brand&post=382"},{"taxonomy":"product_cat","embeddable":true,"href":"https:\/\/lamelin2.infit.com.pl\/index.php?rest_route=%2Fwp%2Fv2%2Fproduct_cat&post=382"},{"taxonomy":"product_tag","embeddable":true,"href":"https:\/\/lamelin2.infit.com.pl\/index.php?rest_route=%2Fwp%2Fv2%2Fproduct_tag&post=382"}],"curies":[{"name":"wp","href":"https:\/\/api.w.org\/{rel}","templated":true}]}}