{"id":378,"date":"2026-03-18T20:30:57","date_gmt":"2026-03-18T19:30:57","guid":{"rendered":"https:\/\/lamelin2.infit.com.pl\/?post_type=product&#038;p=378"},"modified":"2026-04-21T19:37:56","modified_gmt":"2026-04-21T17:37:56","slug":"lamelin-kremowy-tonik-z-kamelia","status":"publish","type":"product","link":"https:\/\/lamelin2.infit.com.pl\/?product=lamelin-kremowy-tonik-z-kamelia","title":{"rendered":"LAMELIN Kremowy Tonik z Kameli\u0105"},"content":{"rendered":"<p>Kremowy tonik bogaty w sk\u0142adniki od\u017cywcze, kt\u00f3ry wyg\u0142adza szorstk\u0105 struktur\u0119 sk\u00f3ry, pozostawiaj\u0105c j\u0105 mi\u0119kk\u0105 i g\u0142adk\u0105.<\/p>\n<p>Dwufunkcyjne kosmetyki o dzia\u0142aniu przeciwzmarszczkowym i rozja\u015bniaj\u0105cym.<\/p>\n<h3>Polecane dla<\/h3>\n<ul>\n<li>Os\u00f3b zmagaj\u0105cych si\u0119 z such\u0105 i szorstk\u0105 sk\u00f3r\u0105<\/li>\n<li>Os\u00f3b zaniepokojonych ziemistym kolorytem i utrat\u0105 j\u0119drno\u015bci sk\u00f3ry<\/li>\n<\/ul>\n<h3>G\u0142\u00f3wne sk\u0142adniki<\/h3>\n<ul>\n<li>Ekstrakt z kwiatu kamelii<\/li>\n<li>Ekstrakt z li\u015bci pigwy indyjskiej<\/li>\n<li>Ekstrakt z kwiatu pigwy indyjskiej<\/li>\n<li>Ekstrakt z owocu Coccinia indica (ivy gourd)<\/li>\n<li>Ekstrakt z kwiatu aloesu<\/li>\n<\/ul>\n","protected":false},"excerpt":{"rendered":"<p>Kremowy Tonik z kameli\u0105 200 ml<\/p>\n","protected":false},"featured_media":1503,"comment_status":"open","ping_status":"closed","template":"","meta":{"_kad_blocks_custom_css":"","_kad_blocks_head_custom_js":"","_kad_blocks_body_custom_js":"","_kad_blocks_footer_custom_js":"","_kad_post_transparent":"default","_kad_post_title":"","_kad_post_layout":"default","_kad_post_sidebar_id":"","_kad_post_content_style":"default","_kad_post_vertical_padding":"default","_kad_post_feature":"","_kad_post_feature_position":"","_kad_post_header":false,"_kad_post_footer":false,"_kad_post_classname":""},"product_brand":[],"product_cat":[17],"product_tag":[],"class_list":{"0":"post-378","1":"product","2":"type-product","3":"status-publish","4":"has-post-thumbnail","6":"product_cat-oczyszczanie","8":"first","9":"instock","10":"taxable","11":"shipping-taxable","12":"purchasable","13":"product-type-simple","14":"entry","15":"content-bg","16":"loop-entry"},"taxonomy_info":{"product_cat":[{"value":17,"label":"Oczyszczanie"}]},"featured_image_src_large":["https:\/\/lamelin2.infit.com.pl\/wp-content\/uploads\/2026\/03\/lamelin-kremowy-tonik-kamelia.webp",1000,1000,false],"author_info":[],"comment_info":0,"_links":{"self":[{"href":"https:\/\/lamelin2.infit.com.pl\/index.php?rest_route=\/wp\/v2\/product\/378","targetHints":{"allow":["GET"]}}],"collection":[{"href":"https:\/\/lamelin2.infit.com.pl\/index.php?rest_route=\/wp\/v2\/product"}],"about":[{"href":"https:\/\/lamelin2.infit.com.pl\/index.php?rest_route=\/wp\/v2\/types\/product"}],"replies":[{"embeddable":true,"href":"https:\/\/lamelin2.infit.com.pl\/index.php?rest_route=%2Fwp%2Fv2%2Fcomments&post=378"}],"wp:featuredmedia":[{"embeddable":true,"href":"https:\/\/lamelin2.infit.com.pl\/index.php?rest_route=\/wp\/v2\/media\/1503"}],"wp:attachment":[{"href":"https:\/\/lamelin2.infit.com.pl\/index.php?rest_route=%2Fwp%2Fv2%2Fmedia&parent=378"}],"wp:term":[{"taxonomy":"product_brand","embeddable":true,"href":"https:\/\/lamelin2.infit.com.pl\/index.php?rest_route=%2Fwp%2Fv2%2Fproduct_brand&post=378"},{"taxonomy":"product_cat","embeddable":true,"href":"https:\/\/lamelin2.infit.com.pl\/index.php?rest_route=%2Fwp%2Fv2%2Fproduct_cat&post=378"},{"taxonomy":"product_tag","embeddable":true,"href":"https:\/\/lamelin2.infit.com.pl\/index.php?rest_route=%2Fwp%2Fv2%2Fproduct_tag&post=378"}],"curies":[{"name":"wp","href":"https:\/\/api.w.org\/{rel}","templated":true}]}}