{"id":377,"date":"2026-03-18T20:29:50","date_gmt":"2026-03-18T19:29:50","guid":{"rendered":"https:\/\/lamelin2.infit.com.pl\/?post_type=product&#038;p=377"},"modified":"2026-04-21T17:37:28","modified_gmt":"2026-04-21T15:37:28","slug":"lamelin-platki-tonizujace-z-kamelia","status":"publish","type":"product","link":"https:\/\/lamelin2.infit.com.pl\/?product=lamelin-platki-tonizujace-z-kamelia","title":{"rendered":"LAMELIN P\u0142atki Tonizuj\u0105ce z Kameli\u0105"},"content":{"rendered":"<p>P\u0142atki tonizuj\u0105ce z ekstraktem z kwiatu kamelii, kt\u00f3re wyg\u0142adzaj\u0105 struktur\u0119 sk\u00f3ry, pozostawiaj\u0105c j\u0105 promienn\u0105, jednolit\u0105 i g\u0142adk\u0105.<br \/>\nDwufunkcyjne kosmetyki o dzia\u0142aniu przeciwzmarszczkowym i rozja\u015bniaj\u0105cym.<\/p>\n<h3>Polecane dla<\/h3>\n<ul>\n<li>Sk\u00f3ry suchej i \u0142uszcz\u0105cej si\u0119<\/li>\n<li>Os\u00f3b zaniepokojonych matow\u0105 i zwiotcza\u0142\u0105 sk\u00f3r\u0105<\/li>\n<\/ul>\n<h3>G\u0142\u00f3wne sk\u0142adniki<\/h3>\n<ul>\n<li>Olej z nasion kamelii<\/li>\n<li>Ekstrakt z kwiatu kamelii<\/li>\n<li>Kwas hialuronowy<\/li>\n<li>Niacynamid<\/li>\n<li>Adenozyna<\/li>\n<\/ul>\n","protected":false},"excerpt":{"rendered":"<p>P\u0142atki tonizuj\u0105ce z kameli\u0105 140 ml [70 szt.]<\/p>\n","protected":false},"featured_media":0,"comment_status":"open","ping_status":"closed","template":"","meta":{"_kad_blocks_custom_css":"","_kad_blocks_head_custom_js":"","_kad_blocks_body_custom_js":"","_kad_blocks_footer_custom_js":"","_kad_post_transparent":"default","_kad_post_title":"","_kad_post_layout":"default","_kad_post_sidebar_id":"","_kad_post_content_style":"default","_kad_post_vertical_padding":"default","_kad_post_feature":"","_kad_post_feature_position":"","_kad_post_header":false,"_kad_post_footer":false,"_kad_post_classname":""},"product_brand":[],"product_cat":[17],"product_tag":[],"class_list":{"0":"post-377","1":"product","2":"type-product","3":"status-publish","5":"product_cat-oczyszczanie","7":"first","8":"instock","9":"taxable","10":"shipping-taxable","11":"purchasable","12":"product-type-simple","13":"entry","14":"content-bg","15":"loop-entry"},"taxonomy_info":{"product_cat":[{"value":17,"label":"Oczyszczanie"}]},"featured_image_src_large":false,"author_info":[],"comment_info":0,"_links":{"self":[{"href":"https:\/\/lamelin2.infit.com.pl\/index.php?rest_route=\/wp\/v2\/product\/377","targetHints":{"allow":["GET"]}}],"collection":[{"href":"https:\/\/lamelin2.infit.com.pl\/index.php?rest_route=\/wp\/v2\/product"}],"about":[{"href":"https:\/\/lamelin2.infit.com.pl\/index.php?rest_route=\/wp\/v2\/types\/product"}],"replies":[{"embeddable":true,"href":"https:\/\/lamelin2.infit.com.pl\/index.php?rest_route=%2Fwp%2Fv2%2Fcomments&post=377"}],"wp:attachment":[{"href":"https:\/\/lamelin2.infit.com.pl\/index.php?rest_route=%2Fwp%2Fv2%2Fmedia&parent=377"}],"wp:term":[{"taxonomy":"product_brand","embeddable":true,"href":"https:\/\/lamelin2.infit.com.pl\/index.php?rest_route=%2Fwp%2Fv2%2Fproduct_brand&post=377"},{"taxonomy":"product_cat","embeddable":true,"href":"https:\/\/lamelin2.infit.com.pl\/index.php?rest_route=%2Fwp%2Fv2%2Fproduct_cat&post=377"},{"taxonomy":"product_tag","embeddable":true,"href":"https:\/\/lamelin2.infit.com.pl\/index.php?rest_route=%2Fwp%2Fv2%2Fproduct_tag&post=377"}],"curies":[{"name":"wp","href":"https:\/\/api.w.org\/{rel}","templated":true}]}}