{"id":375,"date":"2026-03-18T20:28:38","date_gmt":"2026-03-18T19:28:38","guid":{"rendered":"https:\/\/lamelin2.infit.com.pl\/?post_type=product&#038;p=375"},"modified":"2026-04-21T17:37:57","modified_gmt":"2026-04-21T15:37:57","slug":"lamelin-gleboko-oczyszczajaca-woda-z-kamelia","status":"publish","type":"product","link":"https:\/\/lamelin2.infit.com.pl\/?product=lamelin-gleboko-oczyszczajaca-woda-z-kamelia","title":{"rendered":"LAMELIN G\u0142\u0119boko Oczyszczaj\u0105ca Woda z Kameli\u0105"},"content":{"rendered":"<p>Woda oczyszczaj\u0105ca z ekstraktem z kwiatu kamelii, skutecznie usuwaj\u0105ca zanieczyszczenia i makija\u017c, pozostawiaj\u0105ca sk\u00f3r\u0119 czyst\u0105 i od\u015bwie\u017con\u0105.<\/p>\n<h3>Polecane dla<\/h3>\n<ul>\n<li>Os\u00f3b, kt\u00f3re ceni\u0105 \u0142agodne, a jednocze\u015bnie skuteczne oczyszczanie<\/li>\n<li>Tych, kt\u00f3rzy pragn\u0105, aby sk\u00f3ra pozosta\u0142a nawil\u017cona nawet po oczyszczaniu<\/li>\n<\/ul>\n<h3>G\u0142\u00f3wne sk\u0142adniki<\/h3>\n<ul>\n<li>Ekstrakt z kwiatu kamelii<\/li>\n<\/ul>\n","protected":false},"excerpt":{"rendered":"<p>Woda do g\u0142\u0119bokiego oczyszczania z kameli\u0105 500 ml<\/p>\n","protected":false},"featured_media":0,"comment_status":"open","ping_status":"closed","template":"","meta":{"_kad_blocks_custom_css":"","_kad_blocks_head_custom_js":"","_kad_blocks_body_custom_js":"","_kad_blocks_footer_custom_js":"","_kad_post_transparent":"default","_kad_post_title":"","_kad_post_layout":"default","_kad_post_sidebar_id":"","_kad_post_content_style":"default","_kad_post_vertical_padding":"default","_kad_post_feature":"","_kad_post_feature_position":"","_kad_post_header":false,"_kad_post_footer":false,"_kad_post_classname":""},"product_brand":[],"product_cat":[17],"product_tag":[],"class_list":{"0":"post-375","1":"product","2":"type-product","3":"status-publish","5":"product_cat-oczyszczanie","7":"first","8":"instock","9":"taxable","10":"shipping-taxable","11":"purchasable","12":"product-type-simple","13":"entry","14":"content-bg","15":"loop-entry"},"taxonomy_info":{"product_cat":[{"value":17,"label":"Oczyszczanie"}]},"featured_image_src_large":false,"author_info":[],"comment_info":0,"_links":{"self":[{"href":"https:\/\/lamelin2.infit.com.pl\/index.php?rest_route=\/wp\/v2\/product\/375","targetHints":{"allow":["GET"]}}],"collection":[{"href":"https:\/\/lamelin2.infit.com.pl\/index.php?rest_route=\/wp\/v2\/product"}],"about":[{"href":"https:\/\/lamelin2.infit.com.pl\/index.php?rest_route=\/wp\/v2\/types\/product"}],"replies":[{"embeddable":true,"href":"https:\/\/lamelin2.infit.com.pl\/index.php?rest_route=%2Fwp%2Fv2%2Fcomments&post=375"}],"wp:attachment":[{"href":"https:\/\/lamelin2.infit.com.pl\/index.php?rest_route=%2Fwp%2Fv2%2Fmedia&parent=375"}],"wp:term":[{"taxonomy":"product_brand","embeddable":true,"href":"https:\/\/lamelin2.infit.com.pl\/index.php?rest_route=%2Fwp%2Fv2%2Fproduct_brand&post=375"},{"taxonomy":"product_cat","embeddable":true,"href":"https:\/\/lamelin2.infit.com.pl\/index.php?rest_route=%2Fwp%2Fv2%2Fproduct_cat&post=375"},{"taxonomy":"product_tag","embeddable":true,"href":"https:\/\/lamelin2.infit.com.pl\/index.php?rest_route=%2Fwp%2Fv2%2Fproduct_tag&post=375"}],"curies":[{"name":"wp","href":"https:\/\/api.w.org\/{rel}","templated":true}]}}