{"id":369,"date":"2026-03-18T20:24:24","date_gmt":"2026-03-18T19:24:24","guid":{"rendered":"https:\/\/lamelin2.infit.com.pl\/?post_type=product&#038;p=369"},"modified":"2026-04-21T19:24:17","modified_gmt":"2026-04-21T17:24:17","slug":"lamelin-serum-b-tox","status":"publish","type":"product","link":"https:\/\/lamelin2.infit.com.pl\/?product=lamelin-serum-b-tox","title":{"rendered":"LAMELIN Serum B-Tox"},"content":{"rendered":"<p>Krem B-tox, kt\u00f3ry od\u017cywia sk\u00f3r\u0119, przywracaj\u0105c jej zdrowy wygl\u0105d i redukuj\u0105c oznaki wiotczenia oraz zm\u0119czenia.<\/p>\n<p>Dwufunkcyjne kosmetyki wybielaj\u0105ce i przeciwzmarszczkowe.<\/p>\n<h3>Polecane dla<\/h3>\n<ul>\n<li>Os\u00f3b, kt\u00f3re chc\u0105 \u0142atwo zadba\u0107 o problematyczn\u0105 sk\u00f3r\u0119<\/li>\n<li>Tych, kt\u00f3rzy szukaj\u0105 dwufunkcyjnego kremu bogatego w sk\u0142adniki od\u017cywcze<\/li>\n<\/ul>\n<h3>Sk\u0142adniki<\/h3>\n<ul>\n<li>Palmitoyl Tripeptide-1<\/li>\n<li>Z\u0142oty ekstrakt<\/li>\n<li>Ekstrakt z powojnika wirginijskiego<\/li>\n<li>Ekstrakt z sza\u0142wii<\/li>\n<li>Ekstrakt z w\u0105kroty azjatyckiej (Centella asiatica)<\/li>\n<\/ul>\n","protected":false},"excerpt":{"rendered":"<p>B-tox Krem 50ml<\/p>\n","protected":false},"featured_media":1482,"comment_status":"open","ping_status":"closed","template":"","meta":{"_kad_blocks_custom_css":"","_kad_blocks_head_custom_js":"","_kad_blocks_body_custom_js":"","_kad_blocks_footer_custom_js":"","_kad_post_transparent":"default","_kad_post_title":"","_kad_post_layout":"default","_kad_post_sidebar_id":"","_kad_post_content_style":"default","_kad_post_vertical_padding":"default","_kad_post_feature":"","_kad_post_feature_position":"","_kad_post_header":false,"_kad_post_footer":false,"_kad_post_classname":""},"product_brand":[],"product_cat":[16],"product_tag":[],"class_list":{"0":"post-369","1":"product","2":"type-product","3":"status-publish","4":"has-post-thumbnail","6":"product_cat-pielegnacja-skory","8":"first","9":"instock","10":"taxable","11":"shipping-taxable","12":"purchasable","13":"product-type-simple","14":"entry","15":"content-bg","16":"loop-entry"},"taxonomy_info":{"product_cat":[{"value":16,"label":"Piel\u0119gnacja sk\u00f3ry"}]},"featured_image_src_large":["https:\/\/lamelin2.infit.com.pl\/wp-content\/uploads\/2026\/03\/lamelin-serum-b-tox.webp",1000,1000,false],"author_info":[],"comment_info":0,"_links":{"self":[{"href":"https:\/\/lamelin2.infit.com.pl\/index.php?rest_route=\/wp\/v2\/product\/369","targetHints":{"allow":["GET"]}}],"collection":[{"href":"https:\/\/lamelin2.infit.com.pl\/index.php?rest_route=\/wp\/v2\/product"}],"about":[{"href":"https:\/\/lamelin2.infit.com.pl\/index.php?rest_route=\/wp\/v2\/types\/product"}],"replies":[{"embeddable":true,"href":"https:\/\/lamelin2.infit.com.pl\/index.php?rest_route=%2Fwp%2Fv2%2Fcomments&post=369"}],"wp:featuredmedia":[{"embeddable":true,"href":"https:\/\/lamelin2.infit.com.pl\/index.php?rest_route=\/wp\/v2\/media\/1482"}],"wp:attachment":[{"href":"https:\/\/lamelin2.infit.com.pl\/index.php?rest_route=%2Fwp%2Fv2%2Fmedia&parent=369"}],"wp:term":[{"taxonomy":"product_brand","embeddable":true,"href":"https:\/\/lamelin2.infit.com.pl\/index.php?rest_route=%2Fwp%2Fv2%2Fproduct_brand&post=369"},{"taxonomy":"product_cat","embeddable":true,"href":"https:\/\/lamelin2.infit.com.pl\/index.php?rest_route=%2Fwp%2Fv2%2Fproduct_cat&post=369"},{"taxonomy":"product_tag","embeddable":true,"href":"https:\/\/lamelin2.infit.com.pl\/index.php?rest_route=%2Fwp%2Fv2%2Fproduct_tag&post=369"}],"curies":[{"name":"wp","href":"https:\/\/api.w.org\/{rel}","templated":true}]}}