{"id":365,"date":"2026-03-18T20:21:05","date_gmt":"2026-03-18T19:21:05","guid":{"rendered":"https:\/\/lamelin2.infit.com.pl\/?post_type=product&#038;p=365"},"modified":"2026-04-21T17:38:49","modified_gmt":"2026-04-21T15:38:49","slug":"lamelin-krem-bb-z-retinolem-i-bakuchiolem","status":"publish","type":"product","link":"https:\/\/lamelin2.infit.com.pl\/?product=lamelin-krem-bb-z-retinolem-i-bakuchiolem","title":{"rendered":"LAMELIN Krem BB z Retinolem i Bakuchiolem"},"content":{"rendered":"<p>BB krem o efekcie glow, kt\u00f3ry jednocze\u015bnie wyg\u0142adza i intensywnie nawil\u017ca sk\u00f3r\u0119.<\/p>\n<h3>Polecany dla<\/h3>\n<ul>\n<li>Os\u00f3b ceni\u0105cych naturalny, \u015bwie\u017cy i dobrze nawil\u017cony efekt makija\u017cu<\/li>\n<li>Tych, kt\u00f3rzy preferuj\u0105 lekk\u0105, delikatn\u0105 konsystencj\u0119 od tradycyjnego podk\u0142adu<\/li>\n<\/ul>\n<h3>G\u0142\u00f3wne sk\u0142adniki<\/h3>\n<ul>\n<li>Retinol<\/li>\n<li>Bakuchiol<\/li>\n<li>Hydrolizowany kolagen<\/li>\n<\/ul>\n","protected":false},"excerpt":{"rendered":"<p>Retinol Bakuchiol Krem BB_KR 50ml<\/p>\n","protected":false},"featured_media":0,"comment_status":"open","ping_status":"closed","template":"","meta":{"_kad_blocks_custom_css":"","_kad_blocks_head_custom_js":"","_kad_blocks_body_custom_js":"","_kad_blocks_footer_custom_js":"","_kad_post_transparent":"default","_kad_post_title":"","_kad_post_layout":"default","_kad_post_sidebar_id":"","_kad_post_content_style":"default","_kad_post_vertical_padding":"default","_kad_post_feature":"","_kad_post_feature_position":"","_kad_post_header":false,"_kad_post_footer":false,"_kad_post_classname":""},"product_brand":[],"product_cat":[18],"product_tag":[],"class_list":{"0":"post-365","1":"product","2":"type-product","3":"status-publish","5":"product_cat-makijaz","7":"first","8":"instock","9":"taxable","10":"shipping-taxable","11":"purchasable","12":"product-type-simple","13":"entry","14":"content-bg","15":"loop-entry"},"taxonomy_info":{"product_cat":[{"value":18,"label":"Makija\u017c"}]},"featured_image_src_large":false,"author_info":[],"comment_info":0,"_links":{"self":[{"href":"https:\/\/lamelin2.infit.com.pl\/index.php?rest_route=\/wp\/v2\/product\/365","targetHints":{"allow":["GET"]}}],"collection":[{"href":"https:\/\/lamelin2.infit.com.pl\/index.php?rest_route=\/wp\/v2\/product"}],"about":[{"href":"https:\/\/lamelin2.infit.com.pl\/index.php?rest_route=\/wp\/v2\/types\/product"}],"replies":[{"embeddable":true,"href":"https:\/\/lamelin2.infit.com.pl\/index.php?rest_route=%2Fwp%2Fv2%2Fcomments&post=365"}],"wp:attachment":[{"href":"https:\/\/lamelin2.infit.com.pl\/index.php?rest_route=%2Fwp%2Fv2%2Fmedia&parent=365"}],"wp:term":[{"taxonomy":"product_brand","embeddable":true,"href":"https:\/\/lamelin2.infit.com.pl\/index.php?rest_route=%2Fwp%2Fv2%2Fproduct_brand&post=365"},{"taxonomy":"product_cat","embeddable":true,"href":"https:\/\/lamelin2.infit.com.pl\/index.php?rest_route=%2Fwp%2Fv2%2Fproduct_cat&post=365"},{"taxonomy":"product_tag","embeddable":true,"href":"https:\/\/lamelin2.infit.com.pl\/index.php?rest_route=%2Fwp%2Fv2%2Fproduct_tag&post=365"}],"curies":[{"name":"wp","href":"https:\/\/api.w.org\/{rel}","templated":true}]}}