{"id":364,"date":"2026-03-18T20:19:49","date_gmt":"2026-03-18T19:19:49","guid":{"rendered":"https:\/\/lamelin2.infit.com.pl\/?post_type=product&#038;p=364"},"modified":"2026-04-21T19:37:25","modified_gmt":"2026-04-21T17:37:25","slug":"lamelin-krem-przeciwzmarszczkowy-z-retinolem-i-bakuchiolem","status":"publish","type":"product","link":"https:\/\/lamelin2.infit.com.pl\/?product=lamelin-krem-przeciwzmarszczkowy-z-retinolem-i-bakuchiolem","title":{"rendered":"LAMELIN Krem Przeciwzmarszczkowy z Retinolem i Bakuchiolem"},"content":{"rendered":"<p>Krem nawil\u017caj\u0105cy, kt\u00f3ry skutecznie redukuje zmarszczki na szyi, bruzdy nosowo-wargowe oraz g\u0142\u0119bokie zmarszczki, jednocze\u015bnie uj\u0119drniaj\u0105c i od\u017cywiaj\u0105c struktur\u0119 sk\u00f3ry.<br \/>\nDwufunkcyjny krem przeciwzmarszczkowy i rozja\u015bniaj\u0105cy<\/p>\n<h3>Polecany dla<\/h3>\n<ul>\n<li>Os\u00f3b z drobnymi zmarszczkami na szyi, bruzdami nosowo-wargowymi oraz g\u0142\u0119bokimi zmarszczkami<\/li>\n<li>Os\u00f3b odczuwaj\u0105cych utrat\u0119 elastyczno\u015bci sk\u00f3ry<\/li>\n<li>Os\u00f3b potrzebuj\u0105cych intensywnego nawil\u017cenia<\/li>\n<\/ul>\n<h3>G\u0142\u00f3wne sk\u0142adniki<\/h3>\n<ul>\n<li>Retinol<\/li>\n<li>Bakuchiol<\/li>\n<li>Niacynamid<\/li>\n<li>Adenozyna<\/li>\n<li>Mas\u0142o shea<\/li>\n<\/ul>\n","protected":false},"excerpt":{"rendered":"<p>Retinol Bakuchiol Krem przeciwzmarszczkowy 50ml<\/p>\n","protected":false},"featured_media":1502,"comment_status":"open","ping_status":"closed","template":"","meta":{"_kad_blocks_custom_css":"","_kad_blocks_head_custom_js":"","_kad_blocks_body_custom_js":"","_kad_blocks_footer_custom_js":"","_kad_post_transparent":"default","_kad_post_title":"","_kad_post_layout":"default","_kad_post_sidebar_id":"","_kad_post_content_style":"default","_kad_post_vertical_padding":"default","_kad_post_feature":"","_kad_post_feature_position":"","_kad_post_header":false,"_kad_post_footer":false,"_kad_post_classname":""},"product_brand":[],"product_cat":[16],"product_tag":[],"class_list":{"0":"post-364","1":"product","2":"type-product","3":"status-publish","4":"has-post-thumbnail","6":"product_cat-pielegnacja-skory","8":"first","9":"instock","10":"taxable","11":"shipping-taxable","12":"purchasable","13":"product-type-simple","14":"entry","15":"content-bg","16":"loop-entry"},"taxonomy_info":{"product_cat":[{"value":16,"label":"Piel\u0119gnacja sk\u00f3ry"}]},"featured_image_src_large":["https:\/\/lamelin2.infit.com.pl\/wp-content\/uploads\/2026\/03\/lamelin-krem-przeciwzmarszczkowy-retinol-bakuchiol.webp",1000,1000,false],"author_info":[],"comment_info":0,"_links":{"self":[{"href":"https:\/\/lamelin2.infit.com.pl\/index.php?rest_route=\/wp\/v2\/product\/364","targetHints":{"allow":["GET"]}}],"collection":[{"href":"https:\/\/lamelin2.infit.com.pl\/index.php?rest_route=\/wp\/v2\/product"}],"about":[{"href":"https:\/\/lamelin2.infit.com.pl\/index.php?rest_route=\/wp\/v2\/types\/product"}],"replies":[{"embeddable":true,"href":"https:\/\/lamelin2.infit.com.pl\/index.php?rest_route=%2Fwp%2Fv2%2Fcomments&post=364"}],"wp:featuredmedia":[{"embeddable":true,"href":"https:\/\/lamelin2.infit.com.pl\/index.php?rest_route=\/wp\/v2\/media\/1502"}],"wp:attachment":[{"href":"https:\/\/lamelin2.infit.com.pl\/index.php?rest_route=%2Fwp%2Fv2%2Fmedia&parent=364"}],"wp:term":[{"taxonomy":"product_brand","embeddable":true,"href":"https:\/\/lamelin2.infit.com.pl\/index.php?rest_route=%2Fwp%2Fv2%2Fproduct_brand&post=364"},{"taxonomy":"product_cat","embeddable":true,"href":"https:\/\/lamelin2.infit.com.pl\/index.php?rest_route=%2Fwp%2Fv2%2Fproduct_cat&post=364"},{"taxonomy":"product_tag","embeddable":true,"href":"https:\/\/lamelin2.infit.com.pl\/index.php?rest_route=%2Fwp%2Fv2%2Fproduct_tag&post=364"}],"curies":[{"name":"wp","href":"https:\/\/api.w.org\/{rel}","templated":true}]}}