{"id":361,"date":"2026-03-18T20:17:15","date_gmt":"2026-03-18T19:17:15","guid":{"rendered":"https:\/\/lamelin2.infit.com.pl\/?post_type=product&#038;p=361"},"modified":"2026-04-21T17:38:59","modified_gmt":"2026-04-21T15:38:59","slug":"lamelin-zel-peelingujacy-ze-zlotem-i-filtratem-sluzu-slimaka","status":"publish","type":"product","link":"https:\/\/lamelin2.infit.com.pl\/?product=lamelin-zel-peelingujacy-ze-zlotem-i-filtratem-sluzu-slimaka","title":{"rendered":"LAMELIN \u017bel Peelinguj\u0105cy ze Z\u0142otem i Filtratem \u015aluzu \u015alimaka"},"content":{"rendered":"<p>\u017bel peelinguj\u0105cy z hipoalergicznymi, drobnymi cz\u0105steczkami celulozy, kt\u00f3ry wyg\u0142adza nier\u00f3wn\u0105 sk\u00f3r\u0119<\/p>\n<h3>Polecany dla<\/h3>\n<ul>\n<li>Os\u00f3b zaniepokojonych szorstk\u0105 struktur\u0105 sk\u00f3ry<\/li>\n<li>Os\u00f3b potrzebuj\u0105cych delikatnego peelingu<\/li>\n<\/ul>\n<h3>G\u0142\u00f3wne sk\u0142adniki<\/h3>\n<ul>\n<li>24K z\u0142oto<\/li>\n<li>Filtrat ze \u015bluzu \u015blimaka<\/li>\n<\/ul>\n","protected":false},"excerpt":{"rendered":"<p>\u017bel peelinguj\u0105cy z 24-karatowym z\u0142otem i ekstraktem ze \u015bluzu \u015blimaka, 150 ml<\/p>\n","protected":false},"featured_media":0,"comment_status":"open","ping_status":"closed","template":"","meta":{"_kad_blocks_custom_css":"","_kad_blocks_head_custom_js":"","_kad_blocks_body_custom_js":"","_kad_blocks_footer_custom_js":"","_kad_post_transparent":"default","_kad_post_title":"","_kad_post_layout":"default","_kad_post_sidebar_id":"","_kad_post_content_style":"default","_kad_post_vertical_padding":"default","_kad_post_feature":"","_kad_post_feature_position":"","_kad_post_header":false,"_kad_post_footer":false,"_kad_post_classname":""},"product_brand":[],"product_cat":[17],"product_tag":[],"class_list":{"0":"post-361","1":"product","2":"type-product","3":"status-publish","5":"product_cat-oczyszczanie","7":"first","8":"instock","9":"taxable","10":"shipping-taxable","11":"purchasable","12":"product-type-simple","13":"entry","14":"content-bg","15":"loop-entry"},"taxonomy_info":{"product_cat":[{"value":17,"label":"Oczyszczanie"}]},"featured_image_src_large":false,"author_info":[],"comment_info":0,"_links":{"self":[{"href":"https:\/\/lamelin2.infit.com.pl\/index.php?rest_route=\/wp\/v2\/product\/361","targetHints":{"allow":["GET"]}}],"collection":[{"href":"https:\/\/lamelin2.infit.com.pl\/index.php?rest_route=\/wp\/v2\/product"}],"about":[{"href":"https:\/\/lamelin2.infit.com.pl\/index.php?rest_route=\/wp\/v2\/types\/product"}],"replies":[{"embeddable":true,"href":"https:\/\/lamelin2.infit.com.pl\/index.php?rest_route=%2Fwp%2Fv2%2Fcomments&post=361"}],"wp:attachment":[{"href":"https:\/\/lamelin2.infit.com.pl\/index.php?rest_route=%2Fwp%2Fv2%2Fmedia&parent=361"}],"wp:term":[{"taxonomy":"product_brand","embeddable":true,"href":"https:\/\/lamelin2.infit.com.pl\/index.php?rest_route=%2Fwp%2Fv2%2Fproduct_brand&post=361"},{"taxonomy":"product_cat","embeddable":true,"href":"https:\/\/lamelin2.infit.com.pl\/index.php?rest_route=%2Fwp%2Fv2%2Fproduct_cat&post=361"},{"taxonomy":"product_tag","embeddable":true,"href":"https:\/\/lamelin2.infit.com.pl\/index.php?rest_route=%2Fwp%2Fv2%2Fproduct_tag&post=361"}],"curies":[{"name":"wp","href":"https:\/\/api.w.org\/{rel}","templated":true}]}}