{"id":359,"date":"2026-03-18T20:13:55","date_gmt":"2026-03-18T19:13:55","guid":{"rendered":"https:\/\/lamelin2.infit.com.pl\/?post_type=product&#038;p=359"},"modified":"2026-04-21T19:50:54","modified_gmt":"2026-04-21T17:50:54","slug":"lamelin-ampulka-z-retinolem-i-peptydami-z-24-karatowym-zlotem","status":"publish","type":"product","link":"https:\/\/lamelin2.infit.com.pl\/?product=lamelin-ampulka-z-retinolem-i-peptydami-z-24-karatowym-zlotem","title":{"rendered":"LAMELIN Ampu\u0142ka z Retinolem i Peptydami z 24-karatowym Z\u0142otem"},"content":{"rendered":"<p>Ampu\u0142ka zawieraj\u0105ca 24-karatowe z\u0142oto, retinol oraz peptydy, kt\u00f3re poprawiaj\u0105 elastyczno\u015b\u0107 i blask sk\u00f3ry<br \/>\nKosmetyk o podw\u00f3jnym dzia\u0142aniu: przeciwzmarszczkowy i rozja\u015bniaj\u0105cy<\/p>\n<h3>Polecany dla<\/h3>\n<ul>\n<li>Sk\u00f3ry wiotkiej i pozbawionej blasku<\/li>\n<li>Sk\u00f3ry szorstkiej i matowej, potrzebuj\u0105cej nawil\u017cenia<\/li>\n<\/ul>\n<h3>Sk\u0142adniki<\/h3>\n<ul>\n<li>24K z\u0142oto<\/li>\n<li>Palmitoylpentapeptyd-4<\/li>\n<li>Acetylheksapeptyd-8<\/li>\n<li>Retinol<\/li>\n<\/ul>\n","protected":false},"excerpt":{"rendered":"<p>Ampu\u0142ka z 24K z\u0142otem, retinolem i peptydami, 105 ml<\/p>\n","protected":false},"featured_media":1534,"comment_status":"open","ping_status":"closed","template":"","meta":{"_kad_blocks_custom_css":"","_kad_blocks_head_custom_js":"","_kad_blocks_body_custom_js":"","_kad_blocks_footer_custom_js":"","_kad_post_transparent":"default","_kad_post_title":"","_kad_post_layout":"default","_kad_post_sidebar_id":"","_kad_post_content_style":"default","_kad_post_vertical_padding":"default","_kad_post_feature":"","_kad_post_feature_position":"","_kad_post_header":false,"_kad_post_footer":false,"_kad_post_classname":""},"product_brand":[],"product_cat":[16],"product_tag":[60],"class_list":{"0":"post-359","1":"product","2":"type-product","3":"status-publish","4":"has-post-thumbnail","6":"product_cat-pielegnacja-skory","7":"product_tag-wyroznione","9":"first","10":"instock","11":"taxable","12":"shipping-taxable","13":"purchasable","14":"product-type-simple","15":"entry","16":"content-bg","17":"loop-entry"},"taxonomy_info":{"product_cat":[{"value":16,"label":"Piel\u0119gnacja sk\u00f3ry"}],"product_tag":[{"value":60,"label":"Wyr\u00f3\u017cnione"}]},"featured_image_src_large":["https:\/\/lamelin2.infit.com.pl\/wp-content\/uploads\/2026\/03\/lamelin-ampulka-retinol-peptydy-zloto.webp",1000,1000,false],"author_info":[],"comment_info":0,"_links":{"self":[{"href":"https:\/\/lamelin2.infit.com.pl\/index.php?rest_route=\/wp\/v2\/product\/359","targetHints":{"allow":["GET"]}}],"collection":[{"href":"https:\/\/lamelin2.infit.com.pl\/index.php?rest_route=\/wp\/v2\/product"}],"about":[{"href":"https:\/\/lamelin2.infit.com.pl\/index.php?rest_route=\/wp\/v2\/types\/product"}],"replies":[{"embeddable":true,"href":"https:\/\/lamelin2.infit.com.pl\/index.php?rest_route=%2Fwp%2Fv2%2Fcomments&post=359"}],"wp:featuredmedia":[{"embeddable":true,"href":"https:\/\/lamelin2.infit.com.pl\/index.php?rest_route=\/wp\/v2\/media\/1534"}],"wp:attachment":[{"href":"https:\/\/lamelin2.infit.com.pl\/index.php?rest_route=%2Fwp%2Fv2%2Fmedia&parent=359"}],"wp:term":[{"taxonomy":"product_brand","embeddable":true,"href":"https:\/\/lamelin2.infit.com.pl\/index.php?rest_route=%2Fwp%2Fv2%2Fproduct_brand&post=359"},{"taxonomy":"product_cat","embeddable":true,"href":"https:\/\/lamelin2.infit.com.pl\/index.php?rest_route=%2Fwp%2Fv2%2Fproduct_cat&post=359"},{"taxonomy":"product_tag","embeddable":true,"href":"https:\/\/lamelin2.infit.com.pl\/index.php?rest_route=%2Fwp%2Fv2%2Fproduct_tag&post=359"}],"curies":[{"name":"wp","href":"https:\/\/api.w.org\/{rel}","templated":true}]}}