{"id":358,"date":"2026-03-18T20:12:35","date_gmt":"2026-03-18T19:12:35","guid":{"rendered":"https:\/\/lamelin2.infit.com.pl\/?post_type=product&#038;p=358"},"modified":"2026-04-21T19:35:22","modified_gmt":"2026-04-21T17:35:22","slug":"lamelin-luksusowa-ampulka-kolagenowa-z-24k-zlotem","status":"publish","type":"product","link":"https:\/\/lamelin2.infit.com.pl\/?product=lamelin-luksusowa-ampulka-kolagenowa-z-24k-zlotem","title":{"rendered":"LAMELIN Luksusowa Ampu\u0142ka Kolagenowa z 24K Z\u0142otem"},"content":{"rendered":"<p>Ampu\u0142ka zawieraj\u0105ca 24-karatowe z\u0142oto, kolagen oraz peptydy, kt\u00f3re poprawiaj\u0105 elastyczno\u015b\u0107 i promienno\u015b\u0107 sk\u00f3ry<br \/>\nKosmetyk o podw\u00f3jnym dzia\u0142aniu: przeciwzmarszczkowy i rozja\u015bniaj\u0105cy<\/p>\n<h3>Polecany dla<\/h3>\n<ul>\n<li>Os\u00f3b w wieku, w kt\u00f3rym pojawiaj\u0105 si\u0119 drobne zmarszczki na sk\u00f3rze<\/li>\n<li>Os\u00f3b zaniepokojonych utrat\u0105 elastyczno\u015bci sk\u00f3ry<\/li>\n<\/ul>\n<h3>G\u0142\u00f3wne sk\u0142adniki<\/h3>\n<ul>\n<li>24-karatowe z\u0142oto<\/li>\n<li>Hydrolizowany kolagen<\/li>\n<li>Palmitoylpentapeptyd-4<\/li>\n<li>Acetyl heksapeptyd-8<\/li>\n<\/ul>\n","protected":false},"excerpt":{"rendered":"<p>Ampu\u0142ka Prestige z kolagenem i 24K z\u0142otem, 105 ml<\/p>\n","protected":false},"featured_media":1498,"comment_status":"open","ping_status":"closed","template":"","meta":{"_kad_blocks_custom_css":"","_kad_blocks_head_custom_js":"","_kad_blocks_body_custom_js":"","_kad_blocks_footer_custom_js":"","_kad_post_transparent":"default","_kad_post_title":"","_kad_post_layout":"default","_kad_post_sidebar_id":"","_kad_post_content_style":"default","_kad_post_vertical_padding":"default","_kad_post_feature":"","_kad_post_feature_position":"","_kad_post_header":false,"_kad_post_footer":false,"_kad_post_classname":""},"product_brand":[],"product_cat":[16],"product_tag":[60],"class_list":{"0":"post-358","1":"product","2":"type-product","3":"status-publish","4":"has-post-thumbnail","6":"product_cat-pielegnacja-skory","7":"product_tag-wyroznione","9":"first","10":"instock","11":"taxable","12":"shipping-taxable","13":"purchasable","14":"product-type-simple","15":"entry","16":"content-bg","17":"loop-entry"},"taxonomy_info":{"product_cat":[{"value":16,"label":"Piel\u0119gnacja sk\u00f3ry"}],"product_tag":[{"value":60,"label":"Wyr\u00f3\u017cnione"}]},"featured_image_src_large":["https:\/\/lamelin2.infit.com.pl\/wp-content\/uploads\/2026\/03\/lamelin-luksusowa-ampulka-kolagenowa-zloto.webp",1000,1000,false],"author_info":[],"comment_info":0,"_links":{"self":[{"href":"https:\/\/lamelin2.infit.com.pl\/index.php?rest_route=\/wp\/v2\/product\/358","targetHints":{"allow":["GET"]}}],"collection":[{"href":"https:\/\/lamelin2.infit.com.pl\/index.php?rest_route=\/wp\/v2\/product"}],"about":[{"href":"https:\/\/lamelin2.infit.com.pl\/index.php?rest_route=\/wp\/v2\/types\/product"}],"replies":[{"embeddable":true,"href":"https:\/\/lamelin2.infit.com.pl\/index.php?rest_route=%2Fwp%2Fv2%2Fcomments&post=358"}],"wp:featuredmedia":[{"embeddable":true,"href":"https:\/\/lamelin2.infit.com.pl\/index.php?rest_route=\/wp\/v2\/media\/1498"}],"wp:attachment":[{"href":"https:\/\/lamelin2.infit.com.pl\/index.php?rest_route=%2Fwp%2Fv2%2Fmedia&parent=358"}],"wp:term":[{"taxonomy":"product_brand","embeddable":true,"href":"https:\/\/lamelin2.infit.com.pl\/index.php?rest_route=%2Fwp%2Fv2%2Fproduct_brand&post=358"},{"taxonomy":"product_cat","embeddable":true,"href":"https:\/\/lamelin2.infit.com.pl\/index.php?rest_route=%2Fwp%2Fv2%2Fproduct_cat&post=358"},{"taxonomy":"product_tag","embeddable":true,"href":"https:\/\/lamelin2.infit.com.pl\/index.php?rest_route=%2Fwp%2Fv2%2Fproduct_tag&post=358"}],"curies":[{"name":"wp","href":"https:\/\/api.w.org\/{rel}","templated":true}]}}