{"id":1221,"date":"2026-04-07T23:05:55","date_gmt":"2026-04-07T21:05:55","guid":{"rendered":"https:\/\/lamelin2.infit.com.pl\/?post_type=product&#038;p=1221"},"modified":"2026-04-21T17:19:00","modified_gmt":"2026-04-21T15:19:00","slug":"lamelin-nocna-maska-do-ust-mango-goodnight","status":"publish","type":"product","link":"https:\/\/lamelin2.infit.com.pl\/?product=lamelin-nocna-maska-do-ust-mango-goodnight","title":{"rendered":"LAMELIN Nocna Maska Do Ust \u2013 Mango Goodnight"},"content":{"rendered":"<p>Regeneruj\u0105ca maska do ust na noc Mango 6.5g<\/p>\n<h3><strong>Polecany dla<\/strong><\/h3>\n<ul>\n<li>Mi\u0142o\u015bnik\u00f3w s\u0142odkiego zapachu mango<\/li>\n<li>Os\u00f3b, kt\u00f3re chc\u0105 nawil\u017ca\u0107 i piel\u0119gnowa\u0107 usta podczas snu<\/li>\n<li>Szukaj\u0105cych uroczego, \u017c\u00f3\u0142tego odcienia z nut\u0105 s\u0142odko-orze\u017awiaj\u0105cego blasku mango<\/li>\n<\/ul>\n<h3><strong>G\u0142\u00f3wne sk\u0142adniki<\/strong><\/h3>\n<ul>\n<li>Mas\u0142o Shea<\/li>\n<li>Tokoferol<\/li>\n<\/ul>\n<p>&nbsp;<\/p>\n","protected":false},"excerpt":{"rendered":"<p>Maska do ust na noc, kt\u00f3ra piel\u0119gnuje usta przez ca\u0142\u0105 noc, wzbogacona s\u0142odko-orze\u017awiaj\u0105cym blaskiem mango.<\/p>\n","protected":false},"featured_media":0,"comment_status":"open","ping_status":"closed","template":"","meta":{"_kad_blocks_custom_css":"","_kad_blocks_head_custom_js":"","_kad_blocks_body_custom_js":"","_kad_blocks_footer_custom_js":"","_kad_post_transparent":"default","_kad_post_title":"","_kad_post_layout":"default","_kad_post_sidebar_id":"","_kad_post_content_style":"default","_kad_post_vertical_padding":"default","_kad_post_feature":"","_kad_post_feature_position":"","_kad_post_header":false,"_kad_post_footer":false,"_kad_post_classname":""},"product_brand":[],"product_cat":[16],"product_tag":[],"class_list":{"0":"post-1221","1":"product","2":"type-product","3":"status-publish","5":"product_cat-pielegnacja-skory","7":"first","8":"instock","9":"taxable","10":"shipping-taxable","11":"purchasable","12":"product-type-simple","13":"entry","14":"content-bg","15":"loop-entry"},"taxonomy_info":{"product_cat":[{"value":16,"label":"Piel\u0119gnacja sk\u00f3ry"}]},"featured_image_src_large":false,"author_info":[],"comment_info":0,"_links":{"self":[{"href":"https:\/\/lamelin2.infit.com.pl\/index.php?rest_route=\/wp\/v2\/product\/1221","targetHints":{"allow":["GET"]}}],"collection":[{"href":"https:\/\/lamelin2.infit.com.pl\/index.php?rest_route=\/wp\/v2\/product"}],"about":[{"href":"https:\/\/lamelin2.infit.com.pl\/index.php?rest_route=\/wp\/v2\/types\/product"}],"replies":[{"embeddable":true,"href":"https:\/\/lamelin2.infit.com.pl\/index.php?rest_route=%2Fwp%2Fv2%2Fcomments&post=1221"}],"wp:attachment":[{"href":"https:\/\/lamelin2.infit.com.pl\/index.php?rest_route=%2Fwp%2Fv2%2Fmedia&parent=1221"}],"wp:term":[{"taxonomy":"product_brand","embeddable":true,"href":"https:\/\/lamelin2.infit.com.pl\/index.php?rest_route=%2Fwp%2Fv2%2Fproduct_brand&post=1221"},{"taxonomy":"product_cat","embeddable":true,"href":"https:\/\/lamelin2.infit.com.pl\/index.php?rest_route=%2Fwp%2Fv2%2Fproduct_cat&post=1221"},{"taxonomy":"product_tag","embeddable":true,"href":"https:\/\/lamelin2.infit.com.pl\/index.php?rest_route=%2Fwp%2Fv2%2Fproduct_tag&post=1221"}],"curies":[{"name":"wp","href":"https:\/\/api.w.org\/{rel}","templated":true}]}}