{"id":1207,"date":"2026-04-07T23:01:51","date_gmt":"2026-04-07T21:01:51","guid":{"rendered":"https:\/\/lamelin2.infit.com.pl\/?post_type=product&#038;p=1207"},"modified":"2026-04-21T17:19:45","modified_gmt":"2026-04-21T15:19:45","slug":"lamelin-wodoodporny-eyeliner-smooth","status":"publish","type":"product","link":"https:\/\/lamelin2.infit.com.pl\/?product=lamelin-wodoodporny-eyeliner-smooth","title":{"rendered":"LAMELIN Wodoodporny Eyeliner Smooth"},"content":{"rendered":"<p>Wodoodporny Eyeliner do Oczu \u2013 G\u0142adka Aplikacja 0,5g<\/p>\n<h3>Polecany dla<\/h3>\n<ul>\n<li>Os\u00f3b, kt\u00f3re chc\u0105 utrzyma\u0107 kresk\u0119 na oku przez d\u0142ugi czas bez rozmazywania<\/li>\n<li>Os\u00f3b, kt\u00f3re pragn\u0105 uzyska\u0107 wyra\u017an\u0105 i precyzyjn\u0105 lini\u0119 eyelinera<\/li>\n<\/ul>\n<h3>G\u0142\u00f3wne sk\u0142adniki<\/h3>\n<ul>\n<li>Glikol pentylenowy<\/li>\n<li>Tr\u00f3jgliceryd kaprylowo-kaprynowy<\/li>\n<\/ul>\n","protected":false},"excerpt":{"rendered":"<p>Wodoodporny eyeliner, kt\u00f3ry jest elastyczny i nie odkszta\u0142ca si\u0119 nawet po wielokrotnym u\u017cyciu, dzi\u0119ki ko\u0144c\u00f3wce z g\u0105bki o wysokiej g\u0119sto\u015bci.<\/p>\n","protected":false},"featured_media":0,"comment_status":"open","ping_status":"closed","template":"","meta":{"_kad_blocks_custom_css":"","_kad_blocks_head_custom_js":"","_kad_blocks_body_custom_js":"","_kad_blocks_footer_custom_js":"","_kad_post_transparent":"default","_kad_post_title":"","_kad_post_layout":"default","_kad_post_sidebar_id":"","_kad_post_content_style":"default","_kad_post_vertical_padding":"default","_kad_post_feature":"","_kad_post_feature_position":"","_kad_post_header":false,"_kad_post_footer":false,"_kad_post_classname":""},"product_brand":[],"product_cat":[18],"product_tag":[],"class_list":{"0":"post-1207","1":"product","2":"type-product","3":"status-publish","5":"product_cat-makijaz","7":"first","8":"instock","9":"taxable","10":"shipping-taxable","11":"purchasable","12":"product-type-simple","13":"entry","14":"content-bg","15":"loop-entry"},"taxonomy_info":{"product_cat":[{"value":18,"label":"Makija\u017c"}]},"featured_image_src_large":false,"author_info":[],"comment_info":0,"_links":{"self":[{"href":"https:\/\/lamelin2.infit.com.pl\/index.php?rest_route=\/wp\/v2\/product\/1207","targetHints":{"allow":["GET"]}}],"collection":[{"href":"https:\/\/lamelin2.infit.com.pl\/index.php?rest_route=\/wp\/v2\/product"}],"about":[{"href":"https:\/\/lamelin2.infit.com.pl\/index.php?rest_route=\/wp\/v2\/types\/product"}],"replies":[{"embeddable":true,"href":"https:\/\/lamelin2.infit.com.pl\/index.php?rest_route=%2Fwp%2Fv2%2Fcomments&post=1207"}],"wp:attachment":[{"href":"https:\/\/lamelin2.infit.com.pl\/index.php?rest_route=%2Fwp%2Fv2%2Fmedia&parent=1207"}],"wp:term":[{"taxonomy":"product_brand","embeddable":true,"href":"https:\/\/lamelin2.infit.com.pl\/index.php?rest_route=%2Fwp%2Fv2%2Fproduct_brand&post=1207"},{"taxonomy":"product_cat","embeddable":true,"href":"https:\/\/lamelin2.infit.com.pl\/index.php?rest_route=%2Fwp%2Fv2%2Fproduct_cat&post=1207"},{"taxonomy":"product_tag","embeddable":true,"href":"https:\/\/lamelin2.infit.com.pl\/index.php?rest_route=%2Fwp%2Fv2%2Fproduct_tag&post=1207"}],"curies":[{"name":"wp","href":"https:\/\/api.w.org\/{rel}","templated":true}]}}