{"id":1203,"date":"2026-04-07T23:00:37","date_gmt":"2026-04-07T21:00:37","guid":{"rendered":"https:\/\/lamelin2.infit.com.pl\/?post_type=product&#038;p=1203"},"modified":"2026-04-21T17:20:18","modified_gmt":"2026-04-21T15:20:18","slug":"lamelin-podklad-z-kolagenem-no-21","status":"publish","type":"product","link":"https:\/\/lamelin2.infit.com.pl\/?product=lamelin-podklad-z-kolagenem-no-21","title":{"rendered":"LAMELIN Podk\u0142ad z Kolagenem \u2013 No.21"},"content":{"rendered":"<p>Podk\u0142ad z Kolagenem 100ml (#21\/23)<\/p>\n<h3>Polecany dla<\/h3>\n<ul>\n<li>Os\u00f3b, kt\u00f3re chc\u0105 nawil\u017conego i naturalnego makija\u017cu<\/li>\n<li>Os\u00f3b dbaj\u0105cych o elastyczno\u015b\u0107 i promienny wygl\u0105d sk\u00f3ry<\/li>\n<\/ul>\n<h3>G\u0142\u00f3wne sk\u0142adniki<\/h3>\n<ul>\n<li>Hydrolizowany kolagen<\/li>\n<li>Ekstrakt z kory morwy<\/li>\n<li>Ekstrakt z w\u0105kroty azjatyckiej (Centella Asiatica)<\/li>\n<\/ul>\n","protected":false},"excerpt":{"rendered":"<p>Podk\u0142ad, kt\u00f3ry gwarantuje g\u0142adkie, jednolite wyko\u0144czenie sk\u00f3ry o wysokim stopniu krycia, bez efektu grudek.<br \/>\nKosmetyki o funkcji ochrony przeciws\u0142onecznej<\/p>\n","protected":false},"featured_media":0,"comment_status":"open","ping_status":"closed","template":"","meta":{"_kad_blocks_custom_css":"","_kad_blocks_head_custom_js":"","_kad_blocks_body_custom_js":"","_kad_blocks_footer_custom_js":"","_kad_post_transparent":"default","_kad_post_title":"","_kad_post_layout":"default","_kad_post_sidebar_id":"","_kad_post_content_style":"default","_kad_post_vertical_padding":"default","_kad_post_feature":"","_kad_post_feature_position":"","_kad_post_header":false,"_kad_post_footer":false,"_kad_post_classname":""},"product_brand":[],"product_cat":[18],"product_tag":[],"class_list":{"0":"post-1203","1":"product","2":"type-product","3":"status-publish","5":"product_cat-makijaz","7":"first","8":"instock","9":"taxable","10":"shipping-taxable","11":"purchasable","12":"product-type-simple","13":"entry","14":"content-bg","15":"loop-entry"},"taxonomy_info":{"product_cat":[{"value":18,"label":"Makija\u017c"}]},"featured_image_src_large":false,"author_info":[],"comment_info":0,"_links":{"self":[{"href":"https:\/\/lamelin2.infit.com.pl\/index.php?rest_route=\/wp\/v2\/product\/1203","targetHints":{"allow":["GET"]}}],"collection":[{"href":"https:\/\/lamelin2.infit.com.pl\/index.php?rest_route=\/wp\/v2\/product"}],"about":[{"href":"https:\/\/lamelin2.infit.com.pl\/index.php?rest_route=\/wp\/v2\/types\/product"}],"replies":[{"embeddable":true,"href":"https:\/\/lamelin2.infit.com.pl\/index.php?rest_route=%2Fwp%2Fv2%2Fcomments&post=1203"}],"wp:attachment":[{"href":"https:\/\/lamelin2.infit.com.pl\/index.php?rest_route=%2Fwp%2Fv2%2Fmedia&parent=1203"}],"wp:term":[{"taxonomy":"product_brand","embeddable":true,"href":"https:\/\/lamelin2.infit.com.pl\/index.php?rest_route=%2Fwp%2Fv2%2Fproduct_brand&post=1203"},{"taxonomy":"product_cat","embeddable":true,"href":"https:\/\/lamelin2.infit.com.pl\/index.php?rest_route=%2Fwp%2Fv2%2Fproduct_cat&post=1203"},{"taxonomy":"product_tag","embeddable":true,"href":"https:\/\/lamelin2.infit.com.pl\/index.php?rest_route=%2Fwp%2Fv2%2Fproduct_tag&post=1203"}],"curies":[{"name":"wp","href":"https:\/\/api.w.org\/{rel}","templated":true}]}}