{"id":1199,"date":"2026-04-07T22:59:18","date_gmt":"2026-04-07T20:59:18","guid":{"rendered":"https:\/\/lamelin2.infit.com.pl\/?post_type=product&#038;p=1199"},"modified":"2026-04-21T22:00:44","modified_gmt":"2026-04-21T20:00:44","slug":"lamelin-puder-matujacy-perfect-sebum","status":"publish","type":"product","link":"https:\/\/lamelin2.infit.com.pl\/?product=lamelin-puder-matujacy-perfect-sebum","title":{"rendered":"LAMELIN Puder Matuj\u0105cy Perfect Sebum"},"content":{"rendered":"<p>Perfect Sebum Cut \u2014 Puder matuj\u0105cy 5 g<\/p>\n<h3>Polecany dla<\/h3>\n<ul>\n<li>Os\u00f3b, kt\u00f3re obawiaj\u0105 si\u0119 rozmazywania makija\u017cu<\/li>\n<li>Wszystkich typ\u00f3w sk\u00f3ry z nadmiern\u0105 produkcj\u0105 sebum<\/li>\n<\/ul>\n<h3>G\u0142\u00f3wne sk\u0142adniki<\/h3>\n<ul>\n<li>Ekstrakt z niskos\u0142odzonej bor\u00f3wki<\/li>\n<li>Ekstrakt z maliny<\/li>\n<li>Ekstrakt z owoc\u00f3w morwy<\/li>\n<\/ul>\n","protected":false},"excerpt":{"rendered":"<p>Puder kontroluj\u0105cy wydzielanie sebum o s\u0142odkim, owocowym zapachu, kt\u00f3ry matuje sk\u00f3r\u0119 i zapewnia g\u0142adkie wyko\u0144czenie.<\/p>\n","protected":false},"featured_media":1562,"comment_status":"open","ping_status":"closed","template":"","meta":{"_kad_blocks_custom_css":"","_kad_blocks_head_custom_js":"","_kad_blocks_body_custom_js":"","_kad_blocks_footer_custom_js":"","_kad_post_transparent":"default","_kad_post_title":"","_kad_post_layout":"default","_kad_post_sidebar_id":"","_kad_post_content_style":"default","_kad_post_vertical_padding":"default","_kad_post_feature":"","_kad_post_feature_position":"","_kad_post_header":false,"_kad_post_footer":false,"_kad_post_classname":""},"product_brand":[],"product_cat":[18],"product_tag":[],"class_list":{"0":"post-1199","1":"product","2":"type-product","3":"status-publish","4":"has-post-thumbnail","6":"product_cat-makijaz","8":"first","9":"instock","10":"taxable","11":"shipping-taxable","12":"purchasable","13":"product-type-simple","14":"entry","15":"content-bg","16":"loop-entry"},"taxonomy_info":{"product_cat":[{"value":18,"label":"Makija\u017c"}]},"featured_image_src_large":["https:\/\/lamelin2.infit.com.pl\/wp-content\/uploads\/2026\/04\/lameloin-puder-matujacy-perfect-sebum.webp",1000,1000,false],"author_info":[],"comment_info":0,"_links":{"self":[{"href":"https:\/\/lamelin2.infit.com.pl\/index.php?rest_route=\/wp\/v2\/product\/1199","targetHints":{"allow":["GET"]}}],"collection":[{"href":"https:\/\/lamelin2.infit.com.pl\/index.php?rest_route=\/wp\/v2\/product"}],"about":[{"href":"https:\/\/lamelin2.infit.com.pl\/index.php?rest_route=\/wp\/v2\/types\/product"}],"replies":[{"embeddable":true,"href":"https:\/\/lamelin2.infit.com.pl\/index.php?rest_route=%2Fwp%2Fv2%2Fcomments&post=1199"}],"wp:featuredmedia":[{"embeddable":true,"href":"https:\/\/lamelin2.infit.com.pl\/index.php?rest_route=\/wp\/v2\/media\/1562"}],"wp:attachment":[{"href":"https:\/\/lamelin2.infit.com.pl\/index.php?rest_route=%2Fwp%2Fv2%2Fmedia&parent=1199"}],"wp:term":[{"taxonomy":"product_brand","embeddable":true,"href":"https:\/\/lamelin2.infit.com.pl\/index.php?rest_route=%2Fwp%2Fv2%2Fproduct_brand&post=1199"},{"taxonomy":"product_cat","embeddable":true,"href":"https:\/\/lamelin2.infit.com.pl\/index.php?rest_route=%2Fwp%2Fv2%2Fproduct_cat&post=1199"},{"taxonomy":"product_tag","embeddable":true,"href":"https:\/\/lamelin2.infit.com.pl\/index.php?rest_route=%2Fwp%2Fv2%2Fproduct_tag&post=1199"}],"curies":[{"name":"wp","href":"https:\/\/api.w.org\/{rel}","templated":true}]}}