{"id":1197,"date":"2026-04-07T22:58:45","date_gmt":"2026-04-07T20:58:45","guid":{"rendered":"https:\/\/lamelin2.infit.com.pl\/?post_type=product&#038;p=1197"},"modified":"2026-04-21T17:20:27","modified_gmt":"2026-04-21T15:20:27","slug":"lamelin-perfum-odyssey-breeze-oceaniczny","status":"publish","type":"product","link":"https:\/\/lamelin2.infit.com.pl\/?product=lamelin-perfum-odyssey-breeze-oceaniczny","title":{"rendered":"LAMELIN Perfum Odyssey Breeze \u2013 oceaniczny"},"content":{"rendered":"<p>Odyssey Breeze Perfumy Oceaniczne 50ml<\/p>\n<h3><strong>Polecane dla<\/strong><\/h3>\n<ul>\n<li>Mi\u0142o\u015bnik\u00f3w orze\u017awiaj\u0105cych, wodnych zapach\u00f3w<\/li>\n<li>Os\u00f3b ceni\u0105cych perfumy o d\u0142ugotrwa\u0142ej trwa\u0142o\u015bci, kt\u00f3re utrzymuj\u0105 si\u0119 przez wiele godzin<\/li>\n<\/ul>\n","protected":false},"excerpt":{"rendered":"<p>Orze\u017awiaj\u0105ce perfumy o wilgotnym, ch\u0142odnym, wodnym aromacie, przypominaj\u0105cym ch\u0142odn\u0105 bryz\u0119 wiej\u0105c\u0105 znad morza.<\/p>\n","protected":false},"featured_media":0,"comment_status":"open","ping_status":"closed","template":"","meta":{"_kad_blocks_custom_css":"","_kad_blocks_head_custom_js":"","_kad_blocks_body_custom_js":"","_kad_blocks_footer_custom_js":"","_kad_post_transparent":"default","_kad_post_title":"","_kad_post_layout":"default","_kad_post_sidebar_id":"","_kad_post_content_style":"default","_kad_post_vertical_padding":"default","_kad_post_feature":"","_kad_post_feature_position":"","_kad_post_header":false,"_kad_post_footer":false,"_kad_post_classname":""},"product_brand":[],"product_cat":[23],"product_tag":[],"class_list":{"0":"post-1197","1":"product","2":"type-product","3":"status-publish","5":"product_cat-perfumy","7":"first","8":"instock","9":"taxable","10":"shipping-taxable","11":"purchasable","12":"product-type-simple","13":"entry","14":"content-bg","15":"loop-entry"},"taxonomy_info":{"product_cat":[{"value":23,"label":"Perfumy"}]},"featured_image_src_large":false,"author_info":[],"comment_info":0,"_links":{"self":[{"href":"https:\/\/lamelin2.infit.com.pl\/index.php?rest_route=\/wp\/v2\/product\/1197","targetHints":{"allow":["GET"]}}],"collection":[{"href":"https:\/\/lamelin2.infit.com.pl\/index.php?rest_route=\/wp\/v2\/product"}],"about":[{"href":"https:\/\/lamelin2.infit.com.pl\/index.php?rest_route=\/wp\/v2\/types\/product"}],"replies":[{"embeddable":true,"href":"https:\/\/lamelin2.infit.com.pl\/index.php?rest_route=%2Fwp%2Fv2%2Fcomments&post=1197"}],"wp:attachment":[{"href":"https:\/\/lamelin2.infit.com.pl\/index.php?rest_route=%2Fwp%2Fv2%2Fmedia&parent=1197"}],"wp:term":[{"taxonomy":"product_brand","embeddable":true,"href":"https:\/\/lamelin2.infit.com.pl\/index.php?rest_route=%2Fwp%2Fv2%2Fproduct_brand&post=1197"},{"taxonomy":"product_cat","embeddable":true,"href":"https:\/\/lamelin2.infit.com.pl\/index.php?rest_route=%2Fwp%2Fv2%2Fproduct_cat&post=1197"},{"taxonomy":"product_tag","embeddable":true,"href":"https:\/\/lamelin2.infit.com.pl\/index.php?rest_route=%2Fwp%2Fv2%2Fproduct_tag&post=1197"}],"curies":[{"name":"wp","href":"https:\/\/api.w.org\/{rel}","templated":true}]}}