{"id":1195,"date":"2026-04-07T22:58:18","date_gmt":"2026-04-07T20:58:18","guid":{"rendered":"https:\/\/lamelin2.infit.com.pl\/?post_type=product&#038;p=1195"},"modified":"2026-04-21T17:20:30","modified_gmt":"2026-04-21T15:20:30","slug":"lamelin-perfum-odyssey-breeze-zapach-kwiatowy","status":"publish","type":"product","link":"https:\/\/lamelin2.infit.com.pl\/?product=lamelin-perfum-odyssey-breeze-zapach-kwiatowy","title":{"rendered":"LAMELIN Perfum Odyssey Breeze \u2013 zapach kwiatowy"},"content":{"rendered":"<p>Odyssey Breeze Perfumy Kwiatowe 50ml<\/p>\n<h3><strong>Polecane dla<\/strong><\/h3>\n<ul>\n<li>Os\u00f3b, kt\u00f3re ceni\u0105 sobie eleganckie, kwiatowe zapachy<\/li>\n<li>Tych, kt\u00f3rzy szukaj\u0105 perfum o wyj\u0105tkowej trwa\u0142o\u015bci, utrzymuj\u0105cych si\u0119 przez d\u0142ugi czas<\/li>\n<\/ul>\n","protected":false},"excerpt":{"rendered":"<p>Romantyczne perfumy o eleganckim, bogatym kwiatowym zapachu \u2013 niczym kwiat rozkwitaj\u0105cy w ciep\u0142ym, s\u0142onecznym \u015bwietle.<\/p>\n","protected":false},"featured_media":0,"comment_status":"open","ping_status":"closed","template":"","meta":{"_kad_blocks_custom_css":"","_kad_blocks_head_custom_js":"","_kad_blocks_body_custom_js":"","_kad_blocks_footer_custom_js":"","_kad_post_transparent":"default","_kad_post_title":"","_kad_post_layout":"default","_kad_post_sidebar_id":"","_kad_post_content_style":"default","_kad_post_vertical_padding":"default","_kad_post_feature":"","_kad_post_feature_position":"","_kad_post_header":false,"_kad_post_footer":false,"_kad_post_classname":""},"product_brand":[],"product_cat":[23],"product_tag":[],"class_list":{"0":"post-1195","1":"product","2":"type-product","3":"status-publish","5":"product_cat-perfumy","7":"first","8":"instock","9":"taxable","10":"shipping-taxable","11":"purchasable","12":"product-type-simple","13":"entry","14":"content-bg","15":"loop-entry"},"taxonomy_info":{"product_cat":[{"value":23,"label":"Perfumy"}]},"featured_image_src_large":false,"author_info":[],"comment_info":0,"_links":{"self":[{"href":"https:\/\/lamelin2.infit.com.pl\/index.php?rest_route=\/wp\/v2\/product\/1195","targetHints":{"allow":["GET"]}}],"collection":[{"href":"https:\/\/lamelin2.infit.com.pl\/index.php?rest_route=\/wp\/v2\/product"}],"about":[{"href":"https:\/\/lamelin2.infit.com.pl\/index.php?rest_route=\/wp\/v2\/types\/product"}],"replies":[{"embeddable":true,"href":"https:\/\/lamelin2.infit.com.pl\/index.php?rest_route=%2Fwp%2Fv2%2Fcomments&post=1195"}],"wp:attachment":[{"href":"https:\/\/lamelin2.infit.com.pl\/index.php?rest_route=%2Fwp%2Fv2%2Fmedia&parent=1195"}],"wp:term":[{"taxonomy":"product_brand","embeddable":true,"href":"https:\/\/lamelin2.infit.com.pl\/index.php?rest_route=%2Fwp%2Fv2%2Fproduct_brand&post=1195"},{"taxonomy":"product_cat","embeddable":true,"href":"https:\/\/lamelin2.infit.com.pl\/index.php?rest_route=%2Fwp%2Fv2%2Fproduct_cat&post=1195"},{"taxonomy":"product_tag","embeddable":true,"href":"https:\/\/lamelin2.infit.com.pl\/index.php?rest_route=%2Fwp%2Fv2%2Fproduct_tag&post=1195"}],"curies":[{"name":"wp","href":"https:\/\/api.w.org\/{rel}","templated":true}]}}