{"id":1193,"date":"2026-04-07T22:57:52","date_gmt":"2026-04-07T20:57:52","guid":{"rendered":"https:\/\/lamelin2.infit.com.pl\/?post_type=product&#038;p=1193"},"modified":"2026-04-21T17:20:33","modified_gmt":"2026-04-21T15:20:33","slug":"lamelin-perfum-odyssey-breeze-zapach-morski","status":"publish","type":"product","link":"https:\/\/lamelin2.infit.com.pl\/?product=lamelin-perfum-odyssey-breeze-zapach-morski","title":{"rendered":"LAMELIN Perfum Odyssey Breeze \u2013 zapach owocowy"},"content":{"rendered":"<p>Odyssey Breeze Perfumy Owocowe 50ml<\/p>\n<h3>Polecane dla<\/h3>\n<ul>\n<li>Mi\u0142o\u015bnik\u00f3w \u015bwie\u017cych, owocowych zapach\u00f3w<\/li>\n<li>Os\u00f3b ceni\u0105cych perfumy o d\u0142ugotrwa\u0142ej trwa\u0142o\u015bci, utrzymuj\u0105ce si\u0119 przez wiele godzin<\/li>\n<\/ul>\n","protected":false},"excerpt":{"rendered":"<p>Orze\u017awiaj\u0105ce i wyj\u0105tkowo aromatyczne perfumy o owocowej nucie, emanuj\u0105ce naturaln\u0105, pe\u0142n\u0105 \u017cycia energi\u0105.<\/p>\n","protected":false},"featured_media":0,"comment_status":"open","ping_status":"closed","template":"","meta":{"_kad_blocks_custom_css":"","_kad_blocks_head_custom_js":"","_kad_blocks_body_custom_js":"","_kad_blocks_footer_custom_js":"","_kad_post_transparent":"default","_kad_post_title":"","_kad_post_layout":"default","_kad_post_sidebar_id":"","_kad_post_content_style":"default","_kad_post_vertical_padding":"default","_kad_post_feature":"","_kad_post_feature_position":"","_kad_post_header":false,"_kad_post_footer":false,"_kad_post_classname":""},"product_brand":[],"product_cat":[23],"product_tag":[],"class_list":{"0":"post-1193","1":"product","2":"type-product","3":"status-publish","5":"product_cat-perfumy","7":"first","8":"instock","9":"taxable","10":"shipping-taxable","11":"purchasable","12":"product-type-simple","13":"entry","14":"content-bg","15":"loop-entry"},"taxonomy_info":{"product_cat":[{"value":23,"label":"Perfumy"}]},"featured_image_src_large":false,"author_info":[],"comment_info":0,"_links":{"self":[{"href":"https:\/\/lamelin2.infit.com.pl\/index.php?rest_route=\/wp\/v2\/product\/1193","targetHints":{"allow":["GET"]}}],"collection":[{"href":"https:\/\/lamelin2.infit.com.pl\/index.php?rest_route=\/wp\/v2\/product"}],"about":[{"href":"https:\/\/lamelin2.infit.com.pl\/index.php?rest_route=\/wp\/v2\/types\/product"}],"replies":[{"embeddable":true,"href":"https:\/\/lamelin2.infit.com.pl\/index.php?rest_route=%2Fwp%2Fv2%2Fcomments&post=1193"}],"wp:attachment":[{"href":"https:\/\/lamelin2.infit.com.pl\/index.php?rest_route=%2Fwp%2Fv2%2Fmedia&parent=1193"}],"wp:term":[{"taxonomy":"product_brand","embeddable":true,"href":"https:\/\/lamelin2.infit.com.pl\/index.php?rest_route=%2Fwp%2Fv2%2Fproduct_brand&post=1193"},{"taxonomy":"product_cat","embeddable":true,"href":"https:\/\/lamelin2.infit.com.pl\/index.php?rest_route=%2Fwp%2Fv2%2Fproduct_cat&post=1193"},{"taxonomy":"product_tag","embeddable":true,"href":"https:\/\/lamelin2.infit.com.pl\/index.php?rest_route=%2Fwp%2Fv2%2Fproduct_tag&post=1193"}],"curies":[{"name":"wp","href":"https:\/\/api.w.org\/{rel}","templated":true}]}}