{"id":1191,"date":"2026-04-07T22:57:16","date_gmt":"2026-04-07T20:57:16","guid":{"rendered":"https:\/\/lamelin2.infit.com.pl\/?post_type=product&#038;p=1191"},"modified":"2026-04-21T17:20:37","modified_gmt":"2026-04-21T15:20:37","slug":"lamelin-serum-do-wlosow-z-olejkiem-arganowym","status":"publish","type":"product","link":"https:\/\/lamelin2.infit.com.pl\/?product=lamelin-serum-do-wlosow-z-olejkiem-arganowym","title":{"rendered":"LAMELIN Serum Do W\u0142os\u00f3w z Olejkiem Arganowym"},"content":{"rendered":"<p>Serum do w\u0142os\u00f3w z olejkiem Arganowym 100ml<\/p>\n<h3><strong>Polecany dla<\/strong><\/h3>\n<ul>\n<li>Os\u00f3b poszukuj\u0105cych spersonalizowanego serum do w\u0142os\u00f3w, dopasowanego do konkretnych problem\u00f3w<\/li>\n<li>Tych, kt\u00f3rzy chc\u0105 lekkiego serum do w\u0142os\u00f3w, kt\u00f3re nie pozostawia uczucia lepko\u015bci<\/li>\n<\/ul>\n<h3><strong>G\u0142\u00f3wne sk\u0142adniki<\/strong><\/h3>\n<ul>\n<li>Olej z nasion arganii (olej arganowy)<\/li>\n<li>Olej ze s\u0142odkich migda\u0142\u00f3w<\/li>\n<li>Olej z nasion jojoby<\/li>\n<li>Olej z nasion makadamii<\/li>\n<\/ul>\n<p>&nbsp;<\/p>\n","protected":false},"excerpt":{"rendered":"<p>Serum do w\u0142os\u00f3w Argan Original, kt\u00f3re nawil\u017ca suche w\u0142osy.<\/p>\n","protected":false},"featured_media":0,"comment_status":"open","ping_status":"closed","template":"","meta":{"_kad_blocks_custom_css":"","_kad_blocks_head_custom_js":"","_kad_blocks_body_custom_js":"","_kad_blocks_footer_custom_js":"","_kad_post_transparent":"default","_kad_post_title":"","_kad_post_layout":"default","_kad_post_sidebar_id":"","_kad_post_content_style":"default","_kad_post_vertical_padding":"default","_kad_post_feature":"","_kad_post_feature_position":"","_kad_post_header":false,"_kad_post_footer":false,"_kad_post_classname":""},"product_brand":[],"product_cat":[22],"product_tag":[],"class_list":{"0":"post-1191","1":"product","2":"type-product","3":"status-publish","5":"product_cat-pielegnacja-wlosow","7":"first","8":"instock","9":"taxable","10":"shipping-taxable","11":"purchasable","12":"product-type-simple","13":"entry","14":"content-bg","15":"loop-entry"},"taxonomy_info":{"product_cat":[{"value":22,"label":"Piel\u0119gnacja w\u0142os\u00f3w"}]},"featured_image_src_large":false,"author_info":[],"comment_info":0,"_links":{"self":[{"href":"https:\/\/lamelin2.infit.com.pl\/index.php?rest_route=\/wp\/v2\/product\/1191","targetHints":{"allow":["GET"]}}],"collection":[{"href":"https:\/\/lamelin2.infit.com.pl\/index.php?rest_route=\/wp\/v2\/product"}],"about":[{"href":"https:\/\/lamelin2.infit.com.pl\/index.php?rest_route=\/wp\/v2\/types\/product"}],"replies":[{"embeddable":true,"href":"https:\/\/lamelin2.infit.com.pl\/index.php?rest_route=%2Fwp%2Fv2%2Fcomments&post=1191"}],"wp:attachment":[{"href":"https:\/\/lamelin2.infit.com.pl\/index.php?rest_route=%2Fwp%2Fv2%2Fmedia&parent=1191"}],"wp:term":[{"taxonomy":"product_brand","embeddable":true,"href":"https:\/\/lamelin2.infit.com.pl\/index.php?rest_route=%2Fwp%2Fv2%2Fproduct_brand&post=1191"},{"taxonomy":"product_cat","embeddable":true,"href":"https:\/\/lamelin2.infit.com.pl\/index.php?rest_route=%2Fwp%2Fv2%2Fproduct_cat&post=1191"},{"taxonomy":"product_tag","embeddable":true,"href":"https:\/\/lamelin2.infit.com.pl\/index.php?rest_route=%2Fwp%2Fv2%2Fproduct_tag&post=1191"}],"curies":[{"name":"wp","href":"https:\/\/api.w.org\/{rel}","templated":true}]}}