{"id":1183,"date":"2026-04-07T22:54:46","date_gmt":"2026-04-07T20:54:46","guid":{"rendered":"https:\/\/lamelin2.infit.com.pl\/?post_type=product&#038;p=1183"},"modified":"2026-04-21T19:49:14","modified_gmt":"2026-04-21T17:49:14","slug":"lamelin-bio-solution-odzywka-profesjonalna","status":"publish","type":"product","link":"https:\/\/lamelin2.infit.com.pl\/?product=lamelin-bio-solution-odzywka-profesjonalna","title":{"rendered":"LAMELIN Bio Solution Od\u017cywka Profesjonalna"},"content":{"rendered":"<p>Bio Solution \u2013 Profesjonalna kuracja do w\u0142os\u00f3w 500 ml<\/p>\n<h3>Polecany dla<\/h3>\n<ul>\n<li>Os\u00f3b z w\u0142osami pozbawionymi elastyczno\u015bci i ze sk\u0142onno\u015bci\u0105 do opadania<\/li>\n<li>Os\u00f3b z pusz\u0105cymi si\u0119 i zniszczonymi w\u0142osami<\/li>\n<\/ul>\n<h3>G\u0142\u00f3wne sk\u0142adniki<\/h3>\n<ul>\n<li>G\u0142\u00f3wne sk\u0142adniki<\/li>\n<li>Hydrolizowany kolagen<\/li>\n<li>Filtrat ze \u015bluzu \u015blimaka<\/li>\n<li>Ekstrakt z ostu (karthamu)<\/li>\n<\/ul>\n","protected":false},"excerpt":{"rendered":"<p>Kuracja tworz\u0105ca nawil\u017caj\u0105c\u0105 warstw\u0119 ochronn\u0105, kt\u00f3ra sprawia, \u017ce zniszczone w\u0142osy staj\u0105 si\u0119 mi\u0119kkie i l\u015bni\u0105ce<\/p>\n","protected":false},"featured_media":1528,"comment_status":"open","ping_status":"closed","template":"","meta":{"_kad_blocks_custom_css":"","_kad_blocks_head_custom_js":"","_kad_blocks_body_custom_js":"","_kad_blocks_footer_custom_js":"","_kad_post_transparent":"default","_kad_post_title":"","_kad_post_layout":"default","_kad_post_sidebar_id":"","_kad_post_content_style":"default","_kad_post_vertical_padding":"default","_kad_post_feature":"","_kad_post_feature_position":"","_kad_post_header":false,"_kad_post_footer":false,"_kad_post_classname":""},"product_brand":[],"product_cat":[22],"product_tag":[],"class_list":{"0":"post-1183","1":"product","2":"type-product","3":"status-publish","4":"has-post-thumbnail","6":"product_cat-pielegnacja-wlosow","8":"first","9":"instock","10":"taxable","11":"shipping-taxable","12":"purchasable","13":"product-type-simple","14":"entry","15":"content-bg","16":"loop-entry"},"taxonomy_info":{"product_cat":[{"value":22,"label":"Piel\u0119gnacja w\u0142os\u00f3w"}]},"featured_image_src_large":["https:\/\/lamelin2.infit.com.pl\/wp-content\/uploads\/2026\/04\/lamelin-bio-solution-odzywka-profesjonalna.webp",1000,1000,false],"author_info":[],"comment_info":0,"_links":{"self":[{"href":"https:\/\/lamelin2.infit.com.pl\/index.php?rest_route=\/wp\/v2\/product\/1183","targetHints":{"allow":["GET"]}}],"collection":[{"href":"https:\/\/lamelin2.infit.com.pl\/index.php?rest_route=\/wp\/v2\/product"}],"about":[{"href":"https:\/\/lamelin2.infit.com.pl\/index.php?rest_route=\/wp\/v2\/types\/product"}],"replies":[{"embeddable":true,"href":"https:\/\/lamelin2.infit.com.pl\/index.php?rest_route=%2Fwp%2Fv2%2Fcomments&post=1183"}],"wp:featuredmedia":[{"embeddable":true,"href":"https:\/\/lamelin2.infit.com.pl\/index.php?rest_route=\/wp\/v2\/media\/1528"}],"wp:attachment":[{"href":"https:\/\/lamelin2.infit.com.pl\/index.php?rest_route=%2Fwp%2Fv2%2Fmedia&parent=1183"}],"wp:term":[{"taxonomy":"product_brand","embeddable":true,"href":"https:\/\/lamelin2.infit.com.pl\/index.php?rest_route=%2Fwp%2Fv2%2Fproduct_brand&post=1183"},{"taxonomy":"product_cat","embeddable":true,"href":"https:\/\/lamelin2.infit.com.pl\/index.php?rest_route=%2Fwp%2Fv2%2Fproduct_cat&post=1183"},{"taxonomy":"product_tag","embeddable":true,"href":"https:\/\/lamelin2.infit.com.pl\/index.php?rest_route=%2Fwp%2Fv2%2Fproduct_tag&post=1183"}],"curies":[{"name":"wp","href":"https:\/\/api.w.org\/{rel}","templated":true}]}}