{"id":1177,"date":"2026-04-07T22:52:34","date_gmt":"2026-04-07T20:52:34","guid":{"rendered":"https:\/\/lamelin2.infit.com.pl\/?post_type=product&#038;p=1177"},"modified":"2026-04-21T17:21:29","modified_gmt":"2026-04-21T15:21:29","slug":"lamelin-perfumowany-szampon-naturalny","status":"publish","type":"product","link":"https:\/\/lamelin2.infit.com.pl\/?product=lamelin-perfumowany-szampon-naturalny","title":{"rendered":"LAMELIN Perfumowany Szampon Naturalny"},"content":{"rendered":"<p>Szampon perfumowany z naturalnym aromatem 500 ml<\/p>\n<p>Kosmetyki o podw\u00f3jnym dzia\u0142aniu rozja\u015bniaj\u0105cym i przeciwzmarszczkowym.<\/p>\n<h3>Polecany dla<\/h3>\n<ul>\n<li>Os\u00f3b, kt\u00f3rym przeszkadza nieprzyjemny zapach w\u0142os\u00f3w<\/li>\n<li>Os\u00f3b z obni\u017con\u0105 elastyczno\u015bci\u0105 sk\u00f3ry g\u0142owy<\/li>\n<\/ul>\n<h3>G\u0142\u00f3wne sk\u0142adniki<\/h3>\n<ul>\n<li>G\u0142\u00f3wne sk\u0142adniki<\/li>\n<li>Hydrolizowana keratyna<\/li>\n<li>Hydrolizowany kolagen<\/li>\n<li>Ekstrakt z kwiatu rumianku<\/li>\n<\/ul>\n","protected":false},"excerpt":{"rendered":"<p>Szampon, kt\u00f3ry wzmacnia w\u0142osy dzi\u0119ki keratynie i kolagenowi<\/p>\n","protected":false},"featured_media":0,"comment_status":"open","ping_status":"closed","template":"","meta":{"_kad_blocks_custom_css":"","_kad_blocks_head_custom_js":"","_kad_blocks_body_custom_js":"","_kad_blocks_footer_custom_js":"","_kad_post_transparent":"default","_kad_post_title":"","_kad_post_layout":"default","_kad_post_sidebar_id":"","_kad_post_content_style":"default","_kad_post_vertical_padding":"default","_kad_post_feature":"","_kad_post_feature_position":"","_kad_post_header":false,"_kad_post_footer":false,"_kad_post_classname":""},"product_brand":[],"product_cat":[22],"product_tag":[],"class_list":{"0":"post-1177","1":"product","2":"type-product","3":"status-publish","5":"product_cat-pielegnacja-wlosow","7":"first","8":"instock","9":"taxable","10":"shipping-taxable","11":"purchasable","12":"product-type-simple","13":"entry","14":"content-bg","15":"loop-entry"},"taxonomy_info":{"product_cat":[{"value":22,"label":"Piel\u0119gnacja w\u0142os\u00f3w"}]},"featured_image_src_large":false,"author_info":[],"comment_info":0,"_links":{"self":[{"href":"https:\/\/lamelin2.infit.com.pl\/index.php?rest_route=\/wp\/v2\/product\/1177","targetHints":{"allow":["GET"]}}],"collection":[{"href":"https:\/\/lamelin2.infit.com.pl\/index.php?rest_route=\/wp\/v2\/product"}],"about":[{"href":"https:\/\/lamelin2.infit.com.pl\/index.php?rest_route=\/wp\/v2\/types\/product"}],"replies":[{"embeddable":true,"href":"https:\/\/lamelin2.infit.com.pl\/index.php?rest_route=%2Fwp%2Fv2%2Fcomments&post=1177"}],"wp:attachment":[{"href":"https:\/\/lamelin2.infit.com.pl\/index.php?rest_route=%2Fwp%2Fv2%2Fmedia&parent=1177"}],"wp:term":[{"taxonomy":"product_brand","embeddable":true,"href":"https:\/\/lamelin2.infit.com.pl\/index.php?rest_route=%2Fwp%2Fv2%2Fproduct_brand&post=1177"},{"taxonomy":"product_cat","embeddable":true,"href":"https:\/\/lamelin2.infit.com.pl\/index.php?rest_route=%2Fwp%2Fv2%2Fproduct_cat&post=1177"},{"taxonomy":"product_tag","embeddable":true,"href":"https:\/\/lamelin2.infit.com.pl\/index.php?rest_route=%2Fwp%2Fv2%2Fproduct_tag&post=1177"}],"curies":[{"name":"wp","href":"https:\/\/api.w.org\/{rel}","templated":true}]}}