{"id":1171,"date":"2026-04-07T22:50:51","date_gmt":"2026-04-07T20:50:51","guid":{"rendered":"https:\/\/lamelin2.infit.com.pl\/?post_type=product&#038;p=1171"},"modified":"2026-04-21T21:53:24","modified_gmt":"2026-04-21T19:53:24","slug":"lamelin-kojacy-i-nawilzajacy-zel-ze-sluzem-slimaka","status":"publish","type":"product","link":"https:\/\/lamelin2.infit.com.pl\/?product=lamelin-kojacy-i-nawilzajacy-zel-ze-sluzem-slimaka","title":{"rendered":"LAMELIN Koj\u0105cy i Nawil\u017caj\u0105cy \u017bel ze \u015aluzem \u015alimaka"},"content":{"rendered":"<p>\u017bel \u0142agodz\u0105cy ze \u015bluzem \u015blimaka 300ml<\/p>\n<h3>Polecany dla<\/h3>\n<ul>\n<li>Stosowania jako produkt po opalaniu na ca\u0142e cia\u0142o, gdzie sk\u00f3ra zosta\u0142a uszkodzona przez promienie UV<\/li>\n<li>Gdy stosowanie t\u0142ustego kremu do cia\u0142a jest uci\u0105\u017cliwe<\/li>\n<\/ul>\n<h3>G\u0142\u00f3wne sk\u0142adniki<\/h3>\n<ul>\n<li>Filtrat z wydzieliny \u015blimaka<\/li>\n<li>Z\u0142oto<\/li>\n<li>Woda kwiatowa z Ormenis Mixta<\/li>\n<li>Sok z brzozy platyphylla japonica<\/li>\n<\/ul>\n","protected":false},"excerpt":{"rendered":"<p>\u017bel \u0142agodz\u0105cy zawieraj\u0105cy filtrat ze \u015bluzu \u015blimaka<\/p>\n","protected":false},"featured_media":1558,"comment_status":"open","ping_status":"closed","template":"","meta":{"_kad_blocks_custom_css":"","_kad_blocks_head_custom_js":"","_kad_blocks_body_custom_js":"","_kad_blocks_footer_custom_js":"","_kad_post_transparent":"default","_kad_post_title":"","_kad_post_layout":"default","_kad_post_sidebar_id":"","_kad_post_content_style":"default","_kad_post_vertical_padding":"default","_kad_post_feature":"","_kad_post_feature_position":"","_kad_post_header":false,"_kad_post_footer":false,"_kad_post_classname":""},"product_brand":[],"product_cat":[21],"product_tag":[],"class_list":{"0":"post-1171","1":"product","2":"type-product","3":"status-publish","4":"has-post-thumbnail","6":"product_cat-pielegnacja-ciala","8":"first","9":"instock","10":"taxable","11":"shipping-taxable","12":"purchasable","13":"product-type-simple","14":"entry","15":"content-bg","16":"loop-entry"},"taxonomy_info":{"product_cat":[{"value":21,"label":"Piel\u0119gnacja cia\u0142a"}]},"featured_image_src_large":["https:\/\/lamelin2.infit.com.pl\/wp-content\/uploads\/2026\/04\/lamelin-kojaco-nawilzajacy-zel-sluz-slimaka.webp",1000,1000,false],"author_info":[],"comment_info":0,"_links":{"self":[{"href":"https:\/\/lamelin2.infit.com.pl\/index.php?rest_route=\/wp\/v2\/product\/1171","targetHints":{"allow":["GET"]}}],"collection":[{"href":"https:\/\/lamelin2.infit.com.pl\/index.php?rest_route=\/wp\/v2\/product"}],"about":[{"href":"https:\/\/lamelin2.infit.com.pl\/index.php?rest_route=\/wp\/v2\/types\/product"}],"replies":[{"embeddable":true,"href":"https:\/\/lamelin2.infit.com.pl\/index.php?rest_route=%2Fwp%2Fv2%2Fcomments&post=1171"}],"wp:featuredmedia":[{"embeddable":true,"href":"https:\/\/lamelin2.infit.com.pl\/index.php?rest_route=\/wp\/v2\/media\/1558"}],"wp:attachment":[{"href":"https:\/\/lamelin2.infit.com.pl\/index.php?rest_route=%2Fwp%2Fv2%2Fmedia&parent=1171"}],"wp:term":[{"taxonomy":"product_brand","embeddable":true,"href":"https:\/\/lamelin2.infit.com.pl\/index.php?rest_route=%2Fwp%2Fv2%2Fproduct_brand&post=1171"},{"taxonomy":"product_cat","embeddable":true,"href":"https:\/\/lamelin2.infit.com.pl\/index.php?rest_route=%2Fwp%2Fv2%2Fproduct_cat&post=1171"},{"taxonomy":"product_tag","embeddable":true,"href":"https:\/\/lamelin2.infit.com.pl\/index.php?rest_route=%2Fwp%2Fv2%2Fproduct_tag&post=1171"}],"curies":[{"name":"wp","href":"https:\/\/api.w.org\/{rel}","templated":true}]}}