{"id":1147,"date":"2026-04-07T22:38:44","date_gmt":"2026-04-07T20:38:44","guid":{"rendered":"https:\/\/lamelin2.infit.com.pl\/?post_type=product&#038;p=1147"},"modified":"2026-04-21T17:22:37","modified_gmt":"2026-04-21T15:22:37","slug":"lamelin-perfumowany-krem-do-rak-starry-night","status":"publish","type":"product","link":"https:\/\/lamelin2.infit.com.pl\/?product=lamelin-perfumowany-krem-do-rak-starry-night","title":{"rendered":"LAMELIN Perfumowany Krem Do R\u0105k \u2013 Starry Night"},"content":{"rendered":"<p>Perfumowany krem do r\u0105k Gwie\u017adzista Noc 50 ml<\/p>\n<h3>Polecany dla<\/h3>\n<ul>\n<li>Os\u00f3b poszukuj\u0105cych nawil\u017caj\u0105cego i od\u015bwie\u017caj\u0105cego kremu do r\u0105k<\/li>\n<li>Os\u00f3b, kt\u00f3re chc\u0105 kremu do r\u0105k zapewniaj\u0105cego d\u0142ugotrwa\u0142e nawil\u017cenie<\/li>\n<\/ul>\n<h3>G\u0142\u00f3wne sk\u0142adniki<\/h3>\n<ul>\n<li>Ekstrakt z kwiat\u00f3w kamelii<\/li>\n<li>Ekstrakt z nagietka nadmorskiego<\/li>\n<li>Ekstrakt z w\u0105kroty azjatyckiej<\/li>\n<\/ul>\n","protected":false},"excerpt":{"rendered":"<p>Krem do r\u0105k o elikatnym i otulaj\u0105cym zapachu mas\u0142a shea<\/p>\n","protected":false},"featured_media":0,"comment_status":"open","ping_status":"closed","template":"","meta":{"_kad_blocks_custom_css":"","_kad_blocks_head_custom_js":"","_kad_blocks_body_custom_js":"","_kad_blocks_footer_custom_js":"","_kad_post_transparent":"default","_kad_post_title":"","_kad_post_layout":"default","_kad_post_sidebar_id":"","_kad_post_content_style":"default","_kad_post_vertical_padding":"default","_kad_post_feature":"","_kad_post_feature_position":"","_kad_post_header":false,"_kad_post_footer":false,"_kad_post_classname":""},"product_brand":[],"product_cat":[21],"product_tag":[],"class_list":{"0":"post-1147","1":"product","2":"type-product","3":"status-publish","5":"product_cat-pielegnacja-ciala","7":"first","8":"instock","9":"taxable","10":"shipping-taxable","11":"purchasable","12":"product-type-simple","13":"entry","14":"content-bg","15":"loop-entry"},"taxonomy_info":{"product_cat":[{"value":21,"label":"Piel\u0119gnacja cia\u0142a"}]},"featured_image_src_large":false,"author_info":[],"comment_info":0,"_links":{"self":[{"href":"https:\/\/lamelin2.infit.com.pl\/index.php?rest_route=\/wp\/v2\/product\/1147","targetHints":{"allow":["GET"]}}],"collection":[{"href":"https:\/\/lamelin2.infit.com.pl\/index.php?rest_route=\/wp\/v2\/product"}],"about":[{"href":"https:\/\/lamelin2.infit.com.pl\/index.php?rest_route=\/wp\/v2\/types\/product"}],"replies":[{"embeddable":true,"href":"https:\/\/lamelin2.infit.com.pl\/index.php?rest_route=%2Fwp%2Fv2%2Fcomments&post=1147"}],"wp:attachment":[{"href":"https:\/\/lamelin2.infit.com.pl\/index.php?rest_route=%2Fwp%2Fv2%2Fmedia&parent=1147"}],"wp:term":[{"taxonomy":"product_brand","embeddable":true,"href":"https:\/\/lamelin2.infit.com.pl\/index.php?rest_route=%2Fwp%2Fv2%2Fproduct_brand&post=1147"},{"taxonomy":"product_cat","embeddable":true,"href":"https:\/\/lamelin2.infit.com.pl\/index.php?rest_route=%2Fwp%2Fv2%2Fproduct_cat&post=1147"},{"taxonomy":"product_tag","embeddable":true,"href":"https:\/\/lamelin2.infit.com.pl\/index.php?rest_route=%2Fwp%2Fv2%2Fproduct_tag&post=1147"}],"curies":[{"name":"wp","href":"https:\/\/api.w.org\/{rel}","templated":true}]}}