{"id":1133,"date":"2026-04-07T22:34:23","date_gmt":"2026-04-07T20:34:23","guid":{"rendered":"https:\/\/lamelin2.infit.com.pl\/?post_type=product&#038;p=1133"},"modified":"2026-04-21T17:31:07","modified_gmt":"2026-04-21T15:31:07","slug":"lamelin-intensywnie-nawilzajaca-maska-do-stop","status":"publish","type":"product","link":"https:\/\/lamelin2.infit.com.pl\/?product=lamelin-intensywnie-nawilzajaca-maska-do-stop","title":{"rendered":"LAMELIN Intensywnie Nawil\u017caj\u0105ca Maska Do St\u00f3p"},"content":{"rendered":"<p>G\u0142\u0119boko nawil\u017caj\u0105ca maska do st\u00f3p 16ml<\/p>\n<h3><strong>Polecany dla<\/strong><\/h3>\n<ul>\n<li>Os\u00f3b, kt\u00f3re pragn\u0105 mie\u0107 mi\u0119kkie i zadbane stopy<\/li>\n<li>Tych, kt\u00f3rzy chc\u0105 w prosty spos\u00f3b zadba\u0107 o such\u0105 i szorstk\u0105 sk\u00f3r\u0119 st\u00f3p<\/li>\n<\/ul>\n<h3><strong>G\u0142\u00f3wne sk\u0142adniki<\/strong><\/h3>\n<ul>\n<li>Mas\u0142o shea<\/li>\n<li>Olej z nasion arganii (olej arganowy)<\/li>\n<li>Olej z nasion kamelii<\/li>\n<li>Olej z nasion makadamii<\/li>\n<\/ul>\n","protected":false},"excerpt":{"rendered":"<p>Maska do st\u00f3p zawieraj\u0105ca bogaty w sk\u0142adniki od\u017cywcze krem, kt\u00f3ry intensywnie nawil\u017ca stopy, pozostawiaj\u0105c je mi\u0119kkie i g\u0142adkie.<\/p>\n","protected":false},"featured_media":0,"comment_status":"open","ping_status":"closed","template":"","meta":{"_kad_blocks_custom_css":"","_kad_blocks_head_custom_js":"","_kad_blocks_body_custom_js":"","_kad_blocks_footer_custom_js":"","_kad_post_transparent":"default","_kad_post_title":"","_kad_post_layout":"default","_kad_post_sidebar_id":"","_kad_post_content_style":"default","_kad_post_vertical_padding":"default","_kad_post_feature":"","_kad_post_feature_position":"","_kad_post_header":false,"_kad_post_footer":false,"_kad_post_classname":""},"product_brand":[],"product_cat":[21],"product_tag":[],"class_list":{"0":"post-1133","1":"product","2":"type-product","3":"status-publish","5":"product_cat-pielegnacja-ciala","7":"first","8":"instock","9":"taxable","10":"shipping-taxable","11":"purchasable","12":"product-type-simple","13":"entry","14":"content-bg","15":"loop-entry"},"taxonomy_info":{"product_cat":[{"value":21,"label":"Piel\u0119gnacja cia\u0142a"}]},"featured_image_src_large":false,"author_info":[],"comment_info":0,"_links":{"self":[{"href":"https:\/\/lamelin2.infit.com.pl\/index.php?rest_route=\/wp\/v2\/product\/1133","targetHints":{"allow":["GET"]}}],"collection":[{"href":"https:\/\/lamelin2.infit.com.pl\/index.php?rest_route=\/wp\/v2\/product"}],"about":[{"href":"https:\/\/lamelin2.infit.com.pl\/index.php?rest_route=\/wp\/v2\/types\/product"}],"replies":[{"embeddable":true,"href":"https:\/\/lamelin2.infit.com.pl\/index.php?rest_route=%2Fwp%2Fv2%2Fcomments&post=1133"}],"wp:attachment":[{"href":"https:\/\/lamelin2.infit.com.pl\/index.php?rest_route=%2Fwp%2Fv2%2Fmedia&parent=1133"}],"wp:term":[{"taxonomy":"product_brand","embeddable":true,"href":"https:\/\/lamelin2.infit.com.pl\/index.php?rest_route=%2Fwp%2Fv2%2Fproduct_brand&post=1133"},{"taxonomy":"product_cat","embeddable":true,"href":"https:\/\/lamelin2.infit.com.pl\/index.php?rest_route=%2Fwp%2Fv2%2Fproduct_cat&post=1133"},{"taxonomy":"product_tag","embeddable":true,"href":"https:\/\/lamelin2.infit.com.pl\/index.php?rest_route=%2Fwp%2Fv2%2Fproduct_tag&post=1133"}],"curies":[{"name":"wp","href":"https:\/\/api.w.org\/{rel}","templated":true}]}}