{"id":1129,"date":"2026-04-07T22:29:14","date_gmt":"2026-04-07T20:29:14","guid":{"rendered":"https:\/\/lamelin2.infit.com.pl\/?post_type=product&#038;p=1129"},"modified":"2026-04-21T17:31:30","modified_gmt":"2026-04-21T15:31:30","slug":"lamelin-peeling-do-stop-spa","status":"publish","type":"product","link":"https:\/\/lamelin2.infit.com.pl\/?product=lamelin-peeling-do-stop-spa","title":{"rendered":"LAMELIN Peeling Do St\u00f3p SPA"},"content":{"rendered":"<p>Peeling do st\u00f3p Spa 40g<\/p>\n<h3>Polecany dla<\/h3>\n<ul>\n<li>Os\u00f3b zmagaj\u0105cych si\u0119 z szorstkimi i pop\u0119kanymi stopami<\/li>\n<li>Os\u00f3b, kt\u00f3re chc\u0105 pozby\u0107 si\u0119 martwego, z\u0142uszczaj\u0105cego si\u0119 nask\u00f3rka<\/li>\n<\/ul>\n<h3>G\u0142\u00f3wne sk\u0142adniki<\/h3>\n<ul>\n<li>Ekstrakt z cytryny<\/li>\n<li>Olej z nasion arganii<\/li>\n<li>Ekstrakt z owocu papai<\/li>\n<li>Ekstrakt z owocu morwy<\/li>\n<\/ul>\n","protected":false},"excerpt":{"rendered":"<p>Maska z\u0142uszczaj\u0105ca do st\u00f3p, kt\u00f3ra nawil\u017ca szorstk\u0105 sk\u00f3r\u0119 i delikatnie usuwa martwy nask\u00f3rek.<\/p>\n","protected":false},"featured_media":0,"comment_status":"open","ping_status":"closed","template":"","meta":{"_kad_blocks_custom_css":"","_kad_blocks_head_custom_js":"","_kad_blocks_body_custom_js":"","_kad_blocks_footer_custom_js":"","_kad_post_transparent":"default","_kad_post_title":"","_kad_post_layout":"default","_kad_post_sidebar_id":"","_kad_post_content_style":"default","_kad_post_vertical_padding":"default","_kad_post_feature":"","_kad_post_feature_position":"","_kad_post_header":false,"_kad_post_footer":false,"_kad_post_classname":""},"product_brand":[],"product_cat":[21],"product_tag":[],"class_list":{"0":"post-1129","1":"product","2":"type-product","3":"status-publish","5":"product_cat-pielegnacja-ciala","7":"first","8":"instock","9":"taxable","10":"shipping-taxable","11":"purchasable","12":"product-type-simple","13":"entry","14":"content-bg","15":"loop-entry"},"taxonomy_info":{"product_cat":[{"value":21,"label":"Piel\u0119gnacja cia\u0142a"}]},"featured_image_src_large":false,"author_info":[],"comment_info":0,"_links":{"self":[{"href":"https:\/\/lamelin2.infit.com.pl\/index.php?rest_route=\/wp\/v2\/product\/1129","targetHints":{"allow":["GET"]}}],"collection":[{"href":"https:\/\/lamelin2.infit.com.pl\/index.php?rest_route=\/wp\/v2\/product"}],"about":[{"href":"https:\/\/lamelin2.infit.com.pl\/index.php?rest_route=\/wp\/v2\/types\/product"}],"replies":[{"embeddable":true,"href":"https:\/\/lamelin2.infit.com.pl\/index.php?rest_route=%2Fwp%2Fv2%2Fcomments&post=1129"}],"wp:attachment":[{"href":"https:\/\/lamelin2.infit.com.pl\/index.php?rest_route=%2Fwp%2Fv2%2Fmedia&parent=1129"}],"wp:term":[{"taxonomy":"product_brand","embeddable":true,"href":"https:\/\/lamelin2.infit.com.pl\/index.php?rest_route=%2Fwp%2Fv2%2Fproduct_brand&post=1129"},{"taxonomy":"product_cat","embeddable":true,"href":"https:\/\/lamelin2.infit.com.pl\/index.php?rest_route=%2Fwp%2Fv2%2Fproduct_cat&post=1129"},{"taxonomy":"product_tag","embeddable":true,"href":"https:\/\/lamelin2.infit.com.pl\/index.php?rest_route=%2Fwp%2Fv2%2Fproduct_tag&post=1129"}],"curies":[{"name":"wp","href":"https:\/\/api.w.org\/{rel}","templated":true}]}}