{"id":1125,"date":"2026-04-07T22:27:54","date_gmt":"2026-04-07T20:27:54","guid":{"rendered":"https:\/\/lamelin2.infit.com.pl\/?post_type=product&#038;p=1125"},"modified":"2026-04-21T19:44:32","modified_gmt":"2026-04-21T17:44:32","slug":"lamelin-kojaco-nawilzajaca-maska-z-q10","status":"publish","type":"product","link":"https:\/\/lamelin2.infit.com.pl\/?product=lamelin-kojaco-nawilzajaca-maska-z-q10","title":{"rendered":"LAMELIN Koj\u0105co-Nawil\u017caj\u0105ca Maska z Q10"},"content":{"rendered":"<p>\u0141agodz\u0105co-nawil\u017caj\u0105ca maseczka w p\u0142achcie Q10 23g (1 szt.)<\/p>\n<h3>Polecany dla<\/h3>\n<ul>\n<li>Os\u00f3b, kt\u00f3re chc\u0105 delikatnie zadba\u0107 o sk\u00f3r\u0119 przy u\u017cyciu hipoalergicznej maseczki w p\u0142achcie<\/li>\n<li>Os\u00f3b, kt\u00f3re odczuwaj\u0105 brak elastyczno\u015bci sk\u00f3ry<\/li>\n<\/ul>\n<h3>G\u0142\u00f3wne sk\u0142adniki<\/h3>\n<ul>\n<li>Ubichinon (Koenzym Q10)<\/li>\n<li>Hialuronian sodu<\/li>\n<li>Alantoina<\/li>\n<\/ul>\n","protected":false},"excerpt":{"rendered":"<p>Maseczka \u0142agodz\u0105ca i intensywnie nawil\u017caj\u0105ca<\/p>\n","protected":false},"featured_media":1517,"comment_status":"open","ping_status":"closed","template":"","meta":{"_kad_blocks_custom_css":"","_kad_blocks_head_custom_js":"","_kad_blocks_body_custom_js":"","_kad_blocks_footer_custom_js":"","_kad_post_transparent":"default","_kad_post_title":"","_kad_post_layout":"default","_kad_post_sidebar_id":"","_kad_post_content_style":"default","_kad_post_vertical_padding":"default","_kad_post_feature":"","_kad_post_feature_position":"","_kad_post_header":false,"_kad_post_footer":false,"_kad_post_classname":""},"product_brand":[],"product_cat":[20],"product_tag":[],"class_list":{"0":"post-1125","1":"product","2":"type-product","3":"status-publish","4":"has-post-thumbnail","6":"product_cat-maseczki","8":"first","9":"instock","10":"taxable","11":"shipping-taxable","12":"purchasable","13":"product-type-simple","14":"entry","15":"content-bg","16":"loop-entry"},"taxonomy_info":{"product_cat":[{"value":20,"label":"Maseczki"}]},"featured_image_src_large":["https:\/\/lamelin2.infit.com.pl\/wp-content\/uploads\/2026\/04\/lamelin-kojaco-nawilzajaca-maska-q10.webp",1000,1000,false],"author_info":[],"comment_info":0,"_links":{"self":[{"href":"https:\/\/lamelin2.infit.com.pl\/index.php?rest_route=\/wp\/v2\/product\/1125","targetHints":{"allow":["GET"]}}],"collection":[{"href":"https:\/\/lamelin2.infit.com.pl\/index.php?rest_route=\/wp\/v2\/product"}],"about":[{"href":"https:\/\/lamelin2.infit.com.pl\/index.php?rest_route=\/wp\/v2\/types\/product"}],"replies":[{"embeddable":true,"href":"https:\/\/lamelin2.infit.com.pl\/index.php?rest_route=%2Fwp%2Fv2%2Fcomments&post=1125"}],"wp:featuredmedia":[{"embeddable":true,"href":"https:\/\/lamelin2.infit.com.pl\/index.php?rest_route=\/wp\/v2\/media\/1517"}],"wp:attachment":[{"href":"https:\/\/lamelin2.infit.com.pl\/index.php?rest_route=%2Fwp%2Fv2%2Fmedia&parent=1125"}],"wp:term":[{"taxonomy":"product_brand","embeddable":true,"href":"https:\/\/lamelin2.infit.com.pl\/index.php?rest_route=%2Fwp%2Fv2%2Fproduct_brand&post=1125"},{"taxonomy":"product_cat","embeddable":true,"href":"https:\/\/lamelin2.infit.com.pl\/index.php?rest_route=%2Fwp%2Fv2%2Fproduct_cat&post=1125"},{"taxonomy":"product_tag","embeddable":true,"href":"https:\/\/lamelin2.infit.com.pl\/index.php?rest_route=%2Fwp%2Fv2%2Fproduct_tag&post=1125"}],"curies":[{"name":"wp","href":"https:\/\/api.w.org\/{rel}","templated":true}]}}