{"id":1107,"date":"2026-04-07T22:20:43","date_gmt":"2026-04-07T20:20:43","guid":{"rendered":"https:\/\/lamelin2.infit.com.pl\/?post_type=product&#038;p=1107"},"modified":"2026-04-21T19:43:10","modified_gmt":"2026-04-21T17:43:10","slug":"lamelin-kojaco-nawilzajaca-maska-z-zielona-herbata","status":"publish","type":"product","link":"https:\/\/lamelin2.infit.com.pl\/?product=lamelin-kojaco-nawilzajaca-maska-z-zielona-herbata","title":{"rendered":"LAMELIN Koj\u0105co-Nawil\u017caj\u0105ca Maska z Zielon\u0105 Herbat\u0105"},"content":{"rendered":"<p>\u0141agodz\u0105co-nawil\u017caj\u0105ca maseczka w p\u0142achcie Zielona Herbata 23g (1 szt.)<\/p>\n<h3>Polecany dla<\/h3>\n<ul>\n<li>Os\u00f3b, kt\u00f3re chc\u0105 \u0142agodnie zadba\u0107 o sk\u00f3r\u0119 przy u\u017cyciu hipoalergicznej maseczki w p\u0142achcie<br \/>\nOs\u00f3b, kt\u00f3rych sk\u00f3ra potrzebuje intensywnego nawil\u017cenia<\/li>\n<\/ul>\n<h3>G\u0142\u00f3wne sk\u0142adniki<\/h3>\n<ul>\n<li>Ekstrakt z zielonej herbaty<\/li>\n<li>Hialuronian sodu<\/li>\n<li>Alantoina<\/li>\n<\/ul>\n","protected":false},"excerpt":{"rendered":"<p>Maseczka w p\u0142achcie zapewniaj\u0105ca d\u0142ugotrwa\u0142e nawil\u017cenie sk\u00f3ry<\/p>\n","protected":false},"featured_media":1514,"comment_status":"open","ping_status":"closed","template":"","meta":{"_kad_blocks_custom_css":"","_kad_blocks_head_custom_js":"","_kad_blocks_body_custom_js":"","_kad_blocks_footer_custom_js":"","_kad_post_transparent":"default","_kad_post_title":"","_kad_post_layout":"default","_kad_post_sidebar_id":"","_kad_post_content_style":"default","_kad_post_vertical_padding":"default","_kad_post_feature":"","_kad_post_feature_position":"","_kad_post_header":false,"_kad_post_footer":false,"_kad_post_classname":""},"product_brand":[],"product_cat":[20],"product_tag":[],"class_list":{"0":"post-1107","1":"product","2":"type-product","3":"status-publish","4":"has-post-thumbnail","6":"product_cat-maseczki","8":"first","9":"instock","10":"taxable","11":"shipping-taxable","12":"purchasable","13":"product-type-simple","14":"entry","15":"content-bg","16":"loop-entry"},"taxonomy_info":{"product_cat":[{"value":20,"label":"Maseczki"}]},"featured_image_src_large":["https:\/\/lamelin2.infit.com.pl\/wp-content\/uploads\/2026\/04\/lamelin-kojaco-nawilzajaca-maska-zielona-herbata.webp",1000,1000,false],"author_info":[],"comment_info":0,"_links":{"self":[{"href":"https:\/\/lamelin2.infit.com.pl\/index.php?rest_route=\/wp\/v2\/product\/1107","targetHints":{"allow":["GET"]}}],"collection":[{"href":"https:\/\/lamelin2.infit.com.pl\/index.php?rest_route=\/wp\/v2\/product"}],"about":[{"href":"https:\/\/lamelin2.infit.com.pl\/index.php?rest_route=\/wp\/v2\/types\/product"}],"replies":[{"embeddable":true,"href":"https:\/\/lamelin2.infit.com.pl\/index.php?rest_route=%2Fwp%2Fv2%2Fcomments&post=1107"}],"wp:featuredmedia":[{"embeddable":true,"href":"https:\/\/lamelin2.infit.com.pl\/index.php?rest_route=\/wp\/v2\/media\/1514"}],"wp:attachment":[{"href":"https:\/\/lamelin2.infit.com.pl\/index.php?rest_route=%2Fwp%2Fv2%2Fmedia&parent=1107"}],"wp:term":[{"taxonomy":"product_brand","embeddable":true,"href":"https:\/\/lamelin2.infit.com.pl\/index.php?rest_route=%2Fwp%2Fv2%2Fproduct_brand&post=1107"},{"taxonomy":"product_cat","embeddable":true,"href":"https:\/\/lamelin2.infit.com.pl\/index.php?rest_route=%2Fwp%2Fv2%2Fproduct_cat&post=1107"},{"taxonomy":"product_tag","embeddable":true,"href":"https:\/\/lamelin2.infit.com.pl\/index.php?rest_route=%2Fwp%2Fv2%2Fproduct_tag&post=1107"}],"curies":[{"name":"wp","href":"https:\/\/api.w.org\/{rel}","templated":true}]}}