{"id":1103,"date":"2026-04-07T22:19:23","date_gmt":"2026-04-07T20:19:23","guid":{"rendered":"https:\/\/lamelin2.infit.com.pl\/?post_type=product&#038;p=1103"},"modified":"2026-04-21T20:09:52","modified_gmt":"2026-04-21T18:09:52","slug":"lamelin-maseczki-w-plachcie-z-kwasem-hialuronowym-10-szt","status":"publish","type":"product","link":"https:\/\/lamelin2.infit.com.pl\/?product=lamelin-maseczki-w-plachcie-z-kwasem-hialuronowym-10-szt","title":{"rendered":"LAMELIN Maseczki w P\u0142achcie z Kwasem Hialuronowym (10 szt.)"},"content":{"rendered":"<p>Hialuronowa Maska w p\u0142achcie 25g (10sztuk)<\/p>\n<h3>Polecany dla<\/h3>\n<ul>\n<li>Os\u00f3b, kt\u00f3re chc\u0105 prostej piel\u0119gnacji dostosowanej do kondycji swojej sk\u00f3ry<\/li>\n<li>Os\u00f3b, kt\u00f3re czuj\u0105, \u017ce ich sk\u00f3ra jest odwodniona<\/li>\n<\/ul>\n<h3>G\u0142\u00f3wne sk\u0142adniki<\/h3>\n<ul>\n<li>Hialuronian sodu<\/li>\n<li>Ekstrakt z ro\u015bliny lodowej (Ice Plant)<\/li>\n<li>Sok z brzozy<\/li>\n<li>Ekstrakt z og\u00f3rka<\/li>\n<\/ul>\n","protected":false},"excerpt":{"rendered":"<p>Maska w p\u0142achcie z hialuronianem sodu, kt\u00f3ra pomaga uzupe\u0142ni\u0107 poziom nawil\u017cenia.<br \/>\nKosmetyk o podw\u00f3jnym dzia\u0142aniu przeciwzmarszczkowym i rozja\u015bniaj\u0105cym<\/p>\n","protected":false},"featured_media":1544,"comment_status":"open","ping_status":"closed","template":"","meta":{"_kad_blocks_custom_css":"","_kad_blocks_head_custom_js":"","_kad_blocks_body_custom_js":"","_kad_blocks_footer_custom_js":"","_kad_post_transparent":"default","_kad_post_title":"","_kad_post_layout":"default","_kad_post_sidebar_id":"","_kad_post_content_style":"default","_kad_post_vertical_padding":"default","_kad_post_feature":"","_kad_post_feature_position":"","_kad_post_header":false,"_kad_post_footer":false,"_kad_post_classname":""},"product_brand":[],"product_cat":[20],"product_tag":[],"class_list":{"0":"post-1103","1":"product","2":"type-product","3":"status-publish","4":"has-post-thumbnail","6":"product_cat-maseczki","8":"first","9":"instock","10":"taxable","11":"shipping-taxable","12":"purchasable","13":"product-type-simple","14":"entry","15":"content-bg","16":"loop-entry"},"taxonomy_info":{"product_cat":[{"value":20,"label":"Maseczki"}]},"featured_image_src_large":["https:\/\/lamelin2.infit.com.pl\/wp-content\/uploads\/2026\/04\/lamelin-maseczki-plachta-kwas-hialuronowy.webp",1000,1000,false],"author_info":[],"comment_info":0,"_links":{"self":[{"href":"https:\/\/lamelin2.infit.com.pl\/index.php?rest_route=\/wp\/v2\/product\/1103","targetHints":{"allow":["GET"]}}],"collection":[{"href":"https:\/\/lamelin2.infit.com.pl\/index.php?rest_route=\/wp\/v2\/product"}],"about":[{"href":"https:\/\/lamelin2.infit.com.pl\/index.php?rest_route=\/wp\/v2\/types\/product"}],"replies":[{"embeddable":true,"href":"https:\/\/lamelin2.infit.com.pl\/index.php?rest_route=%2Fwp%2Fv2%2Fcomments&post=1103"}],"wp:featuredmedia":[{"embeddable":true,"href":"https:\/\/lamelin2.infit.com.pl\/index.php?rest_route=\/wp\/v2\/media\/1544"}],"wp:attachment":[{"href":"https:\/\/lamelin2.infit.com.pl\/index.php?rest_route=%2Fwp%2Fv2%2Fmedia&parent=1103"}],"wp:term":[{"taxonomy":"product_brand","embeddable":true,"href":"https:\/\/lamelin2.infit.com.pl\/index.php?rest_route=%2Fwp%2Fv2%2Fproduct_brand&post=1103"},{"taxonomy":"product_cat","embeddable":true,"href":"https:\/\/lamelin2.infit.com.pl\/index.php?rest_route=%2Fwp%2Fv2%2Fproduct_cat&post=1103"},{"taxonomy":"product_tag","embeddable":true,"href":"https:\/\/lamelin2.infit.com.pl\/index.php?rest_route=%2Fwp%2Fv2%2Fproduct_tag&post=1103"}],"curies":[{"name":"wp","href":"https:\/\/api.w.org\/{rel}","templated":true}]}}