{"id":1089,"date":"2026-04-07T22:14:53","date_gmt":"2026-04-07T20:14:53","guid":{"rendered":"https:\/\/lamelin2.infit.com.pl\/?post_type=product&#038;p=1089"},"modified":"2026-04-21T19:33:56","modified_gmt":"2026-04-21T17:33:56","slug":"lamelin-maseczka-w-plachcie-tygrys","status":"publish","type":"product","link":"https:\/\/lamelin2.infit.com.pl\/?product=lamelin-maseczka-w-plachcie-tygrys","title":{"rendered":"LAMELIN Maseczka w P\u0142achcie \u2013 Tygrys"},"content":{"rendered":"<p>Maska w p\u0142achcie w kszta\u0142cie zwierz\u0105tka Tygrys 25g (10 sztuk)<\/p>\n<p>Kosmetyki o podw\u00f3jnym dzia\u0142aniu rozja\u015bniaj\u0105cym i przeciwzmarszczkowym.<\/p>\n<h3>Polecany dla<\/h3>\n<ul>\n<li>Os\u00f3b poszukuj\u0105cych sskutecznej, nawil\u017caj\u0105cej maski w p\u0142achcie o podw\u00f3jnym dzia\u0142aniu.<\/li>\n<li>Tych, kt\u00f3rzy chc\u0105 korzysta\u0107 z zabawnej i wyj\u0105tkowej maski w p\u0142achcie<\/li>\n<\/ul>\n<h3>G\u0142\u00f3wne sk\u0142adniki<\/h3>\n<ul>\n<li>Hydrolizowany kolagen<\/li>\n<li>Palmitoyl Pentapeptide-4<\/li>\n<li>Pantenol<\/li>\n<li>Niacynamid<\/li>\n<\/ul>\n","protected":false},"excerpt":{"rendered":"<p>Maska w p\u0142achcie w kszta\u0142cie tygrysa, zawieraj\u0105ca kolagen, kt\u00f3ry pomaga utrzyma\u0107 sk\u00f3r\u0119 j\u0119drn\u0105 i pe\u0142n\u0105 obj\u0119to\u015bci.<\/p>\n","protected":false},"featured_media":1494,"comment_status":"open","ping_status":"closed","template":"","meta":{"_kad_blocks_custom_css":"","_kad_blocks_head_custom_js":"","_kad_blocks_body_custom_js":"","_kad_blocks_footer_custom_js":"","_kad_post_transparent":"default","_kad_post_title":"","_kad_post_layout":"default","_kad_post_sidebar_id":"","_kad_post_content_style":"default","_kad_post_vertical_padding":"default","_kad_post_feature":"","_kad_post_feature_position":"","_kad_post_header":false,"_kad_post_footer":false,"_kad_post_classname":""},"product_brand":[],"product_cat":[20],"product_tag":[],"class_list":{"0":"post-1089","1":"product","2":"type-product","3":"status-publish","4":"has-post-thumbnail","6":"product_cat-maseczki","8":"first","9":"instock","10":"taxable","11":"shipping-taxable","12":"purchasable","13":"product-type-simple","14":"entry","15":"content-bg","16":"loop-entry"},"taxonomy_info":{"product_cat":[{"value":20,"label":"Maseczki"}]},"featured_image_src_large":["https:\/\/lamelin2.infit.com.pl\/wp-content\/uploads\/2026\/04\/lamelin-maseczka-plachta-tygrys.webp",1000,1000,false],"author_info":[],"comment_info":0,"_links":{"self":[{"href":"https:\/\/lamelin2.infit.com.pl\/index.php?rest_route=\/wp\/v2\/product\/1089","targetHints":{"allow":["GET"]}}],"collection":[{"href":"https:\/\/lamelin2.infit.com.pl\/index.php?rest_route=\/wp\/v2\/product"}],"about":[{"href":"https:\/\/lamelin2.infit.com.pl\/index.php?rest_route=\/wp\/v2\/types\/product"}],"replies":[{"embeddable":true,"href":"https:\/\/lamelin2.infit.com.pl\/index.php?rest_route=%2Fwp%2Fv2%2Fcomments&post=1089"}],"wp:featuredmedia":[{"embeddable":true,"href":"https:\/\/lamelin2.infit.com.pl\/index.php?rest_route=\/wp\/v2\/media\/1494"}],"wp:attachment":[{"href":"https:\/\/lamelin2.infit.com.pl\/index.php?rest_route=%2Fwp%2Fv2%2Fmedia&parent=1089"}],"wp:term":[{"taxonomy":"product_brand","embeddable":true,"href":"https:\/\/lamelin2.infit.com.pl\/index.php?rest_route=%2Fwp%2Fv2%2Fproduct_brand&post=1089"},{"taxonomy":"product_cat","embeddable":true,"href":"https:\/\/lamelin2.infit.com.pl\/index.php?rest_route=%2Fwp%2Fv2%2Fproduct_cat&post=1089"},{"taxonomy":"product_tag","embeddable":true,"href":"https:\/\/lamelin2.infit.com.pl\/index.php?rest_route=%2Fwp%2Fv2%2Fproduct_tag&post=1089"}],"curies":[{"name":"wp","href":"https:\/\/api.w.org\/{rel}","templated":true}]}}