{"id":1085,"date":"2026-04-07T22:13:29","date_gmt":"2026-04-07T20:13:29","guid":{"rendered":"https:\/\/lamelin2.infit.com.pl\/?post_type=product&#038;p=1085"},"modified":"2026-04-21T19:48:02","modified_gmt":"2026-04-21T17:48:02","slug":"lamelin-hydrozelowa-maska-24k-zloto-v3","status":"publish","type":"product","link":"https:\/\/lamelin2.infit.com.pl\/?product=lamelin-hydrozelowa-maska-24k-zloto-v3","title":{"rendered":"LAMELIN Hydro\u017celowa Maska 24K Z\u0142oto V3"},"content":{"rendered":"<p>Maska hydro\u017celowa z 24-karatowym z\u0142otem V3, 30 g<\/p>\n<h3>Polecany dla<\/h3>\n<ul>\n<li>Os\u00f3b potrzebuj\u0105cych intensywnej piel\u0119gnacji od\u017cywczej<\/li>\n<li>Os\u00f3b zaniepokojonych utrat\u0105 elastyczno\u015bci sk\u00f3ry<\/li>\n<\/ul>\n<h3>G\u0142\u00f3wne sk\u0142adniki<\/h3>\n<ul>\n<li>G\u0142\u00f3wne sk\u0142adniki<\/li>\n<li>24-karatowe z\u0142oto<\/li>\n<li>Filtrat ze \u015bluzu \u015blimaka<\/li>\n<li>Bia\u0142ko \u0142o\u017cyskowe<\/li>\n<li>Oligopeptyd-1<\/li>\n<\/ul>\n","protected":false},"excerpt":{"rendered":"<p>Hydro\u017celowa maska zawieraj\u0105ca 24-karatowe z\u0142oto, ekstrakt ze \u015bluzu \u015blimaka oraz kolagen, kt\u00f3ra poprawia elastyczno\u015b\u0107 sk\u00f3ry<\/p>\n","protected":false},"featured_media":1526,"comment_status":"open","ping_status":"closed","template":"","meta":{"_kad_blocks_custom_css":"","_kad_blocks_head_custom_js":"","_kad_blocks_body_custom_js":"","_kad_blocks_footer_custom_js":"","_kad_post_transparent":"default","_kad_post_title":"","_kad_post_layout":"default","_kad_post_sidebar_id":"","_kad_post_content_style":"default","_kad_post_vertical_padding":"default","_kad_post_feature":"","_kad_post_feature_position":"","_kad_post_header":false,"_kad_post_footer":false,"_kad_post_classname":""},"product_brand":[],"product_cat":[20],"product_tag":[],"class_list":{"0":"post-1085","1":"product","2":"type-product","3":"status-publish","4":"has-post-thumbnail","6":"product_cat-maseczki","8":"first","9":"instock","10":"taxable","11":"shipping-taxable","12":"purchasable","13":"product-type-simple","14":"entry","15":"content-bg","16":"loop-entry"},"taxonomy_info":{"product_cat":[{"value":20,"label":"Maseczki"}]},"featured_image_src_large":["https:\/\/lamelin2.infit.com.pl\/wp-content\/uploads\/2026\/04\/lamelin-hydrozelowa-maska-24k-zloto-v3-.webp",1000,1000,false],"author_info":[],"comment_info":0,"_links":{"self":[{"href":"https:\/\/lamelin2.infit.com.pl\/index.php?rest_route=\/wp\/v2\/product\/1085","targetHints":{"allow":["GET"]}}],"collection":[{"href":"https:\/\/lamelin2.infit.com.pl\/index.php?rest_route=\/wp\/v2\/product"}],"about":[{"href":"https:\/\/lamelin2.infit.com.pl\/index.php?rest_route=\/wp\/v2\/types\/product"}],"replies":[{"embeddable":true,"href":"https:\/\/lamelin2.infit.com.pl\/index.php?rest_route=%2Fwp%2Fv2%2Fcomments&post=1085"}],"wp:featuredmedia":[{"embeddable":true,"href":"https:\/\/lamelin2.infit.com.pl\/index.php?rest_route=\/wp\/v2\/media\/1526"}],"wp:attachment":[{"href":"https:\/\/lamelin2.infit.com.pl\/index.php?rest_route=%2Fwp%2Fv2%2Fmedia&parent=1085"}],"wp:term":[{"taxonomy":"product_brand","embeddable":true,"href":"https:\/\/lamelin2.infit.com.pl\/index.php?rest_route=%2Fwp%2Fv2%2Fproduct_brand&post=1085"},{"taxonomy":"product_cat","embeddable":true,"href":"https:\/\/lamelin2.infit.com.pl\/index.php?rest_route=%2Fwp%2Fv2%2Fproduct_cat&post=1085"},{"taxonomy":"product_tag","embeddable":true,"href":"https:\/\/lamelin2.infit.com.pl\/index.php?rest_route=%2Fwp%2Fv2%2Fproduct_tag&post=1085"}],"curies":[{"name":"wp","href":"https:\/\/api.w.org\/{rel}","templated":true}]}}