{"id":1083,"date":"2026-04-07T22:12:56","date_gmt":"2026-04-07T20:12:56","guid":{"rendered":"https:\/\/lamelin2.infit.com.pl\/?post_type=product&#038;p=1083"},"modified":"2026-04-21T20:15:40","modified_gmt":"2026-04-21T18:15:40","slug":"lamelin-hydrozelowa-maska-kolagenowa-400","status":"publish","type":"product","link":"https:\/\/lamelin2.infit.com.pl\/?product=lamelin-hydrozelowa-maska-kolagenowa-400","title":{"rendered":"LAMELIN Hydro\u017celowa Maska Kolagenowa 400"},"content":{"rendered":"<p>Hydro\u017celowa Maska Kolagenowa 400 25 g<\/p>\n<h3>Polecany dla<\/h3>\n<ul>\n<li>Os\u00f3b z nier\u00f3wn\u0105 struktur\u0105 sk\u00f3ry<\/li>\n<li>Os\u00f3b, kt\u00f3re chc\u0105 mie\u0107 g\u0142adk\u0105 sk\u00f3r\u0119<\/li>\n<\/ul>\n<h3>G\u0142\u00f3wne sk\u0142adniki<\/h3>\n<ul>\n<li>Ekstrakt z kolagenu<\/li>\n<li>Woda kolagenowa<\/li>\n<li>Hydrolizowany elastyn<\/li>\n<li>Hialuronian sodu<\/li>\n<\/ul>\n","protected":false},"excerpt":{"rendered":"<p>Hydro\u017celowa maska z kolagenem 400 i sk\u0142adnikami Daltona, kt\u00f3re wyg\u0142adzaj\u0105 i uj\u0119drniaj\u0105 struktur\u0119 sk\u00f3ry.<br \/>\nKosmetyk o podw\u00f3jnym dzia\u0142aniu: przeciwzmarszczkowy i rozja\u015bniaj\u0105cy<\/p>\n","protected":false},"featured_media":1545,"comment_status":"open","ping_status":"closed","template":"","meta":{"_kad_blocks_custom_css":"","_kad_blocks_head_custom_js":"","_kad_blocks_body_custom_js":"","_kad_blocks_footer_custom_js":"","_kad_post_transparent":"default","_kad_post_title":"","_kad_post_layout":"default","_kad_post_sidebar_id":"","_kad_post_content_style":"default","_kad_post_vertical_padding":"default","_kad_post_feature":"","_kad_post_feature_position":"","_kad_post_header":false,"_kad_post_footer":false,"_kad_post_classname":""},"product_brand":[],"product_cat":[20],"product_tag":[],"class_list":{"0":"post-1083","1":"product","2":"type-product","3":"status-publish","4":"has-post-thumbnail","6":"product_cat-maseczki","8":"first","9":"instock","10":"taxable","11":"shipping-taxable","12":"purchasable","13":"product-type-simple","14":"entry","15":"content-bg","16":"loop-entry"},"taxonomy_info":{"product_cat":[{"value":20,"label":"Maseczki"}]},"featured_image_src_large":["https:\/\/lamelin2.infit.com.pl\/wp-content\/uploads\/2026\/04\/lamelin-hydrozelowa-maska-kolagenowa-400.webp",1000,1000,false],"author_info":[],"comment_info":0,"_links":{"self":[{"href":"https:\/\/lamelin2.infit.com.pl\/index.php?rest_route=\/wp\/v2\/product\/1083","targetHints":{"allow":["GET"]}}],"collection":[{"href":"https:\/\/lamelin2.infit.com.pl\/index.php?rest_route=\/wp\/v2\/product"}],"about":[{"href":"https:\/\/lamelin2.infit.com.pl\/index.php?rest_route=\/wp\/v2\/types\/product"}],"replies":[{"embeddable":true,"href":"https:\/\/lamelin2.infit.com.pl\/index.php?rest_route=%2Fwp%2Fv2%2Fcomments&post=1083"}],"wp:featuredmedia":[{"embeddable":true,"href":"https:\/\/lamelin2.infit.com.pl\/index.php?rest_route=\/wp\/v2\/media\/1545"}],"wp:attachment":[{"href":"https:\/\/lamelin2.infit.com.pl\/index.php?rest_route=%2Fwp%2Fv2%2Fmedia&parent=1083"}],"wp:term":[{"taxonomy":"product_brand","embeddable":true,"href":"https:\/\/lamelin2.infit.com.pl\/index.php?rest_route=%2Fwp%2Fv2%2Fproduct_brand&post=1083"},{"taxonomy":"product_cat","embeddable":true,"href":"https:\/\/lamelin2.infit.com.pl\/index.php?rest_route=%2Fwp%2Fv2%2Fproduct_cat&post=1083"},{"taxonomy":"product_tag","embeddable":true,"href":"https:\/\/lamelin2.infit.com.pl\/index.php?rest_route=%2Fwp%2Fv2%2Fproduct_tag&post=1083"}],"curies":[{"name":"wp","href":"https:\/\/api.w.org\/{rel}","templated":true}]}}