{"id":1081,"date":"2026-04-07T22:12:09","date_gmt":"2026-04-07T20:12:09","guid":{"rendered":"https:\/\/lamelin2.infit.com.pl\/?post_type=product&#038;p=1081"},"modified":"2026-04-21T19:32:34","modified_gmt":"2026-04-21T17:32:34","slug":"lamelin-platki-kolagenowe-efekt-melting-w-3-sekundy","status":"publish","type":"product","link":"https:\/\/lamelin2.infit.com.pl\/?product=lamelin-platki-kolagenowe-efekt-melting-w-3-sekundy","title":{"rendered":"LAMELIN P\u0142atki Kolagenowe \u2013 Efekt Melting w 3 Sekundy"},"content":{"rendered":"<p>3 Seconds Melting Film P\u0142atki kolagenowe 1.35g(1ea\/3ea)<\/p>\n<h3><strong>Polecany dla<\/strong><\/h3>\n<ul>\n<li>Os\u00f3b, kt\u00f3re chc\u0105 skupi\u0107 si\u0119 na piel\u0119gnacji wybranych partii sk\u00f3ry<\/li>\n<li>Os\u00f3b potrzebuj\u0105cych \u0142atwej i prostej piel\u0119gnacji w domu<\/li>\n<\/ul>\n<h3><strong>G\u0142\u00f3wne sk\u0142adniki<\/strong><\/h3>\n<ul>\n<li>Kolagen<\/li>\n<li>Hydrolizowany kolagen<\/li>\n<li>Glutation<\/li>\n<li>6 rodzaj\u00f3w peptyd\u00f3w<\/li>\n<\/ul>\n","protected":false},"excerpt":{"rendered":"<p>P\u0142atki w formie topniej\u0105cego filmu, kt\u00f3re dzi\u0119ki kolagenowi i peptydom utrzymuj\u0105 sk\u00f3r\u0119 j\u0119drn\u0105 i nawil\u017con\u0105.<\/p>\n","protected":false},"featured_media":1490,"comment_status":"open","ping_status":"closed","template":"","meta":{"_kad_blocks_custom_css":"","_kad_blocks_head_custom_js":"","_kad_blocks_body_custom_js":"","_kad_blocks_footer_custom_js":"","_kad_post_transparent":"default","_kad_post_title":"","_kad_post_layout":"default","_kad_post_sidebar_id":"","_kad_post_content_style":"default","_kad_post_vertical_padding":"default","_kad_post_feature":"","_kad_post_feature_position":"","_kad_post_header":false,"_kad_post_footer":false,"_kad_post_classname":""},"product_brand":[],"product_cat":[20],"product_tag":[],"class_list":{"0":"post-1081","1":"product","2":"type-product","3":"status-publish","4":"has-post-thumbnail","6":"product_cat-maseczki","8":"first","9":"instock","10":"taxable","11":"shipping-taxable","12":"purchasable","13":"product-type-simple","14":"entry","15":"content-bg","16":"loop-entry"},"taxonomy_info":{"product_cat":[{"value":20,"label":"Maseczki"}]},"featured_image_src_large":["https:\/\/lamelin2.infit.com.pl\/wp-content\/uploads\/2026\/04\/lamelin-platki-kolagenowe-efekt-melting-3-sekundy.webp",1000,1000,false],"author_info":[],"comment_info":0,"_links":{"self":[{"href":"https:\/\/lamelin2.infit.com.pl\/index.php?rest_route=\/wp\/v2\/product\/1081","targetHints":{"allow":["GET"]}}],"collection":[{"href":"https:\/\/lamelin2.infit.com.pl\/index.php?rest_route=\/wp\/v2\/product"}],"about":[{"href":"https:\/\/lamelin2.infit.com.pl\/index.php?rest_route=\/wp\/v2\/types\/product"}],"replies":[{"embeddable":true,"href":"https:\/\/lamelin2.infit.com.pl\/index.php?rest_route=%2Fwp%2Fv2%2Fcomments&post=1081"}],"wp:featuredmedia":[{"embeddable":true,"href":"https:\/\/lamelin2.infit.com.pl\/index.php?rest_route=\/wp\/v2\/media\/1490"}],"wp:attachment":[{"href":"https:\/\/lamelin2.infit.com.pl\/index.php?rest_route=%2Fwp%2Fv2%2Fmedia&parent=1081"}],"wp:term":[{"taxonomy":"product_brand","embeddable":true,"href":"https:\/\/lamelin2.infit.com.pl\/index.php?rest_route=%2Fwp%2Fv2%2Fproduct_brand&post=1081"},{"taxonomy":"product_cat","embeddable":true,"href":"https:\/\/lamelin2.infit.com.pl\/index.php?rest_route=%2Fwp%2Fv2%2Fproduct_cat&post=1081"},{"taxonomy":"product_tag","embeddable":true,"href":"https:\/\/lamelin2.infit.com.pl\/index.php?rest_route=%2Fwp%2Fv2%2Fproduct_tag&post=1081"}],"curies":[{"name":"wp","href":"https:\/\/api.w.org\/{rel}","templated":true}]}}