{"id":1071,"date":"2026-04-07T22:08:37","date_gmt":"2026-04-07T20:08:37","guid":{"rendered":"https:\/\/lamelin2.infit.com.pl\/?post_type=product&#038;p=1071"},"modified":"2026-04-21T20:34:28","modified_gmt":"2026-04-21T18:34:28","slug":"lamelin-nawilzajaca-pianka-oczyszczajaca-z-cica","status":"publish","type":"product","link":"https:\/\/lamelin2.infit.com.pl\/?product=lamelin-nawilzajaca-pianka-oczyszczajaca-z-cica","title":{"rendered":"LAMELIN Nawil\u017caj\u0105ca Pianka Oczyszczaj\u0105ca z Cica"},"content":{"rendered":"<p>Nawil\u017caj\u0105ca Pianka Do Mycia Twarzy z Cica 100 ml<\/p>\n<h3>Polecany dla<\/h3>\n<ul>\n<li>Sk\u00f3ry wra\u017cliwej, potrzebuj\u0105cej ukojenia<\/li>\n<li>Os\u00f3b szukaj\u0105cych pianki, kt\u00f3ra dok\u0142adnie oczyszcza pory<\/li>\n<\/ul>\n<h3>G\u0142\u00f3wne sk\u0142adniki<\/h3>\n<ul>\n<li>Ekstrakt z w\u0105kroty azjatyckiej (Centella asiatica)<\/li>\n<\/ul>\n","protected":false},"excerpt":{"rendered":"<p>Pianka Cica \u2013 skuteczne i delikatne oczyszczanie por\u00f3w dzi\u0119ki g\u0119stej pianie.<\/p>\n","protected":false},"featured_media":1551,"comment_status":"open","ping_status":"closed","template":"","meta":{"_kad_blocks_custom_css":"","_kad_blocks_head_custom_js":"","_kad_blocks_body_custom_js":"","_kad_blocks_footer_custom_js":"","_kad_post_transparent":"default","_kad_post_title":"","_kad_post_layout":"default","_kad_post_sidebar_id":"","_kad_post_content_style":"default","_kad_post_vertical_padding":"default","_kad_post_feature":"","_kad_post_feature_position":"","_kad_post_header":false,"_kad_post_footer":false,"_kad_post_classname":""},"product_brand":[],"product_cat":[17],"product_tag":[],"class_list":{"0":"post-1071","1":"product","2":"type-product","3":"status-publish","4":"has-post-thumbnail","6":"product_cat-oczyszczanie","8":"first","9":"instock","10":"taxable","11":"shipping-taxable","12":"purchasable","13":"product-type-simple","14":"entry","15":"content-bg","16":"loop-entry"},"taxonomy_info":{"product_cat":[{"value":17,"label":"Oczyszczanie"}]},"featured_image_src_large":["https:\/\/lamelin2.infit.com.pl\/wp-content\/uploads\/2026\/04\/lamelin-lagodna-pianka-oczyszczajaca-cica.webp",1000,1000,false],"author_info":[],"comment_info":0,"_links":{"self":[{"href":"https:\/\/lamelin2.infit.com.pl\/index.php?rest_route=\/wp\/v2\/product\/1071","targetHints":{"allow":["GET"]}}],"collection":[{"href":"https:\/\/lamelin2.infit.com.pl\/index.php?rest_route=\/wp\/v2\/product"}],"about":[{"href":"https:\/\/lamelin2.infit.com.pl\/index.php?rest_route=\/wp\/v2\/types\/product"}],"replies":[{"embeddable":true,"href":"https:\/\/lamelin2.infit.com.pl\/index.php?rest_route=%2Fwp%2Fv2%2Fcomments&post=1071"}],"wp:featuredmedia":[{"embeddable":true,"href":"https:\/\/lamelin2.infit.com.pl\/index.php?rest_route=\/wp\/v2\/media\/1551"}],"wp:attachment":[{"href":"https:\/\/lamelin2.infit.com.pl\/index.php?rest_route=%2Fwp%2Fv2%2Fmedia&parent=1071"}],"wp:term":[{"taxonomy":"product_brand","embeddable":true,"href":"https:\/\/lamelin2.infit.com.pl\/index.php?rest_route=%2Fwp%2Fv2%2Fproduct_brand&post=1071"},{"taxonomy":"product_cat","embeddable":true,"href":"https:\/\/lamelin2.infit.com.pl\/index.php?rest_route=%2Fwp%2Fv2%2Fproduct_cat&post=1071"},{"taxonomy":"product_tag","embeddable":true,"href":"https:\/\/lamelin2.infit.com.pl\/index.php?rest_route=%2Fwp%2Fv2%2Fproduct_tag&post=1071"}],"curies":[{"name":"wp","href":"https:\/\/api.w.org\/{rel}","templated":true}]}}