{"id":1069,"date":"2026-04-07T22:08:00","date_gmt":"2026-04-07T20:08:00","guid":{"rendered":"https:\/\/lamelin2.infit.com.pl\/?post_type=product&#038;p=1069"},"modified":"2026-04-21T17:34:06","modified_gmt":"2026-04-21T15:34:06","slug":"lamelin-nawilzajaca-pianka-oczyszczajaca-z-aha-i-bha","status":"publish","type":"product","link":"https:\/\/lamelin2.infit.com.pl\/?product=lamelin-nawilzajaca-pianka-oczyszczajaca-z-aha-i-bha","title":{"rendered":"LAMELIN Nawil\u017caj\u0105ca Pianka Oczyszczaj\u0105ca z AHA i BHA"},"content":{"rendered":"<p>Nawil\u017caj\u0105ca Pianka Do Mycia Twarzy z AHA i BHA 100ml<\/p>\n<h3>Polecany dla<\/h3>\n<ul>\n<li>Os\u00f3b z nier\u00f3wn\u0105 struktur\u0105 sk\u00f3ry<\/li>\n<li>Os\u00f3b szukaj\u0105cych pianki, kt\u00f3ra dok\u0142adnie oczyszcza pory<\/li>\n<\/ul>\n<h3>G\u0142\u00f3wne sk\u0142adniki<\/h3>\n<ul>\n<li>Kwas cytrynowy<\/li>\n<li>Kwas salicylowy<\/li>\n<\/ul>\n","protected":false},"excerpt":{"rendered":"<p>Pianka z AHA i BHA g\u0142\u0119boko oczyszcza pory dzi\u0119ki g\u0119stej, zwartej pianie.<\/p>\n","protected":false},"featured_media":0,"comment_status":"open","ping_status":"closed","template":"","meta":{"_kad_blocks_custom_css":"","_kad_blocks_head_custom_js":"","_kad_blocks_body_custom_js":"","_kad_blocks_footer_custom_js":"","_kad_post_transparent":"default","_kad_post_title":"","_kad_post_layout":"default","_kad_post_sidebar_id":"","_kad_post_content_style":"default","_kad_post_vertical_padding":"default","_kad_post_feature":"","_kad_post_feature_position":"","_kad_post_header":false,"_kad_post_footer":false,"_kad_post_classname":""},"product_brand":[],"product_cat":[17],"product_tag":[],"class_list":{"0":"post-1069","1":"product","2":"type-product","3":"status-publish","5":"product_cat-oczyszczanie","7":"first","8":"instock","9":"taxable","10":"shipping-taxable","11":"purchasable","12":"product-type-simple","13":"entry","14":"content-bg","15":"loop-entry"},"taxonomy_info":{"product_cat":[{"value":17,"label":"Oczyszczanie"}]},"featured_image_src_large":false,"author_info":[],"comment_info":0,"_links":{"self":[{"href":"https:\/\/lamelin2.infit.com.pl\/index.php?rest_route=\/wp\/v2\/product\/1069","targetHints":{"allow":["GET"]}}],"collection":[{"href":"https:\/\/lamelin2.infit.com.pl\/index.php?rest_route=\/wp\/v2\/product"}],"about":[{"href":"https:\/\/lamelin2.infit.com.pl\/index.php?rest_route=\/wp\/v2\/types\/product"}],"replies":[{"embeddable":true,"href":"https:\/\/lamelin2.infit.com.pl\/index.php?rest_route=%2Fwp%2Fv2%2Fcomments&post=1069"}],"wp:attachment":[{"href":"https:\/\/lamelin2.infit.com.pl\/index.php?rest_route=%2Fwp%2Fv2%2Fmedia&parent=1069"}],"wp:term":[{"taxonomy":"product_brand","embeddable":true,"href":"https:\/\/lamelin2.infit.com.pl\/index.php?rest_route=%2Fwp%2Fv2%2Fproduct_brand&post=1069"},{"taxonomy":"product_cat","embeddable":true,"href":"https:\/\/lamelin2.infit.com.pl\/index.php?rest_route=%2Fwp%2Fv2%2Fproduct_cat&post=1069"},{"taxonomy":"product_tag","embeddable":true,"href":"https:\/\/lamelin2.infit.com.pl\/index.php?rest_route=%2Fwp%2Fv2%2Fproduct_tag&post=1069"}],"curies":[{"name":"wp","href":"https:\/\/api.w.org\/{rel}","templated":true}]}}