{"id":1061,"date":"2026-04-07T22:05:24","date_gmt":"2026-04-07T20:05:24","guid":{"rendered":"https:\/\/lamelin2.infit.com.pl\/?post_type=product&#038;p=1061"},"modified":"2026-04-21T20:26:02","modified_gmt":"2026-04-21T18:26:02","slug":"lamelin-lagodny-zel-peelingujacy-z-kwasem-hialuronowym","status":"publish","type":"product","link":"https:\/\/lamelin2.infit.com.pl\/?product=lamelin-lagodny-zel-peelingujacy-z-kwasem-hialuronowym","title":{"rendered":"LAMELIN \u0141agodny \u017bel Peelinguj\u0105cy z Kwasem Hialuronowym"},"content":{"rendered":"<p>\u0141agodny Peelingowy \u017bel z Kwasem Hialuronowym 150ml<\/p>\n<h3>Polecany dla<\/h3>\n<ul>\n<li>Os\u00f3b potrzebuj\u0105cych delikatnego, niepodra\u017cniaj\u0105cego z\u0142uszczania<\/li>\n<li>Os\u00f3b pragn\u0105cych g\u0142adkiej i mi\u0119kkiej sk\u00f3ry<\/li>\n<\/ul>\n<h3>G\u0142\u00f3wne sk\u0142adniki<\/h3>\n<ul>\n<li>Kwas salicylowy<\/li>\n<li>Kwas hialuronowy<\/li>\n<li>Kwas glikolowy<\/li>\n<li>Ekstrakt z li\u015bci aloesu<\/li>\n<\/ul>\n","protected":false},"excerpt":{"rendered":"<p>Nawil\u017caj\u0105cy peelingowy \u017cel, kt\u00f3ry dzi\u0119ki sk\u0142adnikom AHA, BHA oraz kwasowi hialuronowemu pomaga wyg\u0142adzi\u0107 struktur\u0119 sk\u00f3ry.<\/p>\n","protected":false},"featured_media":1546,"comment_status":"open","ping_status":"closed","template":"","meta":{"_kad_blocks_custom_css":"","_kad_blocks_head_custom_js":"","_kad_blocks_body_custom_js":"","_kad_blocks_footer_custom_js":"","_kad_post_transparent":"default","_kad_post_title":"","_kad_post_layout":"default","_kad_post_sidebar_id":"","_kad_post_content_style":"default","_kad_post_vertical_padding":"default","_kad_post_feature":"","_kad_post_feature_position":"","_kad_post_header":false,"_kad_post_footer":false,"_kad_post_classname":""},"product_brand":[],"product_cat":[17],"product_tag":[],"class_list":{"0":"post-1061","1":"product","2":"type-product","3":"status-publish","4":"has-post-thumbnail","6":"product_cat-oczyszczanie","8":"first","9":"instock","10":"taxable","11":"shipping-taxable","12":"purchasable","13":"product-type-simple","14":"entry","15":"content-bg","16":"loop-entry"},"taxonomy_info":{"product_cat":[{"value":17,"label":"Oczyszczanie"}]},"featured_image_src_large":["https:\/\/lamelin2.infit.com.pl\/wp-content\/uploads\/2026\/04\/lamelin-lagodny-zel-peelingujacy-kwas-hialuronowy.webp",1000,1000,false],"author_info":[],"comment_info":0,"_links":{"self":[{"href":"https:\/\/lamelin2.infit.com.pl\/index.php?rest_route=\/wp\/v2\/product\/1061","targetHints":{"allow":["GET"]}}],"collection":[{"href":"https:\/\/lamelin2.infit.com.pl\/index.php?rest_route=\/wp\/v2\/product"}],"about":[{"href":"https:\/\/lamelin2.infit.com.pl\/index.php?rest_route=\/wp\/v2\/types\/product"}],"replies":[{"embeddable":true,"href":"https:\/\/lamelin2.infit.com.pl\/index.php?rest_route=%2Fwp%2Fv2%2Fcomments&post=1061"}],"wp:featuredmedia":[{"embeddable":true,"href":"https:\/\/lamelin2.infit.com.pl\/index.php?rest_route=\/wp\/v2\/media\/1546"}],"wp:attachment":[{"href":"https:\/\/lamelin2.infit.com.pl\/index.php?rest_route=%2Fwp%2Fv2%2Fmedia&parent=1061"}],"wp:term":[{"taxonomy":"product_brand","embeddable":true,"href":"https:\/\/lamelin2.infit.com.pl\/index.php?rest_route=%2Fwp%2Fv2%2Fproduct_brand&post=1061"},{"taxonomy":"product_cat","embeddable":true,"href":"https:\/\/lamelin2.infit.com.pl\/index.php?rest_route=%2Fwp%2Fv2%2Fproduct_cat&post=1061"},{"taxonomy":"product_tag","embeddable":true,"href":"https:\/\/lamelin2.infit.com.pl\/index.php?rest_route=%2Fwp%2Fv2%2Fproduct_tag&post=1061"}],"curies":[{"name":"wp","href":"https:\/\/api.w.org\/{rel}","templated":true}]}}