{"id":1059,"date":"2026-04-07T22:04:34","date_gmt":"2026-04-07T20:04:34","guid":{"rendered":"https:\/\/lamelin2.infit.com.pl\/?post_type=product&#038;p=1059"},"modified":"2026-04-21T19:36:52","modified_gmt":"2026-04-21T17:36:52","slug":"lamelin-lagodna-pianka-peelingujaca-z-ryzem","status":"publish","type":"product","link":"https:\/\/lamelin2.infit.com.pl\/?product=lamelin-lagodna-pianka-peelingujaca-z-ryzem","title":{"rendered":"LAMELIN \u0141agodna Pianka Peelinguj\u0105ca z Ry\u017cem"},"content":{"rendered":"<p>\u0141agodna Pianka Peelinguj\u0105ca do Mycia \u2013 Ry\u017cowa 150ml<\/p>\n<h3>Polecany dla<\/h3>\n<ul>\n<li>Os\u00f3b potrzebuj\u0105cych delikatnego usuni\u0119cia martwego nask\u00f3rka bez podra\u017cnie\u0144<\/li>\n<li>Os\u00f3b pragn\u0105cych mie\u0107 g\u0142adk\u0105 struktur\u0119 sk\u00f3ry<\/li>\n<\/ul>\n<h3>G\u0142\u00f3wne sk\u0142adniki<\/h3>\n<ul>\n<li>Proszek z \u0142upin orzecha w\u0142oskiego<\/li>\n<li>Ekstrakt z otr\u0119b\u00f3w ry\u017cowych<\/li>\n<li>Ekstrakt z eklipty roz\u0142o\u017cystej<\/li>\n<li>Ekstrakt z li\u015bci aloesu<\/li>\n<\/ul>\n","protected":false},"excerpt":{"rendered":"<p>Pianka delikatnie usuwaj\u0105ca martwy nask\u00f3rek, zapewniaj\u0105ca bogate, g\u0119ste oczyszczenie, dok\u0142adnie czy\u015bci sk\u00f3r\u0119, nie pozostawiaj\u0105c \u017cadnych pozosta\u0142o\u015bci.<\/p>\n","protected":false},"featured_media":1501,"comment_status":"open","ping_status":"closed","template":"","meta":{"_kad_blocks_custom_css":"","_kad_blocks_head_custom_js":"","_kad_blocks_body_custom_js":"","_kad_blocks_footer_custom_js":"","_kad_post_transparent":"default","_kad_post_title":"","_kad_post_layout":"default","_kad_post_sidebar_id":"","_kad_post_content_style":"default","_kad_post_vertical_padding":"default","_kad_post_feature":"","_kad_post_feature_position":"","_kad_post_header":false,"_kad_post_footer":false,"_kad_post_classname":""},"product_brand":[],"product_cat":[17],"product_tag":[],"class_list":{"0":"post-1059","1":"product","2":"type-product","3":"status-publish","4":"has-post-thumbnail","6":"product_cat-oczyszczanie","8":"first","9":"instock","10":"taxable","11":"shipping-taxable","12":"purchasable","13":"product-type-simple","14":"entry","15":"content-bg","16":"loop-entry"},"taxonomy_info":{"product_cat":[{"value":17,"label":"Oczyszczanie"}]},"featured_image_src_large":["https:\/\/lamelin2.infit.com.pl\/wp-content\/uploads\/2026\/04\/lamelin-lagodna-pianka-peelingujaca-ryz.webp",1000,1000,false],"author_info":[],"comment_info":0,"_links":{"self":[{"href":"https:\/\/lamelin2.infit.com.pl\/index.php?rest_route=\/wp\/v2\/product\/1059","targetHints":{"allow":["GET"]}}],"collection":[{"href":"https:\/\/lamelin2.infit.com.pl\/index.php?rest_route=\/wp\/v2\/product"}],"about":[{"href":"https:\/\/lamelin2.infit.com.pl\/index.php?rest_route=\/wp\/v2\/types\/product"}],"replies":[{"embeddable":true,"href":"https:\/\/lamelin2.infit.com.pl\/index.php?rest_route=%2Fwp%2Fv2%2Fcomments&post=1059"}],"wp:featuredmedia":[{"embeddable":true,"href":"https:\/\/lamelin2.infit.com.pl\/index.php?rest_route=\/wp\/v2\/media\/1501"}],"wp:attachment":[{"href":"https:\/\/lamelin2.infit.com.pl\/index.php?rest_route=%2Fwp%2Fv2%2Fmedia&parent=1059"}],"wp:term":[{"taxonomy":"product_brand","embeddable":true,"href":"https:\/\/lamelin2.infit.com.pl\/index.php?rest_route=%2Fwp%2Fv2%2Fproduct_brand&post=1059"},{"taxonomy":"product_cat","embeddable":true,"href":"https:\/\/lamelin2.infit.com.pl\/index.php?rest_route=%2Fwp%2Fv2%2Fproduct_cat&post=1059"},{"taxonomy":"product_tag","embeddable":true,"href":"https:\/\/lamelin2.infit.com.pl\/index.php?rest_route=%2Fwp%2Fv2%2Fproduct_tag&post=1059"}],"curies":[{"name":"wp","href":"https:\/\/api.w.org\/{rel}","templated":true}]}}