{"id":1053,"date":"2026-04-07T22:01:42","date_gmt":"2026-04-07T20:01:42","guid":{"rendered":"https:\/\/lamelin2.infit.com.pl\/?post_type=product&#038;p=1053"},"modified":"2026-04-21T20:27:40","modified_gmt":"2026-04-21T18:27:40","slug":"lamelin-lagodna-pianka-oczyszczajaca-z-kwasem-hialuronowym","status":"publish","type":"product","link":"https:\/\/lamelin2.infit.com.pl\/?product=lamelin-lagodna-pianka-oczyszczajaca-z-kwasem-hialuronowym","title":{"rendered":"LAMELIN \u0141agodna Pianka Oczyszczaj\u0105ca z Kwasem Hialuronowym"},"content":{"rendered":"<p>\u0141agodna Pianka Oczyszczaj\u0105ca z Kwasem Hialuronowym 150 ml<\/p>\n<h3>Polecany dla<\/h3>\n<ul>\n<li>Os\u00f3b, kt\u00f3re ceni\u0105 g\u0119st\u0105, kremow\u0105 pian\u0119 podczas oczyszczania<\/li>\n<li>Os\u00f3b, kt\u00f3re chc\u0105 dok\u0142adnie oczy\u015bci\u0107 sk\u00f3r\u0119, nie powoduj\u0105c uczucia sucho\u015bci i \u015bci\u0105gni\u0119cia<\/li>\n<\/ul>\n<h3>G\u0142\u00f3wne sk\u0142adniki<\/h3>\n<ul>\n<li>Hialuronian sodu<\/li>\n<li>Alantoina<\/li>\n<li>Ekstrakt z kory morwy<\/li>\n<li>Filtrat fermentacyjny z Galactomyces<\/li>\n<\/ul>\n","protected":false},"excerpt":{"rendered":"<p>Pianka oczyszczaj\u0105ca o bogatej, kremowej konsystencji, kt\u00f3ra skutecznie oczyszcza sk\u00f3r\u0119 i zapewnia nawil\u017caj\u0105ce wyko\u0144czenie \u2013 nie pozostawiaj\u0105c resztek.<\/p>\n","protected":false},"featured_media":1549,"comment_status":"open","ping_status":"closed","template":"","meta":{"_kad_blocks_custom_css":"","_kad_blocks_head_custom_js":"","_kad_blocks_body_custom_js":"","_kad_blocks_footer_custom_js":"","_kad_post_transparent":"default","_kad_post_title":"","_kad_post_layout":"default","_kad_post_sidebar_id":"","_kad_post_content_style":"default","_kad_post_vertical_padding":"default","_kad_post_feature":"","_kad_post_feature_position":"","_kad_post_header":false,"_kad_post_footer":false,"_kad_post_classname":""},"product_brand":[],"product_cat":[17],"product_tag":[],"class_list":{"0":"post-1053","1":"product","2":"type-product","3":"status-publish","4":"has-post-thumbnail","6":"product_cat-oczyszczanie","8":"first","9":"instock","10":"taxable","11":"shipping-taxable","12":"purchasable","13":"product-type-simple","14":"entry","15":"content-bg","16":"loop-entry"},"taxonomy_info":{"product_cat":[{"value":17,"label":"Oczyszczanie"}]},"featured_image_src_large":["https:\/\/lamelin2.infit.com.pl\/wp-content\/uploads\/2026\/04\/lamelin-lagodna-pianka-oczyszczajaca-kwas-hialuronowy.webp",1000,1000,false],"author_info":[],"comment_info":0,"_links":{"self":[{"href":"https:\/\/lamelin2.infit.com.pl\/index.php?rest_route=\/wp\/v2\/product\/1053","targetHints":{"allow":["GET"]}}],"collection":[{"href":"https:\/\/lamelin2.infit.com.pl\/index.php?rest_route=\/wp\/v2\/product"}],"about":[{"href":"https:\/\/lamelin2.infit.com.pl\/index.php?rest_route=\/wp\/v2\/types\/product"}],"replies":[{"embeddable":true,"href":"https:\/\/lamelin2.infit.com.pl\/index.php?rest_route=%2Fwp%2Fv2%2Fcomments&post=1053"}],"wp:featuredmedia":[{"embeddable":true,"href":"https:\/\/lamelin2.infit.com.pl\/index.php?rest_route=\/wp\/v2\/media\/1549"}],"wp:attachment":[{"href":"https:\/\/lamelin2.infit.com.pl\/index.php?rest_route=%2Fwp%2Fv2%2Fmedia&parent=1053"}],"wp:term":[{"taxonomy":"product_brand","embeddable":true,"href":"https:\/\/lamelin2.infit.com.pl\/index.php?rest_route=%2Fwp%2Fv2%2Fproduct_brand&post=1053"},{"taxonomy":"product_cat","embeddable":true,"href":"https:\/\/lamelin2.infit.com.pl\/index.php?rest_route=%2Fwp%2Fv2%2Fproduct_cat&post=1053"},{"taxonomy":"product_tag","embeddable":true,"href":"https:\/\/lamelin2.infit.com.pl\/index.php?rest_route=%2Fwp%2Fv2%2Fproduct_tag&post=1053"}],"curies":[{"name":"wp","href":"https:\/\/api.w.org\/{rel}","templated":true}]}}