{"id":1051,"date":"2026-04-07T22:00:29","date_gmt":"2026-04-07T20:00:29","guid":{"rendered":"https:\/\/lamelin2.infit.com.pl\/?post_type=product&#038;p=1051"},"modified":"2026-04-21T17:34:51","modified_gmt":"2026-04-21T15:34:51","slug":"lamelin-pure-krem-z-arbutyna","status":"publish","type":"product","link":"https:\/\/lamelin2.infit.com.pl\/?product=lamelin-pure-krem-z-arbutyna","title":{"rendered":"LAMELIN Pure Krem z Arbutyn\u0105"},"content":{"rendered":"<p>Pure Cream Krem z Arbutyn\u0105 50 ml<\/p>\n<h3>Polecany dla<\/h3>\n<ul>\n<li>Os\u00f3b potrzebuj\u0105cych intensywnego nawil\u017cenia<\/li>\n<li>Os\u00f3b poszukuj\u0105cych lekkiego i delikatnego kremu<\/li>\n<\/ul>\n<h3>G\u0142\u00f3wne sk\u0142adniki<\/h3>\n<ul>\n<li>Arbutyna<\/li>\n<li>Adenozyna<\/li>\n<li>Hialuronian sodu<\/li>\n<\/ul>\n","protected":false},"excerpt":{"rendered":"<p>Delikatny krem, kt\u00f3ry intensywnie nawil\u017ca i dodaje sk\u00f3rze witalno\u015bci, wyr\u00f3wnuj\u0105c i roz\u015bwietlaj\u0105c jej koloryt.<br \/>\nDwufunkcyjny krem przeciwzmarszczkowy i rozja\u015bniaj\u0105cy<\/p>\n","protected":false},"featured_media":0,"comment_status":"open","ping_status":"closed","template":"","meta":{"_kad_blocks_custom_css":"","_kad_blocks_head_custom_js":"","_kad_blocks_body_custom_js":"","_kad_blocks_footer_custom_js":"","_kad_post_transparent":"default","_kad_post_title":"","_kad_post_layout":"default","_kad_post_sidebar_id":"","_kad_post_content_style":"default","_kad_post_vertical_padding":"default","_kad_post_feature":"","_kad_post_feature_position":"","_kad_post_header":false,"_kad_post_footer":false,"_kad_post_classname":""},"product_brand":[],"product_cat":[16],"product_tag":[],"class_list":{"0":"post-1051","1":"product","2":"type-product","3":"status-publish","5":"product_cat-pielegnacja-skory","7":"first","8":"instock","9":"taxable","10":"shipping-taxable","11":"purchasable","12":"product-type-simple","13":"entry","14":"content-bg","15":"loop-entry"},"taxonomy_info":{"product_cat":[{"value":16,"label":"Piel\u0119gnacja sk\u00f3ry"}]},"featured_image_src_large":false,"author_info":[],"comment_info":0,"_links":{"self":[{"href":"https:\/\/lamelin2.infit.com.pl\/index.php?rest_route=\/wp\/v2\/product\/1051","targetHints":{"allow":["GET"]}}],"collection":[{"href":"https:\/\/lamelin2.infit.com.pl\/index.php?rest_route=\/wp\/v2\/product"}],"about":[{"href":"https:\/\/lamelin2.infit.com.pl\/index.php?rest_route=\/wp\/v2\/types\/product"}],"replies":[{"embeddable":true,"href":"https:\/\/lamelin2.infit.com.pl\/index.php?rest_route=%2Fwp%2Fv2%2Fcomments&post=1051"}],"wp:attachment":[{"href":"https:\/\/lamelin2.infit.com.pl\/index.php?rest_route=%2Fwp%2Fv2%2Fmedia&parent=1051"}],"wp:term":[{"taxonomy":"product_brand","embeddable":true,"href":"https:\/\/lamelin2.infit.com.pl\/index.php?rest_route=%2Fwp%2Fv2%2Fproduct_brand&post=1051"},{"taxonomy":"product_cat","embeddable":true,"href":"https:\/\/lamelin2.infit.com.pl\/index.php?rest_route=%2Fwp%2Fv2%2Fproduct_cat&post=1051"},{"taxonomy":"product_tag","embeddable":true,"href":"https:\/\/lamelin2.infit.com.pl\/index.php?rest_route=%2Fwp%2Fv2%2Fproduct_tag&post=1051"}],"curies":[{"name":"wp","href":"https:\/\/api.w.org\/{rel}","templated":true}]}}