{"id":30,"date":"2026-03-17T13:31:33","date_gmt":"2026-03-17T12:31:33","guid":{"rendered":"https:\/\/lamelin2.infit.com.pl\/?page_id=30"},"modified":"2026-04-14T21:14:31","modified_gmt":"2026-04-14T19:14:31","slug":"o-nas","status":"publish","type":"page","link":"https:\/\/lamelin2.infit.com.pl\/?page_id=30","title":{"rendered":"O nas"},"content":{"rendered":"<style>.wp-block-kadence-advancedheading.kt-adv-heading30_78df34-cf, .wp-block-kadence-advancedheading.kt-adv-heading30_78df34-cf[data-kb-block=\"kb-adv-heading30_78df34-cf\"]{font-style:normal;}.wp-block-kadence-advancedheading.kt-adv-heading30_78df34-cf mark.kt-highlight, .wp-block-kadence-advancedheading.kt-adv-heading30_78df34-cf[data-kb-block=\"kb-adv-heading30_78df34-cf\"] mark.kt-highlight{font-style:normal;color:#f76a0c;-webkit-box-decoration-break:clone;box-decoration-break:clone;padding-top:0px;padding-right:0px;padding-bottom:0px;padding-left:0px;}.wp-block-kadence-advancedheading.kt-adv-heading30_78df34-cf img.kb-inline-image, .wp-block-kadence-advancedheading.kt-adv-heading30_78df34-cf[data-kb-block=\"kb-adv-heading30_78df34-cf\"] img.kb-inline-image{width:150px;vertical-align:baseline;}<\/style>\n<h2 class=\"kt-adv-heading30_78df34-cf wp-block-kadence-advancedheading\" data-kb-block=\"kb-adv-heading30_78df34-cf\">Lamelin \u2014 K-beauty, kt\u00f3re zaczyna si\u0119 od zdrowo wygl\u0105daj\u0105cej sk\u00f3ry<\/h2>\n\n\n\n<p>W Lamelin wierzymy, \u017ce najpi\u0119kniejszy makija\u017c zaczyna si\u0119 od tego, jak wygl\u0105da i czuje si\u0119 Twoja sk\u00f3ra. Dlatego nasze podej\u015bcie do pi\u0119kna opiera si\u0119 na tym, co w K-Beauty najwa\u017cniejsze \u2014 \u015bwie\u017co\u015bci, lekko\u015bci, piel\u0119gnacji i efekcie healthy glow.<\/p>\n\n\n\n<p>Nie wierzymy w ci\u0119\u017ckie schematy i przesadzony efekt. Wierzymy w kosmetyki, kt\u00f3re pomagaj\u0105 Ci osi\u0105gn\u0105\u0107 wygl\u0105d \u015bwie\u017cej, promiennej, zadbanej sk\u00f3ry i podkre\u015blaj\u0105 Twoje naturalne pi\u0119kno w lekki, nowoczesny spos\u00f3b.<\/p>\n\n\n\n<p>Wed\u0142ug nas najlepsze rytua\u0142y beauty to te, do kt\u00f3rych chce si\u0119 wraca\u0107. Te, kt\u00f3re daj\u0105 nie tylko efekt na sk\u00f3rze, ale te\u017c przyjemno\u015b\u0107, lekko\u015b\u0107 i moment tylko dla siebie. Dlatego Lamelin powsta\u0142o dla os\u00f3b, kt\u00f3re chc\u0105 celebrowa\u0107 swoj\u0105 codzienn\u0105 rutyn\u0119 pi\u0119kno\u015bci w spos\u00f3b prosty, estetyczny i przyjemny.<\/p>\n\n\n\n<p>Chcemy, aby ka\u017cdy produkt Lamelin by\u0142 cz\u0119\u015bci\u0105 codzienno\u015bci, kt\u00f3ra poprawia nastr\u00f3j, dodaje pewno\u015bci siebie I daje efekt glow, bo w\u0142a\u015bnie o to chodzi w nowoczesnym K-beauty \u2014 nie o perfekcj\u0119, ale o dobre samopoczucie i naturalny blask.<\/p>\n","protected":false},"excerpt":{"rendered":"<p>Lamelin \u2014 K-beauty, kt\u00f3re zaczyna si\u0119 od zdrowo wygl\u0105daj\u0105cej sk\u00f3ry W Lamelin wierzymy, \u017ce najpi\u0119kniejszy makija\u017c zaczyna si\u0119 od tego, jak wygl\u0105da i czuje si\u0119 Twoja sk\u00f3ra. Dlatego nasze podej\u015bcie do pi\u0119kna opiera si\u0119 na tym, co w K-Beauty najwa\u017cniejsze \u2014 \u015bwie\u017co\u015bci, lekko\u015bci, piel\u0119gnacji i efekcie healthy glow. Nie wierzymy w ci\u0119\u017ckie schematy i przesadzony&#8230;<\/p>\n","protected":false},"author":1,"featured_media":0,"parent":0,"menu_order":0,"comment_status":"closed","ping_status":"closed","template":"","meta":{"_kad_blocks_custom_css":"","_kad_blocks_head_custom_js":"","_kad_blocks_body_custom_js":"","_kad_blocks_footer_custom_js":"","_kad_post_transparent":"","_kad_post_title":"","_kad_post_layout":"","_kad_post_sidebar_id":"","_kad_post_content_style":"","_kad_post_vertical_padding":"","_kad_post_feature":"","_kad_post_feature_position":"","_kad_post_header":false,"_kad_post_footer":false,"_kad_post_classname":"","footnotes":""},"class_list":["post-30","page","type-page","status-publish","hentry"],"taxonomy_info":[],"featured_image_src_large":false,"author_info":{"display_name":"ivtd2xdtchm3r90x","author_link":"https:\/\/lamelin2.infit.com.pl\/?author=1"},"comment_info":0,"_links":{"self":[{"href":"https:\/\/lamelin2.infit.com.pl\/index.php?rest_route=\/wp\/v2\/pages\/30","targetHints":{"allow":["GET"]}}],"collection":[{"href":"https:\/\/lamelin2.infit.com.pl\/index.php?rest_route=\/wp\/v2\/pages"}],"about":[{"href":"https:\/\/lamelin2.infit.com.pl\/index.php?rest_route=\/wp\/v2\/types\/page"}],"author":[{"embeddable":true,"href":"https:\/\/lamelin2.infit.com.pl\/index.php?rest_route=\/wp\/v2\/users\/1"}],"replies":[{"embeddable":true,"href":"https:\/\/lamelin2.infit.com.pl\/index.php?rest_route=%2Fwp%2Fv2%2Fcomments&post=30"}],"version-history":[{"count":3,"href":"https:\/\/lamelin2.infit.com.pl\/index.php?rest_route=\/wp\/v2\/pages\/30\/revisions"}],"predecessor-version":[{"id":1236,"href":"https:\/\/lamelin2.infit.com.pl\/index.php?rest_route=\/wp\/v2\/pages\/30\/revisions\/1236"}],"wp:attachment":[{"href":"https:\/\/lamelin2.infit.com.pl\/index.php?rest_route=%2Fwp%2Fv2%2Fmedia&parent=30"}],"curies":[{"name":"wp","href":"https:\/\/api.w.org\/{rel}","templated":true}]}}