{"id":28,"date":"2026-03-17T13:31:26","date_gmt":"2026-03-17T12:31:26","guid":{"rendered":"https:\/\/lamelin2.infit.com.pl\/?page_id=28"},"modified":"2026-03-26T21:19:52","modified_gmt":"2026-03-26T20:19:52","slug":"kontakt","status":"publish","type":"page","link":"https:\/\/lamelin2.infit.com.pl\/?page_id=28","title":{"rendered":"Kontakt"},"content":{"rendered":"<style>.kb-row-layout-id28_a7b0dc-4e > .kt-row-column-wrap{align-content:start;}:where(.kb-row-layout-id28_a7b0dc-4e > .kt-row-column-wrap) > .wp-block-kadence-column{justify-content:start;}.kb-row-layout-id28_a7b0dc-4e > .kt-row-column-wrap{column-gap:var(--global-kb-gap-md, 2rem);row-gap:var(--global-kb-gap-md, 2rem);padding-top:var(--global-kb-spacing-sm, 1.5rem);padding-bottom:var(--global-kb-spacing-sm, 1.5rem);grid-template-columns:repeat(2, minmax(0, 1fr));}.kb-row-layout-id28_a7b0dc-4e > .kt-row-layout-overlay{opacity:0.30;}@media all and (max-width: 1024px){.kb-row-layout-id28_a7b0dc-4e > .kt-row-column-wrap{grid-template-columns:repeat(2, minmax(0, 1fr));}}@media all and (max-width: 767px){.kb-row-layout-id28_a7b0dc-4e > .kt-row-column-wrap{grid-template-columns:minmax(0, 1fr);}}<\/style><div class=\"kb-row-layout-wrap kb-row-layout-id28_a7b0dc-4e alignnone wp-block-kadence-rowlayout\"><div class=\"kt-row-column-wrap kt-has-2-columns kt-row-layout-equal kt-tab-layout-inherit kt-mobile-layout-row kt-row-valign-top\">\n<style>.kadence-column28_b427ba-d8 > .kt-inside-inner-col,.kadence-column28_b427ba-d8 > .kt-inside-inner-col:before{border-top-left-radius:0px;border-top-right-radius:0px;border-bottom-right-radius:0px;border-bottom-left-radius:0px;}.kadence-column28_b427ba-d8 > .kt-inside-inner-col{column-gap:var(--global-kb-gap-sm, 1rem);}.kadence-column28_b427ba-d8 > .kt-inside-inner-col{flex-direction:column;}.kadence-column28_b427ba-d8 > .kt-inside-inner-col > .aligncenter{width:100%;}.kadence-column28_b427ba-d8 > .kt-inside-inner-col:before{opacity:0.3;}.kadence-column28_b427ba-d8{position:relative;}@media all and (max-width: 1024px){.kadence-column28_b427ba-d8 > .kt-inside-inner-col{flex-direction:column;justify-content:center;}}@media all and (max-width: 767px){.kadence-column28_b427ba-d8 > .kt-inside-inner-col{flex-direction:column;justify-content:center;}}<\/style>\n<div class=\"wp-block-kadence-column kadence-column28_b427ba-d8\"><div class=\"kt-inside-inner-col\"><style>.wp-block-kadence-advancedheading.kt-adv-heading28_3f6953-fc, .wp-block-kadence-advancedheading.kt-adv-heading28_3f6953-fc[data-kb-block=\"kb-adv-heading28_3f6953-fc\"]{margin-bottom:var(--global-kb-spacing-sm, 1.5rem);font-size:var(--global-kb-font-size-lg, 2rem);font-weight:600;font-style:normal;font-family:-apple-system,BlinkMacSystemFont,\"Segoe UI\",Roboto,Oxygen-Sans,Ubuntu,Cantarell,\"Helvetica Neue\",sans-serif, \"Apple Color Emoji\", \"Segoe UI Emoji\", \"Segoe UI Symbol\";}.wp-block-kadence-advancedheading.kt-adv-heading28_3f6953-fc mark.kt-highlight, .wp-block-kadence-advancedheading.kt-adv-heading28_3f6953-fc[data-kb-block=\"kb-adv-heading28_3f6953-fc\"] mark.kt-highlight{font-style:normal;color:#f76a0c;-webkit-box-decoration-break:clone;box-decoration-break:clone;padding-top:0px;padding-right:0px;padding-bottom:0px;padding-left:0px;}.wp-block-kadence-advancedheading.kt-adv-heading28_3f6953-fc img.kb-inline-image, .wp-block-kadence-advancedheading.kt-adv-heading28_3f6953-fc[data-kb-block=\"kb-adv-heading28_3f6953-fc\"] img.kb-inline-image{width:150px;vertical-align:baseline;}<\/style>\n<h2 class=\"kt-adv-heading28_3f6953-fc wp-block-kadence-advancedheading\" data-kb-block=\"kb-adv-heading28_3f6953-fc\">Informacje<\/h2>\n\n\n\n<p>Jak si\u0119 skontaktowa\u0107? Zadzwo\u0144 na infolini\u0119 od poniedzia\u0142ku do pi\u0105tki w godz. 8:00-16:00.<\/p>\n\n\n<style>.wp-block-kadence-advancedheading.kt-adv-heading28_a3a4e1-7b, .wp-block-kadence-advancedheading.kt-adv-heading28_a3a4e1-7b[data-kb-block=\"kb-adv-heading28_a3a4e1-7b\"]{font-style:normal;}.wp-block-kadence-advancedheading.kt-adv-heading28_a3a4e1-7b[data-kb-block=\"kb-adv-heading28_a3a4e1-7b\"]{display:flex;gap:0.25em;align-items:center;}.wp-block-kadence-advancedheading.kt-adv-heading28_a3a4e1-7b[data-kb-block=\"kb-adv-heading28_a3a4e1-7b\"] .kb-adv-heading-icon svg{width:1em;height:1em;}.wp-block-kadence-advancedheading.kt-adv-heading28_a3a4e1-7b[data-kb-block=\"kb-adv-heading28_a3a4e1-7b\"] .kb-adv-heading-icon{font-size:30px;padding-right:var(--global-kb-spacing-xs, 1rem);}.wp-block-kadence-advancedheading.kt-adv-heading28_a3a4e1-7b mark.kt-highlight, .wp-block-kadence-advancedheading.kt-adv-heading28_a3a4e1-7b[data-kb-block=\"kb-adv-heading28_a3a4e1-7b\"] mark.kt-highlight{font-size:var(--global-kb-font-size-md, 1.25rem);font-style:normal;color:var(--global-palette3, #1A202C);-webkit-box-decoration-break:clone;box-decoration-break:clone;padding-top:0px;padding-right:0px;padding-bottom:0px;padding-left:0px;}.wp-block-kadence-advancedheading.kt-adv-heading28_a3a4e1-7b img.kb-inline-image, .wp-block-kadence-advancedheading.kt-adv-heading28_a3a4e1-7b[data-kb-block=\"kb-adv-heading28_a3a4e1-7b\"] img.kb-inline-image{width:150px;vertical-align:baseline;}<\/style><p class=\"kt-adv-heading28_a3a4e1-7b wp-block-kadence-advancedheading kt-adv-heading-has-icon\" data-kb-block=\"kb-adv-heading28_a3a4e1-7b\"><span class=\"kb-svg-icon-wrap kb-adv-heading-icon kb-svg-icon-fe_home kb-adv-heading-icon-side-left\"><svg viewBox=\"0 0 24 24\"  fill=\"none\" stroke=\"currentColor\" stroke-width=\"2\" stroke-linecap=\"round\" stroke-linejoin=\"round\" xmlns=\"http:\/\/www.w3.org\/2000\/svg\"  aria-hidden=\"true\"><path d=\"M3 9l9-7 9 7v11a2 2 0 0 1-2 2H5a2 2 0 0 1-2-2z\"\/><polyline points=\"9 22 9 12 15 12 15 22\"\/><\/svg><\/span><span class=\"kb-adv-text-inner\"><mark true=\"true\" class=\"kt-highlight\">Adres<\/mark><br>ul. Polska 12, 01-234 Warszawa<\/span><\/p>\n\n<style>.wp-block-kadence-advancedheading.kt-adv-heading28_29fdf4-b7, .wp-block-kadence-advancedheading.kt-adv-heading28_29fdf4-b7[data-kb-block=\"kb-adv-heading28_29fdf4-b7\"]{font-style:normal;}.wp-block-kadence-advancedheading.kt-adv-heading28_29fdf4-b7[data-kb-block=\"kb-adv-heading28_29fdf4-b7\"]{display:flex;gap:0.25em;align-items:center;}.wp-block-kadence-advancedheading.kt-adv-heading28_29fdf4-b7[data-kb-block=\"kb-adv-heading28_29fdf4-b7\"] .kb-adv-heading-icon svg{width:1em;height:1em;}.wp-block-kadence-advancedheading.kt-adv-heading28_29fdf4-b7[data-kb-block=\"kb-adv-heading28_29fdf4-b7\"] .kb-adv-heading-icon{font-size:30px;padding-right:var(--global-kb-spacing-xs, 1rem);}.wp-block-kadence-advancedheading.kt-adv-heading28_29fdf4-b7 mark.kt-highlight, .wp-block-kadence-advancedheading.kt-adv-heading28_29fdf4-b7[data-kb-block=\"kb-adv-heading28_29fdf4-b7\"] mark.kt-highlight{font-size:var(--global-kb-font-size-md, 1.25rem);font-style:normal;color:var(--global-palette3, #1A202C);-webkit-box-decoration-break:clone;box-decoration-break:clone;padding-top:0px;padding-right:0px;padding-bottom:0px;padding-left:0px;}.wp-block-kadence-advancedheading.kt-adv-heading28_29fdf4-b7 img.kb-inline-image, .wp-block-kadence-advancedheading.kt-adv-heading28_29fdf4-b7[data-kb-block=\"kb-adv-heading28_29fdf4-b7\"] img.kb-inline-image{width:150px;vertical-align:baseline;}<\/style><p class=\"kt-adv-heading28_29fdf4-b7 wp-block-kadence-advancedheading kt-adv-heading-has-icon\" data-kb-block=\"kb-adv-heading28_29fdf4-b7\"><span class=\"kb-svg-icon-wrap kb-adv-heading-icon kb-svg-icon-fe_headphones kb-adv-heading-icon-side-left\"><svg viewBox=\"0 0 24 24\"  fill=\"none\" stroke=\"currentColor\" stroke-width=\"2\" stroke-linecap=\"round\" stroke-linejoin=\"round\" xmlns=\"http:\/\/www.w3.org\/2000\/svg\"  aria-hidden=\"true\"><path d=\"M3 18v-6a9 9 0 0 1 18 0v6\"\/><path d=\"M21 19a2 2 0 0 1-2 2h-1a2 2 0 0 1-2-2v-3a2 2 0 0 1 2-2h3zM3 19a2 2 0 0 0 2 2h1a2 2 0 0 0 2-2v-3a2 2 0 0 0-2-2H3z\"\/><\/svg><\/span><span class=\"kb-adv-text-inner\"><mark true=\"true\" class=\"kt-highlight\">Telefon<\/mark><br>+48 567 654 456<\/span><\/p>\n\n<style>.wp-block-kadence-advancedheading.kt-adv-heading28_8827cb-9f, .wp-block-kadence-advancedheading.kt-adv-heading28_8827cb-9f[data-kb-block=\"kb-adv-heading28_8827cb-9f\"]{font-style:normal;}.wp-block-kadence-advancedheading.kt-adv-heading28_8827cb-9f[data-kb-block=\"kb-adv-heading28_8827cb-9f\"]{display:flex;gap:0.25em;align-items:center;}.wp-block-kadence-advancedheading.kt-adv-heading28_8827cb-9f[data-kb-block=\"kb-adv-heading28_8827cb-9f\"] .kb-adv-heading-icon svg{width:1em;height:1em;}.wp-block-kadence-advancedheading.kt-adv-heading28_8827cb-9f[data-kb-block=\"kb-adv-heading28_8827cb-9f\"] .kb-adv-heading-icon{font-size:30px;padding-right:var(--global-kb-spacing-xs, 1rem);}.wp-block-kadence-advancedheading.kt-adv-heading28_8827cb-9f mark.kt-highlight, .wp-block-kadence-advancedheading.kt-adv-heading28_8827cb-9f[data-kb-block=\"kb-adv-heading28_8827cb-9f\"] mark.kt-highlight{font-size:var(--global-kb-font-size-md, 1.25rem);font-style:normal;color:var(--global-palette3, #1A202C);-webkit-box-decoration-break:clone;box-decoration-break:clone;padding-top:0px;padding-right:0px;padding-bottom:0px;padding-left:0px;}.wp-block-kadence-advancedheading.kt-adv-heading28_8827cb-9f img.kb-inline-image, .wp-block-kadence-advancedheading.kt-adv-heading28_8827cb-9f[data-kb-block=\"kb-adv-heading28_8827cb-9f\"] img.kb-inline-image{width:150px;vertical-align:baseline;}<\/style><p class=\"kt-adv-heading28_8827cb-9f wp-block-kadence-advancedheading kt-adv-heading-has-icon\" data-kb-block=\"kb-adv-heading28_8827cb-9f\"><span class=\"kb-svg-icon-wrap kb-adv-heading-icon kb-svg-icon-fe_atSign kb-adv-heading-icon-side-left\"><svg viewBox=\"0 0 24 24\"  fill=\"none\" stroke=\"currentColor\" stroke-width=\"2\" stroke-linecap=\"round\" stroke-linejoin=\"round\" xmlns=\"http:\/\/www.w3.org\/2000\/svg\"  aria-hidden=\"true\"><circle cx=\"12\" cy=\"12\" r=\"4\"\/><path d=\"M16 8v5a3 3 0 0 0 6 0v-1a10 10 0 1 0-3.92 7.94\"\/><\/svg><\/span><span class=\"kb-adv-text-inner\"><mark true=\"true\" class=\"kt-highlight\">E-mail<\/mark><br>biuro@lamelin.pl<\/span><\/p>\n\n<style>.wp-block-kadence-advancedheading.kt-adv-heading28_a9726e-47, .wp-block-kadence-advancedheading.kt-adv-heading28_a9726e-47[data-kb-block=\"kb-adv-heading28_a9726e-47\"]{font-style:normal;}.wp-block-kadence-advancedheading.kt-adv-heading28_a9726e-47[data-kb-block=\"kb-adv-heading28_a9726e-47\"]{display:flex;gap:0.25em;align-items:center;}.wp-block-kadence-advancedheading.kt-adv-heading28_a9726e-47[data-kb-block=\"kb-adv-heading28_a9726e-47\"] .kb-adv-heading-icon svg{width:1em;height:1em;}.wp-block-kadence-advancedheading.kt-adv-heading28_a9726e-47[data-kb-block=\"kb-adv-heading28_a9726e-47\"] .kb-adv-heading-icon{font-size:30px;padding-right:var(--global-kb-spacing-xs, 1rem);}.wp-block-kadence-advancedheading.kt-adv-heading28_a9726e-47 mark.kt-highlight, .wp-block-kadence-advancedheading.kt-adv-heading28_a9726e-47[data-kb-block=\"kb-adv-heading28_a9726e-47\"] mark.kt-highlight{font-size:var(--global-kb-font-size-md, 1.25rem);font-style:normal;color:var(--global-palette3, #1A202C);-webkit-box-decoration-break:clone;box-decoration-break:clone;padding-top:0px;padding-right:0px;padding-bottom:0px;padding-left:0px;}.wp-block-kadence-advancedheading.kt-adv-heading28_a9726e-47 img.kb-inline-image, .wp-block-kadence-advancedheading.kt-adv-heading28_a9726e-47[data-kb-block=\"kb-adv-heading28_a9726e-47\"] img.kb-inline-image{width:150px;vertical-align:baseline;}<\/style><p class=\"kt-adv-heading28_a9726e-47 wp-block-kadence-advancedheading kt-adv-heading-has-icon\" data-kb-block=\"kb-adv-heading28_a9726e-47\"><span class=\"kb-svg-icon-wrap kb-adv-heading-icon kb-svg-icon-fe_clock kb-adv-heading-icon-side-left\"><svg viewBox=\"0 0 24 24\"  fill=\"none\" stroke=\"currentColor\" stroke-width=\"2\" stroke-linecap=\"round\" stroke-linejoin=\"round\" xmlns=\"http:\/\/www.w3.org\/2000\/svg\"  aria-hidden=\"true\"><circle cx=\"12\" cy=\"12\" r=\"10\"\/><polyline points=\"12 6 12 12 16 14\"\/><\/svg><\/span><span class=\"kb-adv-text-inner\"><mark true=\"true\" class=\"kt-highlight\">Godziny pracy biura<\/mark><br>Pon. &#8211; Pt.: 8:00-16:00<\/span><\/p><\/div><\/div>\n\n\n<style>.kadence-column28_fba017-0e > .kt-inside-inner-col,.kadence-column28_fba017-0e > .kt-inside-inner-col:before{border-top-left-radius:0px;border-top-right-radius:0px;border-bottom-right-radius:0px;border-bottom-left-radius:0px;}.kadence-column28_fba017-0e > .kt-inside-inner-col{column-gap:var(--global-kb-gap-sm, 1rem);}.kadence-column28_fba017-0e > .kt-inside-inner-col{flex-direction:column;}.kadence-column28_fba017-0e > .kt-inside-inner-col > .aligncenter{width:100%;}.kadence-column28_fba017-0e > .kt-inside-inner-col:before{opacity:0.3;}.kadence-column28_fba017-0e{position:relative;}@media all and (max-width: 1024px){.kadence-column28_fba017-0e > .kt-inside-inner-col{flex-direction:column;justify-content:center;}}@media all and (max-width: 767px){.kadence-column28_fba017-0e > .kt-inside-inner-col{flex-direction:column;justify-content:center;}}<\/style>\n<div class=\"wp-block-kadence-column kadence-column28_fba017-0e\"><div class=\"kt-inside-inner-col\"><style>.wp-block-kadence-advancedheading.kt-adv-heading28_639982-23, .wp-block-kadence-advancedheading.kt-adv-heading28_639982-23[data-kb-block=\"kb-adv-heading28_639982-23\"]{margin-bottom:var(--global-kb-spacing-sm, 1.5rem);font-size:var(--global-kb-font-size-lg, 2rem);font-weight:600;font-style:normal;font-family:-apple-system,BlinkMacSystemFont,\"Segoe UI\",Roboto,Oxygen-Sans,Ubuntu,Cantarell,\"Helvetica Neue\",sans-serif, \"Apple Color Emoji\", \"Segoe UI Emoji\", \"Segoe UI Symbol\";}.wp-block-kadence-advancedheading.kt-adv-heading28_639982-23 mark.kt-highlight, .wp-block-kadence-advancedheading.kt-adv-heading28_639982-23[data-kb-block=\"kb-adv-heading28_639982-23\"] mark.kt-highlight{font-style:normal;color:#f76a0c;-webkit-box-decoration-break:clone;box-decoration-break:clone;padding-top:0px;padding-right:0px;padding-bottom:0px;padding-left:0px;}.wp-block-kadence-advancedheading.kt-adv-heading28_639982-23 img.kb-inline-image, .wp-block-kadence-advancedheading.kt-adv-heading28_639982-23[data-kb-block=\"kb-adv-heading28_639982-23\"] img.kb-inline-image{width:150px;vertical-align:baseline;}<\/style>\n<h2 class=\"kt-adv-heading28_639982-23 wp-block-kadence-advancedheading\" data-kb-block=\"kb-adv-heading28_639982-23\">Formularz kontaktowy<\/h2>\n\n\n<style>.wp-block-kadence-advanced-form624-cpt-id .kb-advanced-form input[type=text],.wp-block-kadence-advanced-form624-cpt-id .kb-advanced-form input[type=tel],.wp-block-kadence-advanced-form624-cpt-id .kb-advanced-form input[type=number],.wp-block-kadence-advanced-form624-cpt-id .kb-advanced-form input[type=date],.wp-block-kadence-advanced-form624-cpt-id .kb-advanced-form input[type=time],.wp-block-kadence-advanced-form624-cpt-id .kb-advanced-form input[type=email],.wp-block-kadence-advanced-form624-cpt-id .kb-advanced-form input[type=file],.wp-block-kadence-advanced-form624-cpt-id .kb-advanced-form select,.wp-block-kadence-advanced-form624-cpt-id .kb-advanced-form textarea{border-top:0px solid transparent;border-right:0px solid transparent;border-bottom:0px solid transparent;border-left:0px solid transparent;border-top-left-radius:30px;border-top-right-radius:30px;border-bottom-right-radius:30px;border-bottom-left-radius:30px;padding-bottom:10px;padding-left:20px;}.wp-block-kadence-advanced-form624-cpt-id{--kb-form-background-color:#f1f0ec;--kb-form-border-width:0px;}.wp-block-kadence-advanced-form624-cpt-id .kb-adv-form-field .kb-adv-form-label{margin-top:10px;margin-right:0px;margin-bottom:0px;margin-left:20px;}@media all and (max-width: 1024px){.wp-block-kadence-advanced-form624-cpt-id .kb-advanced-form input[type=text],.wp-block-kadence-advanced-form624-cpt-id .kb-advanced-form input[type=tel],.wp-block-kadence-advanced-form624-cpt-id .kb-advanced-form input[type=number],.wp-block-kadence-advanced-form624-cpt-id .kb-advanced-form input[type=date],.wp-block-kadence-advanced-form624-cpt-id .kb-advanced-form input[type=time],.wp-block-kadence-advanced-form624-cpt-id .kb-advanced-form input[type=email],.wp-block-kadence-advanced-form624-cpt-id .kb-advanced-form input[type=file],.wp-block-kadence-advanced-form624-cpt-id .kb-advanced-form select,.wp-block-kadence-advanced-form624-cpt-id .kb-advanced-form textarea{border-top:0px solid transparent;border-right:0px solid transparent;border-bottom:0px solid transparent;border-left:0px solid transparent;}}@media all and (max-width: 767px){.wp-block-kadence-advanced-form624-cpt-id .kb-advanced-form input[type=text],.wp-block-kadence-advanced-form624-cpt-id .kb-advanced-form input[type=tel],.wp-block-kadence-advanced-form624-cpt-id .kb-advanced-form input[type=number],.wp-block-kadence-advanced-form624-cpt-id .kb-advanced-form input[type=date],.wp-block-kadence-advanced-form624-cpt-id .kb-advanced-form input[type=time],.wp-block-kadence-advanced-form624-cpt-id .kb-advanced-form input[type=email],.wp-block-kadence-advanced-form624-cpt-id .kb-advanced-form input[type=file],.wp-block-kadence-advanced-form624-cpt-id .kb-advanced-form select,.wp-block-kadence-advanced-form624-cpt-id .kb-advanced-form textarea{border-top:0px solid transparent;border-right:0px solid transparent;border-bottom:0px solid transparent;border-left:0px solid transparent;}}<\/style><div class=\"wp-block-kadence-advanced-form wp-block-kadence-advanced-form624-cpt-id kb-adv-form-label-style-infield kb-adv-form-input-size-standard kb-form-basic-style wp-block-kadence-advanced-form\"><form id=\"kb-adv-form-624-cpt-id\" class=\"kb-advanced-form\" method=\"post\">\n<style>.kb-row-layout-id28_827e14-05 > .kt-row-column-wrap{align-content:start;}:where(.kb-row-layout-id28_827e14-05 > .kt-row-column-wrap) > .wp-block-kadence-column{justify-content:start;}.kb-row-layout-id28_827e14-05 > .kt-row-column-wrap{column-gap:var(--global-kb-gap-md, 2rem);row-gap:var(--global-kb-gap-md, 2rem);padding-top:0px;padding-right:0px;padding-bottom:0px;padding-left:0px;grid-template-columns:repeat(2, minmax(0, 1fr));}.kb-row-layout-id28_827e14-05 > .kt-row-layout-overlay{opacity:0.30;}@media all and (max-width: 1024px){.kb-row-layout-id28_827e14-05 > .kt-row-column-wrap{grid-template-columns:repeat(2, minmax(0, 1fr));}}@media all and (max-width: 767px){.kb-row-layout-id28_827e14-05 > .kt-row-column-wrap{grid-template-columns:minmax(0, 1fr);}}<\/style><div class=\"kb-row-layout-wrap kb-row-layout-id28_827e14-05 alignnone wp-block-kadence-rowlayout\"><div class=\"kt-row-column-wrap kt-has-2-columns kt-row-layout-equal kt-tab-layout-inherit kt-mobile-layout-row kt-row-valign-top\">\n<style>.kadence-column28_26e74e-98 > .kt-inside-inner-col,.kadence-column28_26e74e-98 > .kt-inside-inner-col:before{border-top-left-radius:0px;border-top-right-radius:0px;border-bottom-right-radius:0px;border-bottom-left-radius:0px;}.kadence-column28_26e74e-98 > .kt-inside-inner-col{column-gap:var(--global-kb-gap-sm, 1rem);}.kadence-column28_26e74e-98 > .kt-inside-inner-col{flex-direction:column;}.kadence-column28_26e74e-98 > .kt-inside-inner-col > .aligncenter{width:100%;}.kadence-column28_26e74e-98 > .kt-inside-inner-col:before{opacity:0.3;}.kadence-column28_26e74e-98{position:relative;}@media all and (max-width: 1024px){.kadence-column28_26e74e-98 > .kt-inside-inner-col{flex-direction:column;justify-content:center;}}@media all and (max-width: 767px){.kadence-column28_26e74e-98 > .kt-inside-inner-col{flex-direction:column;justify-content:center;}}<\/style>\n<div class=\"wp-block-kadence-column kadence-column28_26e74e-98\"><div class=\"kt-inside-inner-col\"><div class=\"kb-adv-form-field kb-adv-form-text-type-input kb-adv-form-infield-type-input kb-field6247fc16f-89 wp-block-kadence-advanced-form-text\"><label class=\"kb-adv-form-label\" for=\"field6247fc16f-89\">Name<\/label><input name=\"field7fc16f-89\" id=\"field6247fc16f-89\" data-label=\"Name\" type=\"text\" placeholder=\"\" value=\"\" data-type=\"text\" class=\"kb-field kb-text-field\" data-required=\"no\" \/><\/div><\/div><\/div>\n\n\n<style>.kadence-column28_c64148-ff > .kt-inside-inner-col,.kadence-column28_c64148-ff > .kt-inside-inner-col:before{border-top-left-radius:0px;border-top-right-radius:0px;border-bottom-right-radius:0px;border-bottom-left-radius:0px;}.kadence-column28_c64148-ff > .kt-inside-inner-col{column-gap:var(--global-kb-gap-sm, 1rem);}.kadence-column28_c64148-ff > .kt-inside-inner-col{flex-direction:column;}.kadence-column28_c64148-ff > .kt-inside-inner-col > .aligncenter{width:100%;}.kadence-column28_c64148-ff > .kt-inside-inner-col:before{opacity:0.3;}.kadence-column28_c64148-ff{position:relative;}@media all and (max-width: 1024px){.kadence-column28_c64148-ff > .kt-inside-inner-col{flex-direction:column;justify-content:center;}}@media all and (max-width: 767px){.kadence-column28_c64148-ff > .kt-inside-inner-col{flex-direction:column;justify-content:center;}}<\/style>\n<div class=\"wp-block-kadence-column kadence-column28_c64148-ff\"><div class=\"kt-inside-inner-col\"><div class=\"kb-adv-form-field kb-adv-form-text-type-input kb-adv-form-infield-type-input kb-field624b334d6-de wp-block-kadence-advanced-form-email\"><label class=\"kb-adv-form-label\" for=\"field624b334d6-de\">Email<span class=\"kb-adv-form-required\">*<\/span><\/label><input name=\"fieldb334d6-de\" id=\"field624b334d6-de\" data-label=\"Email\" type=\"email\" placeholder=\"\" value=\"\" data-type=\"email\" class=\"kb-field kb-email-field\" data-required=\"yes\" required aria-required=\"true\"\/><\/div><\/div><\/div>\n\n<\/div><\/div>\n\n<div class=\"kb-adv-form-field kb-adv-form-text-type-input kb-adv-form-infield-type-input kb-field624eeb640-ea wp-block-kadence-advanced-form-telephone\"><label class=\"kb-adv-form-label\" for=\"field624eeb640-ea\">Telefon<\/label><input name=\"fieldeeb640-ea\" id=\"field624eeb640-ea\" data-label=\"Telefon\" type=\"tel\" placeholder=\"\" value=\"\" data-type=\"tel\" class=\"kb-field kb-tel-field\" data-required=\"no\" \/><\/div>\n\n<div class=\"kb-adv-form-field kb-adv-form-text-type-input kb-adv-form-infield-type-input kb-field624bc97f6-6e wp-block-kadence-advanced-form-textarea\"><label class=\"kb-adv-form-label\" for=\"field624bc97f6-6e\">Message<span class=\"kb-adv-form-required\">*<\/span><\/label><textarea name=\"fieldbc97f6-6e\" id=\"field624bc97f6-6e\" rows=\"3\"  data-label=\"Message\" placeholder=\"\" data-type=\"textarea\" class=\"kb-field kb-textarea-field\" data-required=\"yes\" required aria-required=\"true\"><\/textarea><\/div>\n\n<style>ul.menu .kb-submit-field .kb-btndc43fd-05.kb-button{width:initial;}.kb-submit-field.kb-fielddc43fd-05{justify-content:flex-start;}<\/style><div class=\"kb-adv-form-field kb-submit-field kb-fielddc43fd-05 wp-block-kadence-advanced-form-submit\"><button class=\"kb-button kt-button button kb-adv-form-submit-button kb-btndc43fd-05 kt-btn-size-standard kt-btn-width-type-auto kb-btn-global-inherit kt-btn-has-text-true kt-btn-has-svg-false wp-block-button__link\" type=\"submit\"><span class=\"kt-btn-inner-text\">Wy\u015blij wiadomo\u015b\u0107<\/span><\/button><\/div>\n<input type=\"hidden\" name=\"_kb_adv_form_post_id\" value=\"624\"><input type=\"hidden\" name=\"action\" value=\"kb_process_advanced_form_submit\"><input type=\"hidden\" name=\"_kb_adv_form_id\" value=\"624-cpt-id\"><\/form><\/div><\/div><\/div>\n\n<\/div><\/div>","protected":false},"excerpt":{"rendered":"<p>Informacje Jak si\u0119 skontaktowa\u0107? Zadzwo\u0144 na infolini\u0119 od poniedzia\u0142ku do pi\u0105tki w godz. 8:00-16:00. Adresul. Polska 12, 01-234 Warszawa Telefon+48 567 654 456 E-mailbiuro@lamelin.pl Godziny pracy biuraPon. &#8211; Pt.: 8:00-16:00 Formularz kontaktowy<\/p>\n","protected":false},"author":1,"featured_media":0,"parent":0,"menu_order":0,"comment_status":"closed","ping_status":"closed","template":"","meta":{"_kad_blocks_custom_css":"","_kad_blocks_head_custom_js":"","_kad_blocks_body_custom_js":"","_kad_blocks_footer_custom_js":"","_kad_post_transparent":"","_kad_post_title":"","_kad_post_layout":"","_kad_post_sidebar_id":"","_kad_post_content_style":"","_kad_post_vertical_padding":"","_kad_post_feature":"","_kad_post_feature_position":"","_kad_post_header":false,"_kad_post_footer":false,"_kad_post_classname":"","footnotes":""},"class_list":["post-28","page","type-page","status-publish","hentry"],"taxonomy_info":[],"featured_image_src_large":false,"author_info":{"display_name":"ivtd2xdtchm3r90x","author_link":"https:\/\/lamelin2.infit.com.pl\/?author=1"},"comment_info":0,"_links":{"self":[{"href":"https:\/\/lamelin2.infit.com.pl\/index.php?rest_route=\/wp\/v2\/pages\/28","targetHints":{"allow":["GET"]}}],"collection":[{"href":"https:\/\/lamelin2.infit.com.pl\/index.php?rest_route=\/wp\/v2\/pages"}],"about":[{"href":"https:\/\/lamelin2.infit.com.pl\/index.php?rest_route=\/wp\/v2\/types\/page"}],"author":[{"embeddable":true,"href":"https:\/\/lamelin2.infit.com.pl\/index.php?rest_route=\/wp\/v2\/users\/1"}],"replies":[{"embeddable":true,"href":"https:\/\/lamelin2.infit.com.pl\/index.php?rest_route=%2Fwp%2Fv2%2Fcomments&post=28"}],"version-history":[{"count":0,"href":"https:\/\/lamelin2.infit.com.pl\/index.php?rest_route=\/wp\/v2\/pages\/28\/revisions"}],"wp:attachment":[{"href":"https:\/\/lamelin2.infit.com.pl\/index.php?rest_route=%2Fwp%2Fv2%2Fmedia&parent=28"}],"curies":[{"name":"wp","href":"https:\/\/api.w.org\/{rel}","templated":true}]}}